{"id":4146,"date":"2020-10-07T16:31:03","date_gmt":"2020-10-07T21:31:03","guid":{"rendered":"https:\/\/marianistestg.org\/?page_id=4146"},"modified":"2020-10-07T16:57:05","modified_gmt":"2020-10-07T21:57:05","slug":"communaute-territoriale-de-suisse","status":"publish","type":"page","link":"https:\/\/marianistestg.org\/?page_id=4146","title":{"rendered":"Communaut\u00e9 Territoriale de Suisse"},"content":{"rendered":"\t\t<div data-elementor-type=\"wp-page\" data-elementor-id=\"4146\" class=\"elementor elementor-4146\">\n\t\t\t\t\t\t\t\t\t<section class=\"elementor-section elementor-top-section elementor-element elementor-element-254a9b9 elementor-section-boxed elementor-section-height-default elementor-section-height-default\" data-id=\"254a9b9\" data-element_type=\"section\">\n\t\t\t\t\t\t<div class=\"elementor-container elementor-column-gap-default\">\n\t\t\t\t\t<div class=\"elementor-column elementor-col-100 elementor-top-column elementor-element elementor-element-4dc3f51\" data-id=\"4dc3f51\" data-element_type=\"column\">\n\t\t\t<div class=\"elementor-widget-wrap elementor-element-populated\">\n\t\t\t\t\t\t\t\t<div class=\"elementor-element elementor-element-3f5a083 elementor-widget elementor-widget-image\" data-id=\"3f5a083\" data-element_type=\"widget\" data-widget_type=\"image.default\">\n\t\t\t\t<div class=\"elementor-widget-container\">\n\t\t\t\t\t\t\t\t\t\t\t\t\t\t\t\t<a href=\"http:\/\/www.marianistes.ch\" target=\"_blank\">\n\t\t\t\t\t\t\t<img width=\"355\" height=\"142\" src=\"https:\/\/marianistestg.org\/wp-content\/uploads\/2020\/10\/suiss.png\" class=\"attachment-large size-large wp-image-4148\" alt=\"\" loading=\"lazy\" srcset=\"https:\/\/marianistestg.org\/wp-content\/uploads\/2020\/10\/suiss.png 355w, https:\/\/marianistestg.org\/wp-content\/uploads\/2020\/10\/suiss-300x120.png 300w\" sizes=\"(max-width: 355px) 100vw, 355px\" \/>\t\t\t\t\t\t\t\t<\/a>\n\t\t\t\t\t\t\t\t\t\t\t\t\t\t\t<\/div>\n\t\t\t\t<\/div>\n\t\t\t\t\t<\/div>\n\t\t<\/div>\n\t\t\t\t\t\t\t<\/div>\n\t\t<\/section>\n\t\t\t\t<section class=\"elementor-section elementor-top-section elementor-element elementor-element-42c27d1 elementor-section-boxed elementor-section-height-default elementor-section-height-default\" data-id=\"42c27d1\" data-element_type=\"section\">\n\t\t\t\t\t\t<div class=\"elementor-container elementor-column-gap-default\">\n\t\t\t\t\t<div class=\"elementor-column elementor-col-100 elementor-top-column elementor-element elementor-element-26f675a\" data-id=\"26f675a\" data-element_type=\"column\">\n\t\t\t<div class=\"elementor-widget-wrap elementor-element-populated\">\n\t\t\t\t\t\t\t\t<div class=\"elementor-element elementor-element-571fdf7 elementor-widget elementor-widget-text-editor\" data-id=\"571fdf7\" data-element_type=\"widget\" data-widget_type=\"text-editor.default\">\n\t\t\t\t<div class=\"elementor-widget-container\">\n\t\t\t\t\t\t\t<p>La Communaut\u00e9 Territoriale de Suisse est la fondatrice de la vie marianiste au Togo. Elle a contribu\u00e9 au d\u00e9veloppement des \u0153uvres et missions marianistes \u00e0 Kara, Sotouboua, Natitingou et Lom\u00e9.<\/p>\t\t\t\t\t\t<\/div>\n\t\t\t\t<\/div>\n\t\t\t\t\t<\/div>\n\t\t<\/div>\n\t\t\t\t\t\t\t<\/div>\n\t\t<\/section>\n\t\t\t\t<section class=\"elementor-section elementor-top-section elementor-element elementor-element-0ab0717 elementor-section-boxed elementor-section-height-default elementor-section-height-default\" data-id=\"0ab0717\" data-element_type=\"section\">\n\t\t\t\t\t\t<div class=\"elementor-container elementor-column-gap-default\">\n\t\t\t\t\t<div class=\"elementor-column elementor-col-100 elementor-top-column elementor-element elementor-element-906b894\" data-id=\"906b894\" data-element_type=\"column\">\n\t\t\t<div class=\"elementor-widget-wrap elementor-element-populated\">\n\t\t\t\t\t\t\t\t<div class=\"elementor-element elementor-element-cd412e9 elementor-widget elementor-widget-text-editor\" data-id=\"cd412e9\" data-element_type=\"widget\" data-widget_type=\"text-editor.default\">\n\t\t\t\t<div class=\"elementor-widget-container\">\n\t\t\t\t\t\t\t<p><a href=\"http:\/\/www.marianistes.ch\" target=\"_blank\" rel=\"noopener\">www.marianistes.ch<\/a><\/p>\t\t\t\t\t\t<\/div>\n\t\t\t\t<\/div>\n\t\t\t\t\t<\/div>\n\t\t<\/div>\n\t\t\t\t\t\t\t<\/div>\n\t\t<\/section>\n\t\t\t\t\t\t\t<\/div>\n\t\t","protected":false},"excerpt":{"rendered":"<div class=\"mh-excerpt\"><p>La Communaut\u00e9 Territoriale de Suisse est la fondatrice de la vie marianiste au Togo. Elle a contribu\u00e9 au d\u00e9veloppement des \u0153uvres et missions marianistes \u00e0 <a class=\"mh-excerpt-more\" href=\"https:\/\/marianistestg.org\/?page_id=4146\" title=\"Communaut\u00e9 Territoriale de Suisse\">[&#8230;]<\/a><\/p>\n<\/div>","protected":false},"author":1,"featured_media":0,"parent":0,"menu_order":0,"comment_status":"closed","ping_status":"closed","template":"","meta":[],"categories":[],"tags":[],"_links":{"self":[{"href":"https:\/\/marianistestg.org\/index.php?rest_route=\/wp\/v2\/pages\/4146"}],"collection":[{"href":"https:\/\/marianistestg.org\/index.php?rest_route=\/wp\/v2\/pages"}],"about":[{"href":"https:\/\/marianistestg.org\/index.php?rest_route=\/wp\/v2\/types\/page"}],"author":[{"embeddable":true,"href":"https:\/\/marianistestg.org\/index.php?rest_route=\/wp\/v2\/users\/1"}],"replies":[{"embeddable":true,"href":"https:\/\/marianistestg.org\/index.php?rest_route=%2Fwp%2Fv2%2Fcomments&post=4146"}],"version-history":[{"count":5,"href":"https:\/\/marianistestg.org\/index.php?rest_route=\/wp\/v2\/pages\/4146\/revisions"}],"predecessor-version":[{"id":4168,"href":"https:\/\/marianistestg.org\/index.php?rest_route=\/wp\/v2\/pages\/4146\/revisions\/4168"}],"wp:attachment":[{"href":"https:\/\/marianistestg.org\/index.php?rest_route=%2Fwp%2Fv2%2Fmedia&parent=4146"}],"wp:term":[{"taxonomy":"category","embeddable":true,"href":"https:\/\/marianistestg.org\/index.php?rest_route=%2Fwp%2Fv2%2Fcategories&post=4146"},{"taxonomy":"post_tag","embeddable":true,"href":"https:\/\/marianistestg.org\/index.php?rest_route=%2Fwp%2Fv2%2Ftags&post=4146"}],"curies":[{"name":"wp","href":"https:\/\/api.w.org\/{rel}","templated":true}]}}