{"id":3368,"date":"2018-12-31T19:48:20","date_gmt":"2018-12-31T19:48:20","guid":{"rendered":"http:\/\/marianistestg.org\/?page_id=3368"},"modified":"2020-06-13T23:53:00","modified_gmt":"2020-06-14T04:53:00","slug":"retrospective-region-togo-2","status":"publish","type":"page","link":"https:\/\/marianistestg.org\/?page_id=3368&lang=en","title":{"rendered":"Retrospective Region Togo"},"content":{"rendered":"\t\t<div data-elementor-type=\"wp-post\" data-elementor-id=\"3368\" class=\"elementor elementor-3368\">\n\t\t\t\t\t\t\t\t\t<section class=\"elementor-section elementor-top-section elementor-element elementor-element-a31a034 elementor-section-boxed elementor-section-height-default elementor-section-height-default\" data-id=\"a31a034\" data-element_type=\"section\">\n\t\t\t\t\t\t<div class=\"elementor-container elementor-column-gap-default\">\n\t\t\t\t\t<div class=\"elementor-column elementor-col-100 elementor-top-column elementor-element elementor-element-4b8bece\" data-id=\"4b8bece\" data-element_type=\"column\">\n\t\t\t<div class=\"elementor-widget-wrap elementor-element-populated\">\n\t\t\t\t\t\t\t\t<div class=\"elementor-element elementor-element-085ea56 elementor-widget elementor-widget-text-editor\" data-id=\"085ea56\" data-element_type=\"widget\" data-widget_type=\"text-editor.default\">\n\t\t\t\t<div class=\"elementor-widget-container\">\n\t\t\t\t\t\t\t<p>The Marianist garden that we contemplate today in Togo comes from a seed, born in the hearts of the Swiss Marianists, in particular that of the three pioneers Auguste Augustin, St\u00e9phane Ho\u00efn and Pierre Cattin, on the initiative of Father Robert Mattl\u00e9. They embarked, after their farewell from the cathedral of Sion in September 1958, to an adventure and mission whose primacy they could not imagine today.<\/p><p><img loading=\"lazy\" class=\"size-medium wp-image-2317 aligncenter\" src=\"https:\/\/marianistestg.org\/wp-content\/uploads\/2019\/02\/fond-e1550004657707-300x292.png\" alt=\"\" width=\"300\" height=\"292\" srcset=\"https:\/\/marianistestg.org\/wp-content\/uploads\/2019\/02\/fond-e1550004657707-300x292.png 300w, https:\/\/marianistestg.org\/wp-content\/uploads\/2019\/02\/fond-e1550004657707.png 632w\" sizes=\"(max-width: 300px) 100vw, 300px\" \/><\/p><p id=\"tw-target-text\" class=\"tw-data-text tw-text-large XcVN5d tw-ta\" dir=\"ltr\" data-placeholder=\"Translation\"><span lang=\"en\">They went to a foreign country and arrived on a land, our land, which became their new family. They were welcomed by the bishops, the clergy and the local population.<\/span><\/p><p class=\"tw-data-text tw-text-large XcVN5d tw-ta\" dir=\"ltr\" data-placeholder=\"Translation\"><span lang=\"en\">Confident of the Lord&#8217;s call to them, they worked with all their essence to implant the Marianist charism in Togo. The first mission started in Lama-Kara, with what will become today Chaminade High School in Kara and the Bx Chaminade community. <\/span><\/p><p class=\"tw-data-text tw-text-large XcVN5d tw-ta\" dir=\"ltr\" data-placeholder=\"Translation\"><span lang=\"en\">With the rooting of the Marianist spirit in Togo and the increase in the number of religious member, new missions and communities were born, each responding to the inspiration of the Spirit to serve and love our fellow people. St Joseph community of Sotouboua was inaugurated in 1995 with an agricultural farm project to provide assistance to local populations. Jakob Gapp community will follow in 2006 in Lom\u00e9 as a formation house. Finally, the youngest among the communities of the Region is Sabino Ayastuy, in Natitingou (Benin), which opened its doors in 2007, with the aim of reinforcing local education. Again, the Spirit carried us to a new country.<\/span><\/p>\t\t\t\t\t\t<\/div>\n\t\t\t\t<\/div>\n\t\t\t\t\t<\/div>\n\t\t<\/div>\n\t\t\t\t\t\t\t<\/div>\n\t\t<\/section>\n\t\t\t\t<section class=\"elementor-section elementor-top-section elementor-element elementor-element-e2f55a1 elementor-section-boxed elementor-section-height-default elementor-section-height-default\" data-id=\"e2f55a1\" data-element_type=\"section\">\n\t\t\t\t\t\t<div class=\"elementor-container elementor-column-gap-default\">\n\t\t\t\t\t<div class=\"elementor-column elementor-col-100 elementor-top-column elementor-element elementor-element-0567791\" data-id=\"0567791\" data-element_type=\"column\">\n\t\t\t<div class=\"elementor-widget-wrap elementor-element-populated\">\n\t\t\t\t\t\t\t\t<div class=\"elementor-element elementor-element-0de903e elementor-widget elementor-widget-heading\" data-id=\"0de903e\" data-element_type=\"widget\" data-widget_type=\"heading.default\">\n\t\t\t\t<div class=\"elementor-widget-container\">\n\t\t\t<h2 class=\"elementor-heading-title elementor-size-default\">The pioneers<\/h2>\t\t<\/div>\n\t\t\t\t<\/div>\n\t\t\t\t\t<\/div>\n\t\t<\/div>\n\t\t\t\t\t\t\t<\/div>\n\t\t<\/section>\n\t\t\t\t<section class=\"elementor-section elementor-top-section elementor-element elementor-element-9e76d12 elementor-section-boxed elementor-section-height-default elementor-section-height-default\" data-id=\"9e76d12\" data-element_type=\"section\">\n\t\t\t\t\t\t<div class=\"elementor-container elementor-column-gap-default\">\n\t\t\t\t\t<div class=\"elementor-column elementor-col-100 elementor-top-column elementor-element elementor-element-236cd24\" data-id=\"236cd24\" data-element_type=\"column\">\n\t\t\t<div class=\"elementor-widget-wrap elementor-element-populated\">\n\t\t\t\t\t\t\t\t<section class=\"elementor-section elementor-inner-section elementor-element elementor-element-1fde855 elementor-section-boxed elementor-section-height-default elementor-section-height-default\" data-id=\"1fde855\" data-element_type=\"section\">\n\t\t\t\t\t\t<div class=\"elementor-container elementor-column-gap-default\">\n\t\t\t\t\t<div class=\"elementor-column elementor-col-50 elementor-inner-column elementor-element elementor-element-9a350db\" data-id=\"9a350db\" data-element_type=\"column\">\n\t\t\t<div class=\"elementor-widget-wrap elementor-element-populated\">\n\t\t\t\t\t\t\t\t<div class=\"elementor-element elementor-element-4bbfcd7 elementor-widget elementor-widget-image\" data-id=\"4bbfcd7\" data-element_type=\"widget\" data-widget_type=\"image.default\">\n\t\t\t\t<div class=\"elementor-widget-container\">\n\t\t\t\t\t\t\t\t\t\t\t\t<figure class=\"wp-caption\">\n\t\t\t\t\t\t\t\t\t\t<img width=\"195\" height=\"300\" src=\"https:\/\/marianistestg.org\/wp-content\/uploads\/2019\/01\/auguste.jpg\" class=\"attachment-large size-large wp-image-1663\" alt=\"\" loading=\"lazy\" \/>\t\t\t\t\t\t\t\t\t\t\t<figcaption class=\"widget-image-caption wp-caption-text\">Auguste Augustin (Missionary)<\/figcaption>\n\t\t\t\t\t\t\t\t\t\t<\/figure>\n\t\t\t\t\t\t\t\t\t<\/div>\n\t\t\t\t<\/div>\n\t\t\t\t\t<\/div>\n\t\t<\/div>\n\t\t\t\t<div class=\"elementor-column elementor-col-50 elementor-inner-column elementor-element elementor-element-9415fbb\" data-id=\"9415fbb\" data-element_type=\"column\">\n\t\t\t<div class=\"elementor-widget-wrap elementor-element-populated\">\n\t\t\t\t\t\t\t\t<div class=\"elementor-element elementor-element-89f3e6b elementor-widget elementor-widget-image\" data-id=\"89f3e6b\" data-element_type=\"widget\" data-widget_type=\"image.default\">\n\t\t\t\t<div class=\"elementor-widget-container\">\n\t\t\t\t\t\t\t\t\t\t\t\t<figure class=\"wp-caption\">\n\t\t\t\t\t\t\t\t\t\t<img width=\"206\" height=\"300\" src=\"https:\/\/marianistestg.org\/wp-content\/uploads\/2019\/01\/pierre-cattin-2-206x300-206x300.jpg\" class=\"attachment-medium size-medium wp-image-1664\" alt=\"\" loading=\"lazy\" \/>\t\t\t\t\t\t\t\t\t\t\t<figcaption class=\"widget-image-caption wp-caption-text\">Pierre Cattin (Missionary)<\/figcaption>\n\t\t\t\t\t\t\t\t\t\t<\/figure>\n\t\t\t\t\t\t\t\t\t<\/div>\n\t\t\t\t<\/div>\n\t\t\t\t\t<\/div>\n\t\t<\/div>\n\t\t\t\t\t\t\t<\/div>\n\t\t<\/section>\n\t\t\t\t\t<\/div>\n\t\t<\/div>\n\t\t\t\t\t\t\t<\/div>\n\t\t<\/section>\n\t\t\t\t<section class=\"elementor-section elementor-top-section elementor-element elementor-element-656a378 elementor-section-boxed elementor-section-height-default elementor-section-height-default\" data-id=\"656a378\" data-element_type=\"section\">\n\t\t\t\t\t\t<div class=\"elementor-container elementor-column-gap-default\">\n\t\t\t\t\t<div class=\"elementor-column elementor-col-100 elementor-top-column elementor-element elementor-element-51b9182\" data-id=\"51b9182\" data-element_type=\"column\">\n\t\t\t<div class=\"elementor-widget-wrap elementor-element-populated\">\n\t\t\t\t\t\t\t\t<section class=\"elementor-section elementor-inner-section elementor-element elementor-element-2923ac5 elementor-section-boxed elementor-section-height-default elementor-section-height-default\" data-id=\"2923ac5\" data-element_type=\"section\">\n\t\t\t\t\t\t<div class=\"elementor-container elementor-column-gap-default\">\n\t\t\t\t\t<div class=\"elementor-column elementor-col-50 elementor-inner-column elementor-element elementor-element-5adedc7\" data-id=\"5adedc7\" data-element_type=\"column\">\n\t\t\t<div class=\"elementor-widget-wrap elementor-element-populated\">\n\t\t\t\t\t\t\t\t<div class=\"elementor-element elementor-element-75b4308 elementor-widget elementor-widget-image\" data-id=\"75b4308\" data-element_type=\"widget\" data-widget_type=\"image.default\">\n\t\t\t\t<div class=\"elementor-widget-container\">\n\t\t\t\t\t\t\t\t\t\t\t\t<figure class=\"wp-caption\">\n\t\t\t\t\t\t\t\t\t\t<img width=\"280\" height=\"243\" src=\"https:\/\/marianistestg.org\/wp-content\/uploads\/2019\/01\/st\u00e9phane.png\" class=\"attachment-large size-large wp-image-1661\" alt=\"\" loading=\"lazy\" \/>\t\t\t\t\t\t\t\t\t\t\t<figcaption class=\"widget-image-caption wp-caption-text\">St\u00e9phane Ho\u00efn (Missionary)<\/figcaption>\n\t\t\t\t\t\t\t\t\t\t<\/figure>\n\t\t\t\t\t\t\t\t\t<\/div>\n\t\t\t\t<\/div>\n\t\t\t\t\t<\/div>\n\t\t<\/div>\n\t\t\t\t<div class=\"elementor-column elementor-col-50 elementor-inner-column elementor-element elementor-element-ddfbd71\" data-id=\"ddfbd71\" data-element_type=\"column\">\n\t\t\t<div class=\"elementor-widget-wrap elementor-element-populated\">\n\t\t\t\t\t\t\t\t<div class=\"elementor-element elementor-element-afb4ef1 elementor-widget elementor-widget-image\" data-id=\"afb4ef1\" data-element_type=\"widget\" data-widget_type=\"image.default\">\n\t\t\t\t<div class=\"elementor-widget-container\">\n\t\t\t\t\t\t\t\t\t\t\t\t<figure class=\"wp-caption\">\n\t\t\t\t\t\t\t\t\t\t<img width=\"276\" height=\"274\" src=\"https:\/\/marianistestg.org\/wp-content\/uploads\/2019\/02\/rene.jpg\" class=\"attachment-large size-large wp-image-2184\" alt=\"\" loading=\"lazy\" srcset=\"https:\/\/marianistestg.org\/wp-content\/uploads\/2019\/02\/rene.jpg 276w, https:\/\/marianistestg.org\/wp-content\/uploads\/2019\/02\/rene-150x150.jpg 150w\" sizes=\"(max-width: 276px) 100vw, 276px\" \/>\t\t\t\t\t\t\t\t\t\t\t<figcaption class=\"widget-image-caption wp-caption-text\">Robert Mattl\u00e9 (Instigator)<\/figcaption>\n\t\t\t\t\t\t\t\t\t\t<\/figure>\n\t\t\t\t\t\t\t\t\t<\/div>\n\t\t\t\t<\/div>\n\t\t\t\t\t<\/div>\n\t\t<\/div>\n\t\t\t\t\t\t\t<\/div>\n\t\t<\/section>\n\t\t\t\t\t<\/div>\n\t\t<\/div>\n\t\t\t\t\t\t\t<\/div>\n\t\t<\/section>\n\t\t\t\t\t\t\t<\/div>\n\t\t","protected":false},"excerpt":{"rendered":"<div class=\"mh-excerpt\"><p>The Marianist garden that we contemplate today in Togo comes from a seed, born in the hearts of the Swiss Marianists, in particular that of <a class=\"mh-excerpt-more\" href=\"https:\/\/marianistestg.org\/?page_id=3368&#038;lang=en\" title=\"Retrospective Region Togo\">[&#8230;]<\/a><\/p>\n<\/div>","protected":false},"author":1,"featured_media":0,"parent":0,"menu_order":0,"comment_status":"closed","ping_status":"closed","template":"","meta":[],"categories":[125,159],"tags":[],"_links":{"self":[{"href":"https:\/\/marianistestg.org\/index.php?rest_route=\/wp\/v2\/pages\/3368"}],"collection":[{"href":"https:\/\/marianistestg.org\/index.php?rest_route=\/wp\/v2\/pages"}],"about":[{"href":"https:\/\/marianistestg.org\/index.php?rest_route=\/wp\/v2\/types\/page"}],"author":[{"embeddable":true,"href":"https:\/\/marianistestg.org\/index.php?rest_route=\/wp\/v2\/users\/1"}],"replies":[{"embeddable":true,"href":"https:\/\/marianistestg.org\/index.php?rest_route=%2Fwp%2Fv2%2Fcomments&post=3368"}],"version-history":[{"count":3,"href":"https:\/\/marianistestg.org\/index.php?rest_route=\/wp\/v2\/pages\/3368\/revisions"}],"predecessor-version":[{"id":3683,"href":"https:\/\/marianistestg.org\/index.php?rest_route=\/wp\/v2\/pages\/3368\/revisions\/3683"}],"wp:attachment":[{"href":"https:\/\/marianistestg.org\/index.php?rest_route=%2Fwp%2Fv2%2Fmedia&parent=3368"}],"wp:term":[{"taxonomy":"category","embeddable":true,"href":"https:\/\/marianistestg.org\/index.php?rest_route=%2Fwp%2Fv2%2Fcategories&post=3368"},{"taxonomy":"post_tag","embeddable":true,"href":"https:\/\/marianistestg.org\/index.php?rest_route=%2Fwp%2Fv2%2Ftags&post=3368"}],"curies":[{"name":"wp","href":"https:\/\/api.w.org\/{rel}","templated":true}]}}