{"id":3330,"date":"2019-01-02T13:19:45","date_gmt":"2019-01-02T13:19:45","guid":{"rendered":"http:\/\/marianistestg.org\/?page_id=3330"},"modified":"2020-06-13T14:44:13","modified_gmt":"2020-06-13T19:44:13","slug":"hes-so-wallis-switzerland","status":"publish","type":"page","link":"https:\/\/marianistestg.org\/?page_id=3330&lang=en","title":{"rendered":"HES-SO Wallis (Switzerland)"},"content":{"rendered":"\t\t<div data-elementor-type=\"wp-post\" data-elementor-id=\"3330\" class=\"elementor elementor-3330\">\n\t\t\t\t\t\t\t\t\t<section class=\"elementor-section elementor-top-section elementor-element elementor-element-281c4a76 elementor-section-boxed elementor-section-height-default elementor-section-height-default\" data-id=\"281c4a76\" data-element_type=\"section\">\n\t\t\t\t\t\t<div class=\"elementor-container elementor-column-gap-default\">\n\t\t\t\t\t<div class=\"elementor-column elementor-col-100 elementor-top-column elementor-element elementor-element-749d44da\" data-id=\"749d44da\" data-element_type=\"column\">\n\t\t\t<div class=\"elementor-widget-wrap elementor-element-populated\">\n\t\t\t\t\t\t\t\t<div class=\"elementor-element elementor-element-20c8b1 elementor-widget elementor-widget-text-editor\" data-id=\"20c8b1\" data-element_type=\"widget\" data-widget_type=\"text-editor.default\">\n\t\t\t\t<div class=\"elementor-widget-container\">\n\t\t\t\t\t\t\t<p><!-- wp:paragraph {\"dropCap\":true} --><\/p><p class=\"has-drop-cap\"><strong>HES-SO Valais-Wallis<\/strong> (Haute \u00c9cole de Suisse occidentale, anciennement HEVs) is a higher instituation in Switzerland belonging to the Haute \u00c9cole sp\u00e9cialis\u00e9e de Suisse Occidentale.<\/p><p><!-- \/wp:paragraph --><!-- wp:paragraph {\"dropCap\":true} --><\/p><p class=\"has-drop-cap\">She is located in Sion for engineering, in Sierre for\u00a0 management, tourism and social work, in Sion and Vi\u00e8ge for\u00a0 nursing, and in Lo\u00e8che-les-Bains for physiotherapy.)<\/p><p class=\"has-drop-cap\">With the collaboration of HES-SO Valais Wallis, two sets of solar panels were installed in 2014 at Chaminade High School in Kara and Technincal High School of Sotouboua.<\/p><p class=\"has-drop-cap\"><img loading=\"lazy\" class=\"size-medium wp-image-1990 alignleft\" src=\"http:\/\/marianistestg.org\/wp-content\/uploads\/2019\/01\/photovoltaiquetogo_2-300x200.png\" alt=\"\" width=\"300\" height=\"200\" srcset=\"https:\/\/marianistestg.org\/wp-content\/uploads\/2019\/01\/photovoltaiquetogo_2-300x200.png 300w, https:\/\/marianistestg.org\/wp-content\/uploads\/2019\/01\/photovoltaiquetogo_2.png 719w\" sizes=\"(max-width: 300px) 100vw, 300px\" \/><img loading=\"lazy\" class=\"size-medium wp-image-1989 alignright\" src=\"http:\/\/marianistestg.org\/wp-content\/uploads\/2019\/01\/photovoltaiquetogo_1-300x200.png\" alt=\"\" width=\"300\" height=\"200\" srcset=\"https:\/\/marianistestg.org\/wp-content\/uploads\/2019\/01\/photovoltaiquetogo_1-300x200.png 300w, https:\/\/marianistestg.org\/wp-content\/uploads\/2019\/01\/photovoltaiquetogo_1.png 720w\" sizes=\"(max-width: 300px) 100vw, 300px\" \/><\/p><p><!-- \/wp:paragraph --><\/p>\t\t\t\t\t\t<\/div>\n\t\t\t\t<\/div>\n\t\t\t\t\t<\/div>\n\t\t<\/div>\n\t\t\t\t\t\t\t<\/div>\n\t\t<\/section>\n\t\t\t\t\t\t\t<\/div>\n\t\t","protected":false},"excerpt":{"rendered":"<div class=\"mh-excerpt\"><p>HES-SO Valais-Wallis (Haute \u00c9cole de Suisse occidentale, anciennement HEVs) is a higher instituation in Switzerland belonging to the Haute \u00c9cole sp\u00e9cialis\u00e9e de Suisse Occidentale. She <a class=\"mh-excerpt-more\" href=\"https:\/\/marianistestg.org\/?page_id=3330&#038;lang=en\" title=\"HES-SO Wallis (Switzerland)\">[&#8230;]<\/a><\/p>\n<\/div>","protected":false},"author":1,"featured_media":0,"parent":0,"menu_order":0,"comment_status":"closed","ping_status":"closed","template":"","meta":[],"categories":[132,165],"tags":[],"_links":{"self":[{"href":"https:\/\/marianistestg.org\/index.php?rest_route=\/wp\/v2\/pages\/3330"}],"collection":[{"href":"https:\/\/marianistestg.org\/index.php?rest_route=\/wp\/v2\/pages"}],"about":[{"href":"https:\/\/marianistestg.org\/index.php?rest_route=\/wp\/v2\/types\/page"}],"author":[{"embeddable":true,"href":"https:\/\/marianistestg.org\/index.php?rest_route=\/wp\/v2\/users\/1"}],"replies":[{"embeddable":true,"href":"https:\/\/marianistestg.org\/index.php?rest_route=%2Fwp%2Fv2%2Fcomments&post=3330"}],"version-history":[{"count":2,"href":"https:\/\/marianistestg.org\/index.php?rest_route=\/wp\/v2\/pages\/3330\/revisions"}],"predecessor-version":[{"id":3441,"href":"https:\/\/marianistestg.org\/index.php?rest_route=\/wp\/v2\/pages\/3330\/revisions\/3441"}],"wp:attachment":[{"href":"https:\/\/marianistestg.org\/index.php?rest_route=%2Fwp%2Fv2%2Fmedia&parent=3330"}],"wp:term":[{"taxonomy":"category","embeddable":true,"href":"https:\/\/marianistestg.org\/index.php?rest_route=%2Fwp%2Fv2%2Fcategories&post=3330"},{"taxonomy":"post_tag","embeddable":true,"href":"https:\/\/marianistestg.org\/index.php?rest_route=%2Fwp%2Fv2%2Ftags&post=3330"}],"curies":[{"name":"wp","href":"https:\/\/api.w.org\/{rel}","templated":true}]}}