{"id":3312,"date":"2018-12-31T19:51:26","date_gmt":"2018-12-31T19:51:26","guid":{"rendered":"http:\/\/marianistestg.org\/?page_id=3312"},"modified":"2021-02-03T12:53:07","modified_gmt":"2021-02-03T17:53:07","slug":"mcehsf","status":"publish","type":"page","link":"https:\/\/marianistestg.org\/?page_id=3312&lang=en","title":{"rendered":"MCEF"},"content":{"rendered":"\t\t<div data-elementor-type=\"wp-post\" data-elementor-id=\"3312\" class=\"elementor elementor-3312\">\n\t\t\t\t\t\t\t\t\t<section class=\"elementor-section elementor-top-section elementor-element elementor-element-17fb230 elementor-section-boxed elementor-section-height-default elementor-section-height-default\" data-id=\"17fb230\" data-element_type=\"section\">\n\t\t\t\t\t\t<div class=\"elementor-container elementor-column-gap-default\">\n\t\t\t\t\t<div class=\"elementor-column elementor-col-100 elementor-top-column elementor-element elementor-element-5b5329a\" data-id=\"5b5329a\" data-element_type=\"column\">\n\t\t\t<div class=\"elementor-widget-wrap elementor-element-populated\">\n\t\t\t\t\t\t\t\t<div class=\"elementor-element elementor-element-c7e8830 elementor-position-left elementor-vertical-align-middle elementor-widget elementor-widget-image-box\" data-id=\"c7e8830\" data-element_type=\"widget\" data-widget_type=\"image-box.default\">\n\t\t\t\t<div class=\"elementor-widget-container\">\n\t\t\t<div class=\"elementor-image-box-wrapper\"><figure class=\"elementor-image-box-img\"><img width=\"729\" height=\"971\" src=\"https:\/\/marianistestg.org\/wp-content\/uploads\/2019\/01\/CMAF.jpg\" class=\"attachment-full size-full wp-image-2021\" alt=\"\" loading=\"lazy\" srcset=\"https:\/\/marianistestg.org\/wp-content\/uploads\/2019\/01\/CMAF.jpg 729w, https:\/\/marianistestg.org\/wp-content\/uploads\/2019\/01\/CMAF-225x300.jpg 225w\" sizes=\"(max-width: 729px) 100vw, 729px\" \/><\/figure><div class=\"elementor-image-box-content\"><h3 class=\"elementor-image-box-title\">MCEF<br><h6>Marianist Center for Human and Spiritual Formation<h6><\/h3><p class=\"elementor-image-box-description\">With reception rooms, the MCEF is an ideal setting for short and medium length stays in Lom\u00e9. It offers an opportunity of immersion in the local environment for tourism, studies or work.\n<\/p><\/div><\/div>\t\t<\/div>\n\t\t\t\t<\/div>\n\t\t\t\t\t<\/div>\n\t\t<\/div>\n\t\t\t\t\t\t\t<\/div>\n\t\t<\/section>\n\t\t\t\t<section class=\"elementor-section elementor-top-section elementor-element elementor-element-b820f9c elementor-section-boxed elementor-section-height-default elementor-section-height-default\" data-id=\"b820f9c\" data-element_type=\"section\">\n\t\t\t\t\t\t<div class=\"elementor-container elementor-column-gap-default\">\n\t\t\t\t\t<div class=\"elementor-column elementor-col-100 elementor-top-column elementor-element elementor-element-2e8e8c0\" data-id=\"2e8e8c0\" data-element_type=\"column\">\n\t\t\t<div class=\"elementor-widget-wrap elementor-element-populated\">\n\t\t\t\t\t\t\t\t<div class=\"elementor-element elementor-element-589d99b elementor-widget elementor-widget-text-editor\" data-id=\"589d99b\" data-element_type=\"widget\" data-widget_type=\"text-editor.default\">\n\t\t\t\t<div class=\"elementor-widget-container\">\n\t\t\t\t\t\t\t<p id=\"tw-target-text\" class=\"tw-data-text tw-text-large XcVN5d tw-ta\" dir=\"ltr\" data-placeholder=\"Translation\"><span lang=\"en\">Brother Jean-Eudes Lawson, member of the center&#8217;s animation team, describes it to us: The Marianist Center of Lom\u00e9 is an initiative of the Region of Togo in 2014 to offer a welcoming and training framework both on a human and spiritual level. The Center thus presents itself as a place of meeting, communion, interior life and openness to the world as to its Creator. The center is managed by the brothers on site. There is a group of young people who help (academically) pupils in difficulty; a prayer group for the mission of the Marianist Brothers of the community; and for the liturgy, two choirs, altar servers for mass and finally the group of readers. These groups are a pastoral field for the community. The Center had to organize practical training workshops (making soaps, ointments, pearls, etc.), school orientation meetings; and very recently (Sunday July 21, 2019), it served as the setting for the dedication of the novel &#8220;Men hide to cry&#8221; by our colleague Ferdinand Farara. Our community (the community of Marianist brothers), adjoining the Center, is in the Agbal\u00e9p\u00e9dogan district, on the outskirts of the town of Lom\u00e9. We are in the midst of a population with multiple needs, and it is in the joy of the Lord that we share our space and are present to them. It is not always easy for pupils and students to study in their homes (usually &#8220;common yards&#8221; where several households live) because of the noise. The Center opens its doors to them.<\/span><\/p><p id=\"tw-target-text\" class=\"tw-data-text tw-text-large XcVN5d tw-ta\" dir=\"ltr\" data-placeholder=\"Translation\"><span lang=\"en\">During the school year, the Center, in partnership with the Catholic Movement ADSIS, supports students from the 6th to 4th class of the CEG in Agbal\u00e9p\u00e9dogan, our neighborhood: on Wednesday afternoon and Saturday morning, these students have lessons in support; they also have the opportunity to talk about their difficulties at home or at school. <\/span><\/p><p id=\"tw-target-text\" class=\"tw-data-text tw-text-large XcVN5d tw-ta\" dir=\"ltr\" data-placeholder=\"Translation\"><span lang=\"en\">The Center is a place of spiritual formation: masses, recollections or sessions are held there. The weekend of July 12 to 14, 2019, eight (8) couples from the Notre Dame de Cotonou-BENIN Teams (Teams N \u00b0 25 and 44) \u200b\u200borganized their recollection there. Many people also come to pray, especially at the cave or at the Sunday Eucharistic celebration. We also welcome those who request it for the listening service. And speaking of welcome, the Center offers rooms for those who come to rest for a few days: religious or priests passing through Lom\u00e9, lay people for a time of rest or prayer (on the recommendation of religious, priests or well-known people , the Center wishing to distinguish itself from a hotel). Thus is usually animated the Center where other activities could be envisaged for the greater Glory of God, the Honor of Mary and the Salvation of the World.<\/span><\/p>\t\t\t\t\t\t<\/div>\n\t\t\t\t<\/div>\n\t\t\t\t\t<\/div>\n\t\t<\/div>\n\t\t\t\t\t\t\t<\/div>\n\t\t<\/section>\n\t\t\t\t<section class=\"elementor-section elementor-top-section elementor-element elementor-element-228cb91 elementor-section-boxed elementor-section-height-default elementor-section-height-default\" data-id=\"228cb91\" data-element_type=\"section\">\n\t\t\t\t\t\t<div class=\"elementor-container elementor-column-gap-default\">\n\t\t\t\t\t<div class=\"elementor-column elementor-col-100 elementor-top-column elementor-element elementor-element-3a9b4ac\" data-id=\"3a9b4ac\" data-element_type=\"column\">\n\t\t\t<div class=\"elementor-widget-wrap elementor-element-populated\">\n\t\t\t\t\t\t\t\t<div class=\"elementor-element elementor-element-afab396 elementor-widget elementor-widget-text-editor\" data-id=\"afab396\" data-element_type=\"widget\" data-widget_type=\"text-editor.default\">\n\t\t\t\t<div class=\"elementor-widget-container\">\n\t\t\t\t\t\t\t<p><em>Jean-Eudes Lawson, sm<\/em><\/p>\t\t\t\t\t\t<\/div>\n\t\t\t\t<\/div>\n\t\t\t\t\t<\/div>\n\t\t<\/div>\n\t\t\t\t\t\t\t<\/div>\n\t\t<\/section>\n\t\t\t\t<section class=\"elementor-section elementor-top-section elementor-element elementor-element-9076723 elementor-section-boxed elementor-section-height-default elementor-section-height-default\" data-id=\"9076723\" data-element_type=\"section\">\n\t\t\t\t\t\t<div class=\"elementor-container elementor-column-gap-default\">\n\t\t\t\t\t<div class=\"elementor-column elementor-col-100 elementor-top-column elementor-element elementor-element-5e15e14\" data-id=\"5e15e14\" data-element_type=\"column\">\n\t\t\t<div class=\"elementor-widget-wrap elementor-element-populated\">\n\t\t\t\t\t\t\t\t<div class=\"elementor-element elementor-element-b69a099 elementor-widget elementor-widget-image-gallery\" data-id=\"b69a099\" data-element_type=\"widget\" data-widget_type=\"image-gallery.default\">\n\t\t\t\t<div class=\"elementor-widget-container\">\n\t\t\t\t\t<div class=\"elementor-image-gallery\">\n\t\t\t<div id='gallery-1' class='gallery galleryid-3312 gallery-columns-3 gallery-size-thumbnail'><figure class='gallery-item'>\n\t\t\t<div class='gallery-icon landscape'>\n\t\t\t\t<a data-elementor-open-lightbox=\"yes\" data-elementor-lightbox-slideshow=\"b69a099\" data-elementor-lightbox-title=\"IMG-20190725-WA0008\" data-e-action-hash=\"#elementor-action%3Aaction%3Dlightbox%26settings%3DeyJpZCI6MjgzNywidXJsIjoiaHR0cHM6XC9cL21hcmlhbmlzdGVzdGcub3JnXC93cC1jb250ZW50XC91cGxvYWRzXC8yMDE5XC8wOFwvSU1HLTIwMTkwNzI1LVdBMDAwOC5qcGciLCJzbGlkZXNob3ciOiJiNjlhMDk5In0%3D\" href='https:\/\/marianistestg.org\/wp-content\/uploads\/2019\/08\/IMG-20190725-WA0008.jpg'><img width=\"150\" height=\"150\" src=\"https:\/\/marianistestg.org\/wp-content\/uploads\/2019\/08\/IMG-20190725-WA0008-150x150.jpg\" class=\"attachment-thumbnail size-thumbnail\" alt=\"\" loading=\"lazy\" \/><\/a>\n\t\t\t<\/div><\/figure><figure class='gallery-item'>\n\t\t\t<div class='gallery-icon landscape'>\n\t\t\t\t<a data-elementor-open-lightbox=\"yes\" data-elementor-lightbox-slideshow=\"b69a099\" data-elementor-lightbox-title=\"IMG-20190725-WA0009\" data-e-action-hash=\"#elementor-action%3Aaction%3Dlightbox%26settings%3DeyJpZCI6MjgzOCwidXJsIjoiaHR0cHM6XC9cL21hcmlhbmlzdGVzdGcub3JnXC93cC1jb250ZW50XC91cGxvYWRzXC8yMDE5XC8wOFwvSU1HLTIwMTkwNzI1LVdBMDAwOS5qcGciLCJzbGlkZXNob3ciOiJiNjlhMDk5In0%3D\" href='https:\/\/marianistestg.org\/wp-content\/uploads\/2019\/08\/IMG-20190725-WA0009.jpg'><img width=\"150\" height=\"150\" src=\"https:\/\/marianistestg.org\/wp-content\/uploads\/2019\/08\/IMG-20190725-WA0009-150x150.jpg\" class=\"attachment-thumbnail size-thumbnail\" alt=\"\" loading=\"lazy\" \/><\/a>\n\t\t\t<\/div><\/figure><figure class='gallery-item'>\n\t\t\t<div class='gallery-icon portrait'>\n\t\t\t\t<a data-elementor-open-lightbox=\"yes\" data-elementor-lightbox-slideshow=\"b69a099\" data-elementor-lightbox-title=\"IMG-20190725-WA0016\" data-e-action-hash=\"#elementor-action%3Aaction%3Dlightbox%26settings%3DeyJpZCI6MjgzOSwidXJsIjoiaHR0cHM6XC9cL21hcmlhbmlzdGVzdGcub3JnXC93cC1jb250ZW50XC91cGxvYWRzXC8yMDE5XC8wOFwvSU1HLTIwMTkwNzI1LVdBMDAxNi5qcGciLCJzbGlkZXNob3ciOiJiNjlhMDk5In0%3D\" href='https:\/\/marianistestg.org\/wp-content\/uploads\/2019\/08\/IMG-20190725-WA0016.jpg'><img width=\"150\" height=\"150\" src=\"https:\/\/marianistestg.org\/wp-content\/uploads\/2019\/08\/IMG-20190725-WA0016-150x150.jpg\" class=\"attachment-thumbnail size-thumbnail\" alt=\"\" loading=\"lazy\" \/><\/a>\n\t\t\t<\/div><\/figure><figure class='gallery-item'>\n\t\t\t<div class='gallery-icon landscape'>\n\t\t\t\t<a data-elementor-open-lightbox=\"yes\" data-elementor-lightbox-slideshow=\"b69a099\" data-elementor-lightbox-title=\"IMG-20190725-WA0017\" data-e-action-hash=\"#elementor-action%3Aaction%3Dlightbox%26settings%3DeyJpZCI6Mjg0MCwidXJsIjoiaHR0cHM6XC9cL21hcmlhbmlzdGVzdGcub3JnXC93cC1jb250ZW50XC91cGxvYWRzXC8yMDE5XC8wOFwvSU1HLTIwMTkwNzI1LVdBMDAxNy5qcGciLCJzbGlkZXNob3ciOiJiNjlhMDk5In0%3D\" href='https:\/\/marianistestg.org\/wp-content\/uploads\/2019\/08\/IMG-20190725-WA0017.jpg'><img width=\"150\" height=\"150\" src=\"https:\/\/marianistestg.org\/wp-content\/uploads\/2019\/08\/IMG-20190725-WA0017-150x150.jpg\" class=\"attachment-thumbnail size-thumbnail\" alt=\"\" loading=\"lazy\" \/><\/a>\n\t\t\t<\/div><\/figure><figure class='gallery-item'>\n\t\t\t<div class='gallery-icon portrait'>\n\t\t\t\t<a data-elementor-open-lightbox=\"yes\" data-elementor-lightbox-slideshow=\"b69a099\" data-elementor-lightbox-title=\"IMG-20190725-WA0019\" data-e-action-hash=\"#elementor-action%3Aaction%3Dlightbox%26settings%3DeyJpZCI6Mjg0MSwidXJsIjoiaHR0cHM6XC9cL21hcmlhbmlzdGVzdGcub3JnXC93cC1jb250ZW50XC91cGxvYWRzXC8yMDE5XC8wOFwvSU1HLTIwMTkwNzI1LVdBMDAxOS5qcGciLCJzbGlkZXNob3ciOiJiNjlhMDk5In0%3D\" href='https:\/\/marianistestg.org\/wp-content\/uploads\/2019\/08\/IMG-20190725-WA0019.jpg'><img width=\"150\" height=\"150\" src=\"https:\/\/marianistestg.org\/wp-content\/uploads\/2019\/08\/IMG-20190725-WA0019-150x150.jpg\" class=\"attachment-thumbnail size-thumbnail\" alt=\"\" loading=\"lazy\" \/><\/a>\n\t\t\t<\/div><\/figure><figure class='gallery-item'>\n\t\t\t<div class='gallery-icon landscape'>\n\t\t\t\t<a data-elementor-open-lightbox=\"yes\" data-elementor-lightbox-slideshow=\"b69a099\" data-elementor-lightbox-title=\"IMG-20190725-WA0021\" data-e-action-hash=\"#elementor-action%3Aaction%3Dlightbox%26settings%3DeyJpZCI6Mjg0MiwidXJsIjoiaHR0cHM6XC9cL21hcmlhbmlzdGVzdGcub3JnXC93cC1jb250ZW50XC91cGxvYWRzXC8yMDE5XC8wOFwvSU1HLTIwMTkwNzI1LVdBMDAyMS5qcGciLCJzbGlkZXNob3ciOiJiNjlhMDk5In0%3D\" href='https:\/\/marianistestg.org\/wp-content\/uploads\/2019\/08\/IMG-20190725-WA0021.jpg'><img width=\"150\" height=\"150\" src=\"https:\/\/marianistestg.org\/wp-content\/uploads\/2019\/08\/IMG-20190725-WA0021-150x150.jpg\" class=\"attachment-thumbnail size-thumbnail\" alt=\"\" loading=\"lazy\" \/><\/a>\n\t\t\t<\/div><\/figure>\n\t\t<\/div>\n\t\t<\/div>\n\t\t\t\t<\/div>\n\t\t\t\t<\/div>\n\t\t\t\t\t<\/div>\n\t\t<\/div>\n\t\t\t\t\t\t\t<\/div>\n\t\t<\/section>\n\t\t\t\t<section class=\"elementor-section elementor-top-section elementor-element elementor-element-8e3608c elementor-section-boxed elementor-section-height-default elementor-section-height-default\" data-id=\"8e3608c\" data-element_type=\"section\">\n\t\t\t\t\t\t<div class=\"elementor-container elementor-column-gap-default\">\n\t\t\t\t\t<div class=\"elementor-column elementor-col-100 elementor-top-column elementor-element elementor-element-ce4afb9\" data-id=\"ce4afb9\" data-element_type=\"column\">\n\t\t\t<div class=\"elementor-widget-wrap elementor-element-populated\">\n\t\t\t\t\t\t\t\t<div class=\"elementor-element elementor-element-a0e0216 elementor-widget elementor-widget-heading\" data-id=\"a0e0216\" data-element_type=\"widget\" data-widget_type=\"heading.default\">\n\t\t\t\t<div class=\"elementor-widget-container\">\n\t\t\t<h6 class=\"elementor-heading-title elementor-size-default\">Click to open the gallery<\/h6>\t\t<\/div>\n\t\t\t\t<\/div>\n\t\t\t\t\t<\/div>\n\t\t<\/div>\n\t\t\t\t\t\t\t<\/div>\n\t\t<\/section>\n\t\t\t\t\t\t\t<\/div>\n\t\t","protected":false},"excerpt":{"rendered":"<div class=\"mh-excerpt\"><p>MCEF Marianist Center for Human and Spiritual Formation With reception rooms, the MCEF is an ideal setting for short and medium length stays in Lom\u00e9. <a class=\"mh-excerpt-more\" href=\"https:\/\/marianistestg.org\/?page_id=3312&#038;lang=en\" title=\"MCEF\">[&#8230;]<\/a><\/p>\n<\/div>","protected":false},"author":1,"featured_media":0,"parent":0,"menu_order":0,"comment_status":"closed","ping_status":"closed","template":"","meta":[],"categories":[120,163],"tags":[],"_links":{"self":[{"href":"https:\/\/marianistestg.org\/index.php?rest_route=\/wp\/v2\/pages\/3312"}],"collection":[{"href":"https:\/\/marianistestg.org\/index.php?rest_route=\/wp\/v2\/pages"}],"about":[{"href":"https:\/\/marianistestg.org\/index.php?rest_route=\/wp\/v2\/types\/page"}],"author":[{"embeddable":true,"href":"https:\/\/marianistestg.org\/index.php?rest_route=\/wp\/v2\/users\/1"}],"replies":[{"embeddable":true,"href":"https:\/\/marianistestg.org\/index.php?rest_route=%2Fwp%2Fv2%2Fcomments&post=3312"}],"version-history":[{"count":8,"href":"https:\/\/marianistestg.org\/index.php?rest_route=\/wp\/v2\/pages\/3312\/revisions"}],"predecessor-version":[{"id":4778,"href":"https:\/\/marianistestg.org\/index.php?rest_route=\/wp\/v2\/pages\/3312\/revisions\/4778"}],"wp:attachment":[{"href":"https:\/\/marianistestg.org\/index.php?rest_route=%2Fwp%2Fv2%2Fmedia&parent=3312"}],"wp:term":[{"taxonomy":"category","embeddable":true,"href":"https:\/\/marianistestg.org\/index.php?rest_route=%2Fwp%2Fv2%2Fcategories&post=3312"},{"taxonomy":"post_tag","embeddable":true,"href":"https:\/\/marianistestg.org\/index.php?rest_route=%2Fwp%2Fv2%2Ftags&post=3312"}],"curies":[{"name":"wp","href":"https:\/\/api.w.org\/{rel}","templated":true}]}}