{"id":3289,"date":"2020-06-12T22:18:10","date_gmt":"2020-06-13T03:18:10","guid":{"rendered":"http:\/\/marianistestg.org\/?page_id=3289"},"modified":"2020-12-05T14:15:08","modified_gmt":"2020-12-05T19:15:08","slug":"home-2","status":"publish","type":"page","link":"https:\/\/marianistestg.org\/?page_id=3289&lang=en","title":{"rendered":"Home"},"content":{"rendered":"\t\t<div data-elementor-type=\"wp-post\" data-elementor-id=\"3289\" class=\"elementor elementor-3289\">\n\t\t\t\t\t\t\t\t\t<section class=\"elementor-section elementor-top-section elementor-element elementor-element-9213407 elementor-section-boxed elementor-section-height-default elementor-section-height-default\" data-id=\"9213407\" data-element_type=\"section\">\n\t\t\t\t\t\t<div class=\"elementor-container elementor-column-gap-default\">\n\t\t\t\t\t<div class=\"elementor-column elementor-col-100 elementor-top-column elementor-element elementor-element-19b8387\" data-id=\"19b8387\" data-element_type=\"column\">\n\t\t\t<div class=\"elementor-widget-wrap elementor-element-populated\">\n\t\t\t\t\t\t\t\t<div class=\"elementor-element elementor-element-4674a12 elementor-widget elementor-widget-wp-widget-metaslider_widget\" data-id=\"4674a12\" data-element_type=\"widget\" data-widget_type=\"wp-widget-metaslider_widget.default\">\n\t\t\t\t<div class=\"elementor-widget-container\">\n\t\t\t<div id=\"metaslider-id-3425\" style=\"max-width: 800px; margin: 0 auto;\" class=\"ml-slider-3-40-0 metaslider metaslider-responsive metaslider-3425 ml-slider ms-theme-default\" role=\"region\" aria-roledescription=\"Slideshow\" aria-label=\"Home Slide English\">\n    <div id=\"metaslider_container_3425\">\n        <ul id='metaslider_3425' class='rslides'>\n            <li aria-roledescription='slide' aria-labelledby='slide-0'><img loading=\"lazy\" src=\"https:\/\/marianistestg.org\/wp-content\/uploads\/2020\/06\/200-fol-4-800x400.png\" height=\"400\" width=\"800\" alt=\"\" class=\"slider-3425 slide-3639\" title=\"200-fol-4\" \/><\/li>\n            <li style='display: none;' aria-roledescription='slide' aria-labelledby='slide-1'><img loading=\"lazy\" src=\"https:\/\/marianistestg.org\/wp-content\/uploads\/2019\/01\/statue21080-e1548274216253-800x400.jpg\" height=\"400\" width=\"800\" alt=\"\" class=\"slider-3425 slide-3429\" \/><\/li>\n            <li style='display: none;' aria-roledescription='slide' aria-labelledby='slide-2'><img loading=\"lazy\" src=\"https:\/\/marianistestg.org\/wp-content\/uploads\/2019\/01\/retraite-annuelle1080-e1548274190314-800x400.jpg\" height=\"400\" width=\"800\" alt=\"\" class=\"slider-3425 slide-3430\" \/><\/li>\n            <li style='display: none;' aria-roledescription='slide' aria-labelledby='slide-3'><img loading=\"lazy\" src=\"https:\/\/marianistestg.org\/wp-content\/uploads\/2019\/01\/cross1080-e1548274127806-800x400.jpg\" height=\"400\" width=\"800\" alt=\"\" class=\"slider-3425 slide-3431\" \/><\/li>\n        <\/ul>\n        \n    <\/div>\n<\/div>\t\t<\/div>\n\t\t\t\t<\/div>\n\t\t\t\t\t<\/div>\n\t\t<\/div>\n\t\t\t\t\t\t\t<\/div>\n\t\t<\/section>\n\t\t\t\t<section class=\"elementor-section elementor-top-section elementor-element elementor-element-6d109aa elementor-section-boxed elementor-section-height-default elementor-section-height-default\" data-id=\"6d109aa\" data-element_type=\"section\">\n\t\t\t\t\t\t<div class=\"elementor-container elementor-column-gap-default\">\n\t\t\t\t\t<div class=\"elementor-column elementor-col-33 elementor-top-column elementor-element elementor-element-b23ca9d\" data-id=\"b23ca9d\" data-element_type=\"column\">\n\t\t\t<div class=\"elementor-widget-wrap elementor-element-populated\">\n\t\t\t\t\t\t\t\t<div class=\"elementor-element elementor-element-f6f046e elementor-widget elementor-widget-wp-widget-mh_magazine_spotlight\" data-id=\"f6f046e\" data-element_type=\"widget\" data-widget_type=\"wp-widget-mh_magazine_spotlight.default\">\n\t\t\t\t<div class=\"elementor-widget-container\">\n\t\t\t\t\t\t\t<article class=\"mh-spotlight-widget post-4068 post type-post status-publish format-standard has-post-thumbnail category-news-en tag-final20_en\">\n\t\t\t\t\t<figure class=\"mh-spotlight-thumb\">\n\t\t\t\t\t\t<a class=\"mh-thumb-icon\" href=\"https:\/\/marianistestg.org\/?p=4068&#038;lang=en\" title=\"Final Vows in the Society of Mary, Region of Togo\"><img width=\"316\" height=\"226\" src=\"https:\/\/marianistestg.org\/wp-content\/uploads\/2020\/10\/garde8.jpg\" class=\"attachment-mh-magazine-content size-mh-magazine-content wp-post-image\" alt=\"\" loading=\"lazy\" srcset=\"https:\/\/marianistestg.org\/wp-content\/uploads\/2020\/10\/garde8.jpg 316w, https:\/\/marianistestg.org\/wp-content\/uploads\/2020\/10\/garde8-300x215.jpg 300w\" sizes=\"(max-width: 316px) 100vw, 316px\" \/>\t\t\t\t\t\t<\/a>\n\t\t\t\t\t\t\t\t\t\t\t<\/figure>\n\t\t\t\t\t<div class=\"mh-spotlight-content\">\n\t\t\t\t\t\t<h2 class=\"mh-spotlight-title\">\n\t\t\t\t\t\t\t<a href=\"https:\/\/marianistestg.org\/?p=4068&#038;lang=en\" title=\"Final Vows in the Society of Mary, Region of Togo\">\n\t\t\t\t\t\t\t\tFinal Vows in the Society of Mary, Region of Togo\t\t\t\t\t\t\t<\/a>\n\t\t\t\t\t\t<\/h2>\n\t\t\t\t\t\t\t\t\t\t\t\t\t\t\t\t\t\t\t<div class=\"mh-excerpt\">Brothers Jules Along and Justin Ayena made their final vows in the Society of Mary this Saturday, October 3, 2020. By delegation, the vows were <a class=\"mh-excerpt-more\" href=\"https:\/\/marianistestg.org\/?p=4068&#038;lang=en\" title=\"Final Vows in the Society of Mary, Region of Togo\">[...]<\/a><\/div>\t\t\t\t\t\t\t\t\t\t\t<\/div>\n\t\t\t\t<\/article>\t\t<\/div>\n\t\t\t\t<\/div>\n\t\t\t\t\t<\/div>\n\t\t<\/div>\n\t\t\t\t<div class=\"elementor-column elementor-col-33 elementor-top-column elementor-element elementor-element-771a180\" data-id=\"771a180\" data-element_type=\"column\">\n\t\t\t<div class=\"elementor-widget-wrap elementor-element-populated\">\n\t\t\t\t\t\t\t\t<div class=\"elementor-element elementor-element-598103b elementor-widget elementor-widget-wp-widget-mh_magazine_custom_posts\" data-id=\"598103b\" data-element_type=\"widget\" data-widget_type=\"wp-widget-mh_magazine_custom_posts.default\">\n\t\t\t\t<div class=\"elementor-widget-container\">\n\t\t\t\t\t\t<ul class=\"mh-custom-posts-widget clearfix\"> \t\t\t\t\t\t<li class=\"mh-custom-posts-item mh-custom-posts-large clearfix post-3977 post type-post status-publish format-standard has-post-thumbnail category-news-en tag-sup_en\">\n\t\t\t\t\t\t\t<div class=\"mh-custom-posts-large-inner clearfix\">\n\t\t\t\t\t\t\t\t\t\t\t\t\t\t\t\t\t<figure class=\"mh-custom-posts-thumb-xl\">\n\t\t\t\t\t\t\t\t\t\t<a class=\"mh-thumb-icon mh-thumb-icon-small-mobile\" href=\"https:\/\/marianistestg.org\/?p=3977&#038;lang=en\" title=\"A New Superior for the Region of Togo\"><img width=\"326\" height=\"245\" src=\"https:\/\/marianistestg.org\/wp-content\/uploads\/2020\/12\/Reg-326x245.jpeg\" class=\"attachment-mh-magazine-medium size-mh-magazine-medium wp-post-image\" alt=\"\" loading=\"lazy\" srcset=\"https:\/\/marianistestg.org\/wp-content\/uploads\/2020\/12\/Reg-326x245.jpeg 326w, https:\/\/marianistestg.org\/wp-content\/uploads\/2020\/12\/Reg-678x509.jpeg 678w, https:\/\/marianistestg.org\/wp-content\/uploads\/2020\/12\/Reg-80x60.jpeg 80w\" sizes=\"(max-width: 326px) 100vw, 326px\" \/>\t\t\t\t\t\t\t\t\t\t<\/a>\n\t\t\t\t\t\t\t\t\t\t\t\t\t\t\t\t\t\t\t<\/figure>\n\t\t\t\t\t\t\t\t\t\t\t\t\t\t\t\t<div class=\"mh-custom-posts-content\">\n\t\t\t\t\t\t\t\t\t<div class=\"mh-custom-posts-header\">\n\t\t\t\t\t\t\t\t\t\t<h3 class=\"mh-custom-posts-xl-title\">\n\t\t\t\t\t\t\t\t\t\t\t<a href=\"https:\/\/marianistestg.org\/?p=3977&#038;lang=en\" title=\"A New Superior for the Region of Togo\">\n\t\t\t\t\t\t\t\t\t\t\t\tA New Superior for the Region of Togo\t\t\t\t\t\t\t\t\t\t\t<\/a>\n\t\t\t\t\t\t\t\t\t\t<\/h3>\n\t\t\t\t\t\t\t\t\t\t\t\t\t\t\t\t\t\t\t<\/div>\n\t\t\t\t\t\t\t\t\t<div class=\"mh-excerpt\">Since March 25, 2020, the Superior General has appointed Father Jonas Kpatcha, SM, as Regional Superior of the Region of <a class=\"mh-excerpt-more\" href=\"https:\/\/marianistestg.org\/?p=3977&#038;lang=en\" title=\"A New Superior for the Region of Togo\">[...]<\/a><\/div>\t\t\t\t\t\t\t\t<\/div>\n\t\t\t\t\t\t\t<\/div>\n\t\t\t\t\t\t<\/li>\t\t\t<\/ul>\t\t<\/div>\n\t\t\t\t<\/div>\n\t\t\t\t\t<\/div>\n\t\t<\/div>\n\t\t\t\t<div class=\"elementor-column elementor-col-33 elementor-top-column elementor-element elementor-element-c9b94d4\" data-id=\"c9b94d4\" data-element_type=\"column\">\n\t\t\t<div class=\"elementor-widget-wrap elementor-element-populated\">\n\t\t\t\t\t\t\t\t<div class=\"elementor-element elementor-element-e4265d1 elementor-widget elementor-widget-wp-widget-mh_magazine_spotlight\" data-id=\"e4265d1\" data-element_type=\"widget\" data-widget_type=\"wp-widget-mh_magazine_spotlight.default\">\n\t\t\t\t<div class=\"elementor-widget-container\">\n\t\t\t\t\t\t\t<article class=\"mh-spotlight-widget post-3934 post type-post status-publish format-standard has-post-thumbnail category-news-en tag-schen_en\">\n\t\t\t\t\t<figure class=\"mh-spotlight-thumb\">\n\t\t\t\t\t\t<a class=\"mh-thumb-icon\" href=\"https:\/\/marianistestg.org\/?p=3934&#038;lang=en\" title=\"In Memory of Father Paul Schenker\"><img width=\"227\" height=\"185\" src=\"https:\/\/marianistestg.org\/wp-content\/uploads\/2020\/09\/schenk.jpg\" class=\"attachment-mh-magazine-content size-mh-magazine-content wp-post-image\" alt=\"\" loading=\"lazy\" \/>\t\t\t\t\t\t<\/a>\n\t\t\t\t\t\t\t\t\t\t\t<\/figure>\n\t\t\t\t\t<div class=\"mh-spotlight-content\">\n\t\t\t\t\t\t<h2 class=\"mh-spotlight-title\">\n\t\t\t\t\t\t\t<a href=\"https:\/\/marianistestg.org\/?p=3934&#038;lang=en\" title=\"In Memory of Father Paul Schenker\">\n\t\t\t\t\t\t\t\tIn Memory of Father Paul Schenker\t\t\t\t\t\t\t<\/a>\n\t\t\t\t\t\t<\/h2>\n\t\t\t\t\t\t\t\t\t\t\t\t\t\t\t\t\t\t\t<div class=\"mh-excerpt\">Click to enlarge picture Father Paul Schenker, Marianist religious of the Territorial Community of Switzerland <a class=\"mh-excerpt-more\" href=\"https:\/\/marianistestg.org\/?p=3934&#038;lang=en\" title=\"In Memory of Father Paul Schenker\">[...]<\/a><\/div>\t\t\t\t\t\t\t\t\t\t\t<\/div>\n\t\t\t\t<\/article>\t\t<\/div>\n\t\t\t\t<\/div>\n\t\t\t\t\t<\/div>\n\t\t<\/div>\n\t\t\t\t\t\t\t<\/div>\n\t\t<\/section>\n\t\t\t\t<section class=\"elementor-section elementor-top-section elementor-element elementor-element-947929e elementor-section-boxed elementor-section-height-default elementor-section-height-default\" data-id=\"947929e\" data-element_type=\"section\">\n\t\t\t\t\t\t<div class=\"elementor-container elementor-column-gap-default\">\n\t\t\t\t\t<div class=\"elementor-column elementor-col-33 elementor-top-column elementor-element elementor-element-178a391\" data-id=\"178a391\" data-element_type=\"column\">\n\t\t\t<div class=\"elementor-widget-wrap elementor-element-populated\">\n\t\t\t\t\t\t\t\t<div class=\"elementor-element elementor-element-a77c334 elementor-widget elementor-widget-wp-widget-mh_magazine_custom_posts\" data-id=\"a77c334\" data-element_type=\"widget\" data-widget_type=\"wp-widget-mh_magazine_custom_posts.default\">\n\t\t\t\t<div class=\"elementor-widget-container\">\n\t\t\t\t\t\t<ul class=\"mh-custom-posts-widget clearfix\"> \t\t\t\t\t\t<li class=\"mh-custom-posts-item mh-custom-posts-large clearfix post-3510 post type-post status-publish format-standard has-post-thumbnail category-news-en tag-edu_en\">\n\t\t\t\t\t\t\t<div class=\"mh-custom-posts-large-inner clearfix\">\n\t\t\t\t\t\t\t\t\t\t\t\t\t\t\t\t\t<figure class=\"mh-custom-posts-thumb-xl\">\n\t\t\t\t\t\t\t\t\t\t<a class=\"mh-thumb-icon mh-thumb-icon-small-mobile\" href=\"https:\/\/marianistestg.org\/?p=3510&#038;lang=en\" title=\"200 Years of Marianist Education\"><img width=\"326\" height=\"245\" src=\"https:\/\/marianistestg.org\/wp-content\/uploads\/2019\/11\/Poster_200_Fr-326x245.jpg\" class=\"attachment-mh-magazine-medium size-mh-magazine-medium wp-post-image\" alt=\"\" loading=\"lazy\" srcset=\"https:\/\/marianistestg.org\/wp-content\/uploads\/2019\/11\/Poster_200_Fr-326x245.jpg 326w, https:\/\/marianistestg.org\/wp-content\/uploads\/2019\/11\/Poster_200_Fr-678x509.jpg 678w, https:\/\/marianistestg.org\/wp-content\/uploads\/2019\/11\/Poster_200_Fr-80x60.jpg 80w\" sizes=\"(max-width: 326px) 100vw, 326px\" \/>\t\t\t\t\t\t\t\t\t\t<\/a>\n\t\t\t\t\t\t\t\t\t\t\t\t\t\t\t\t\t\t\t<\/figure>\n\t\t\t\t\t\t\t\t\t\t\t\t\t\t\t\t<div class=\"mh-custom-posts-content\">\n\t\t\t\t\t\t\t\t\t<div class=\"mh-custom-posts-header\">\n\t\t\t\t\t\t\t\t\t\t<h3 class=\"mh-custom-posts-xl-title\">\n\t\t\t\t\t\t\t\t\t\t\t<a href=\"https:\/\/marianistestg.org\/?p=3510&#038;lang=en\" title=\"200 Years of Marianist Education\">\n\t\t\t\t\t\t\t\t\t\t\t\t200 Years of Marianist Education\t\t\t\t\t\t\t\t\t\t\t<\/a>\n\t\t\t\t\t\t\t\t\t\t<\/h3>\n\t\t\t\t\t\t\t\t\t\t\t\t\t\t\t\t\t\t\t<\/div>\n\t\t\t\t\t\t\t\t\t<div class=\"mh-excerpt\">1819 to 2019. Two hundred years of Marianist education! This year represents an unprecedented moment in the Marianist world since the entire Marianist Family rejoices with the Society of Mary for having forged and formed through the ages, the minds <a class=\"mh-excerpt-more\" href=\"https:\/\/marianistestg.org\/?p=3510&#038;lang=en\" title=\"200 Years of Marianist Education\">[...]<\/a><\/div>\t\t\t\t\t\t\t\t<\/div>\n\t\t\t\t\t\t\t<\/div>\n\t\t\t\t\t\t<\/li>\t\t\t<\/ul>\t\t<\/div>\n\t\t\t\t<\/div>\n\t\t\t\t\t<\/div>\n\t\t<\/div>\n\t\t\t\t<div class=\"elementor-column elementor-col-33 elementor-top-column elementor-element elementor-element-7ad0986\" data-id=\"7ad0986\" data-element_type=\"column\">\n\t\t\t<div class=\"elementor-widget-wrap elementor-element-populated\">\n\t\t\t\t\t\t\t\t<div class=\"elementor-element elementor-element-27e4956 elementor-widget elementor-widget-wp-widget-mh_magazine_spotlight\" data-id=\"27e4956\" data-element_type=\"widget\" data-widget_type=\"wp-widget-mh_magazine_spotlight.default\">\n\t\t\t\t<div class=\"elementor-widget-container\">\n\t\t\t\t\t\t\t<article class=\"mh-spotlight-widget post-3557 post type-post status-publish format-standard has-post-thumbnail category-news-en tag-shep\">\n\t\t\t\t\t<figure class=\"mh-spotlight-thumb\">\n\t\t\t\t\t\t<a class=\"mh-thumb-icon\" href=\"https:\/\/marianistestg.org\/?p=3557&#038;lang=en\" title=\"Vocations and Good Shepherd Sunday: Journey to Burkina-Faso\"><img width=\"678\" height=\"381\" src=\"https:\/\/marianistestg.org\/wp-content\/uploads\/2019\/05\/IMG-20190512-WA00032-1-678x381.jpg\" class=\"attachment-mh-magazine-content size-mh-magazine-content wp-post-image\" alt=\"\" loading=\"lazy\" \/>\t\t\t\t\t\t<\/a>\n\t\t\t\t\t\t\t\t\t\t\t<\/figure>\n\t\t\t\t\t<div class=\"mh-spotlight-content\">\n\t\t\t\t\t\t<h2 class=\"mh-spotlight-title\">\n\t\t\t\t\t\t\t<a href=\"https:\/\/marianistestg.org\/?p=3557&#038;lang=en\" title=\"Vocations and Good Shepherd Sunday: Journey to Burkina-Faso\">\n\t\t\t\t\t\t\t\tVocations and Good Shepherd Sunday: Journey to Burkina-Faso\t\t\t\t\t\t\t<\/a>\n\t\t\t\t\t\t<\/h2>\n\t\t\t\t\t\t\t\t\t\t\t\t\t\t\t\t\t\t\t<div class=\"mh-excerpt\">For a few years now, the Marianist Sisters of Africa have been in contact with the diocese of Tenkodogo, in Burkina where they go each year to particularly meet young people in search for a <a class=\"mh-excerpt-more\" href=\"https:\/\/marianistestg.org\/?p=3557&#038;lang=en\" title=\"Vocations and Good Shepherd Sunday: Journey to Burkina-Faso\">[...]<\/a><\/div>\t\t\t\t\t\t\t\t\t\t\t<\/div>\n\t\t\t\t<\/article>\t\t<\/div>\n\t\t\t\t<\/div>\n\t\t\t\t\t<\/div>\n\t\t<\/div>\n\t\t\t\t<div class=\"elementor-column elementor-col-33 elementor-top-column elementor-element elementor-element-c6dcd87\" data-id=\"c6dcd87\" data-element_type=\"column\">\n\t\t\t<div class=\"elementor-widget-wrap elementor-element-populated\">\n\t\t\t\t\t\t\t\t<div class=\"elementor-element elementor-element-05bada9 elementor-widget elementor-widget-wp-widget-mh_magazine_custom_posts\" data-id=\"05bada9\" data-element_type=\"widget\" data-widget_type=\"wp-widget-mh_magazine_custom_posts.default\">\n\t\t\t\t<div class=\"elementor-widget-container\">\n\t\t\t\t\t\t<ul class=\"mh-custom-posts-widget clearfix\"> \t\t\t\t\t\t<li class=\"mh-custom-posts-item mh-custom-posts-large clearfix post-3534 post type-post status-publish format-standard has-post-thumbnail category-news-en tag-cot_en\">\n\t\t\t\t\t\t\t<div class=\"mh-custom-posts-large-inner clearfix\">\n\t\t\t\t\t\t\t\t\t\t\t\t\t\t\t\t\t<figure class=\"mh-custom-posts-thumb-xl\">\n\t\t\t\t\t\t\t\t\t\t<a class=\"mh-thumb-icon mh-thumb-icon-small-mobile\" href=\"https:\/\/marianistestg.org\/?p=3534&#038;lang=en\" title=\"Lay Marianist Communities in Cotonou\"><img width=\"326\" height=\"245\" src=\"https:\/\/marianistestg.org\/wp-content\/uploads\/2019\/07\/coton2-326x245.jpg\" class=\"attachment-mh-magazine-medium size-mh-magazine-medium wp-post-image\" alt=\"\" loading=\"lazy\" srcset=\"https:\/\/marianistestg.org\/wp-content\/uploads\/2019\/07\/coton2-326x245.jpg 326w, https:\/\/marianistestg.org\/wp-content\/uploads\/2019\/07\/coton2-80x60.jpg 80w\" sizes=\"(max-width: 326px) 100vw, 326px\" \/>\t\t\t\t\t\t\t\t\t\t<\/a>\n\t\t\t\t\t\t\t\t\t\t\t\t\t\t\t\t\t\t\t<\/figure>\n\t\t\t\t\t\t\t\t\t\t\t\t\t\t\t\t<div class=\"mh-custom-posts-content\">\n\t\t\t\t\t\t\t\t\t<div class=\"mh-custom-posts-header\">\n\t\t\t\t\t\t\t\t\t\t<h3 class=\"mh-custom-posts-xl-title\">\n\t\t\t\t\t\t\t\t\t\t\t<a href=\"https:\/\/marianistestg.org\/?p=3534&#038;lang=en\" title=\"Lay Marianist Communities in Cotonou\">\n\t\t\t\t\t\t\t\t\t\t\t\tLay Marianist Communities in Cotonou\t\t\t\t\t\t\t\t\t\t\t<\/a>\n\t\t\t\t\t\t\t\t\t\t<\/h3>\n\t\t\t\t\t\t\t\t\t\t\t\t\t\t\t\t\t\t\t<\/div>\n\t\t\t\t\t\t\t\t\t<div class=\"mh-excerpt\">The Lay Marianist Community of Cotonou was built around Yvon AMOUSSOU, Edwige AMOUSSOU, P\u00e9lagie KOUSSO, Charmise KOUASSI, B\u00e9n\u00e9dicte BAKI, Vicky AMOUSSOU and Marius MENSAH. It <a class=\"mh-excerpt-more\" href=\"https:\/\/marianistestg.org\/?p=3534&#038;lang=en\" title=\"Lay Marianist Communities in Cotonou\">[...]<\/a><\/div>\t\t\t\t\t\t\t\t<\/div>\n\t\t\t\t\t\t\t<\/div>\n\t\t\t\t\t\t<\/li>\t\t\t<\/ul>\t\t<\/div>\n\t\t\t\t<\/div>\n\t\t\t\t\t<\/div>\n\t\t<\/div>\n\t\t\t\t\t\t\t<\/div>\n\t\t<\/section>\n\t\t\t\t<section class=\"elementor-section elementor-top-section elementor-element elementor-element-7bacca7 elementor-section-boxed elementor-section-height-default elementor-section-height-default\" data-id=\"7bacca7\" data-element_type=\"section\">\n\t\t\t\t\t\t<div class=\"elementor-container elementor-column-gap-default\">\n\t\t\t\t\t<div class=\"elementor-column elementor-col-33 elementor-top-column elementor-element elementor-element-74055a7\" data-id=\"74055a7\" data-element_type=\"column\">\n\t\t\t<div class=\"elementor-widget-wrap elementor-element-populated\">\n\t\t\t\t\t\t\t\t<div class=\"elementor-element elementor-element-55806f7 elementor-widget elementor-widget-wp-widget-mh_magazine_spotlight\" data-id=\"55806f7\" data-element_type=\"widget\" data-widget_type=\"wp-widget-mh_magazine_spotlight.default\">\n\t\t\t\t<div class=\"elementor-widget-container\">\n\t\t\t\t\t\t\t<article class=\"mh-spotlight-widget post-3585 post type-post status-publish format-standard has-post-thumbnail category-non-classe-en tag-num_en\">\n\t\t\t\t\t<figure class=\"mh-spotlight-thumb\">\n\t\t\t\t\t\t<a class=\"mh-thumb-icon\" href=\"https:\/\/marianistestg.org\/?p=3585&#038;lang=en\" title=\"Marianists in Numbers\"><img width=\"460\" height=\"381\" src=\"https:\/\/marianistestg.org\/wp-content\/uploads\/2019\/01\/numbers-e1547786735417-460x381.jpg\" class=\"attachment-mh-magazine-content size-mh-magazine-content wp-post-image\" alt=\"\" loading=\"lazy\" \/>\t\t\t\t\t\t<\/a>\n\t\t\t\t\t\t\t\t\t\t\t<\/figure>\n\t\t\t\t\t<div class=\"mh-spotlight-content\">\n\t\t\t\t\t\t<h2 class=\"mh-spotlight-title\">\n\t\t\t\t\t\t\t<a href=\"https:\/\/marianistestg.org\/?p=3585&#038;lang=en\" title=\"Marianists in Numbers\">\n\t\t\t\t\t\t\t\tMarianists in Numbers\t\t\t\t\t\t\t<\/a>\n\t\t\t\t\t\t<\/h2>\n\t\t\t\t\t\t\t\t\t\t\t\t\t\t\t\t\t\t\t<div class=\"mh-excerpt\">0 Marianist Spirit 0 Schools in Togo 0 Communities in Togo 0 Continents in the World 0 Countries in the <a class=\"mh-excerpt-more\" href=\"https:\/\/marianistestg.org\/?p=3585&#038;lang=en\" title=\"Marianists in Numbers\">[...]<\/a><\/div>\t\t\t\t\t\t\t\t\t\t\t<\/div>\n\t\t\t\t<\/article>\t\t<\/div>\n\t\t\t\t<\/div>\n\t\t\t\t\t<\/div>\n\t\t<\/div>\n\t\t\t\t<div class=\"elementor-column elementor-col-33 elementor-top-column elementor-element elementor-element-36cda4a\" data-id=\"36cda4a\" data-element_type=\"column\">\n\t\t\t<div class=\"elementor-widget-wrap elementor-element-populated\">\n\t\t\t\t\t\t\t\t<div class=\"elementor-element elementor-element-32287bf elementor-widget elementor-widget-wp-widget-mh_magazine_custom_posts\" data-id=\"32287bf\" data-element_type=\"widget\" data-widget_type=\"wp-widget-mh_magazine_custom_posts.default\">\n\t\t\t\t<div class=\"elementor-widget-container\">\n\t\t\t\t\t\t<ul class=\"mh-custom-posts-widget clearfix\"> \t\t\t\t\t\t<li class=\"mh-custom-posts-item mh-custom-posts-large clearfix post-3596 post type-post status-publish format-standard has-post-thumbnail category-news-en tag-sixty_en\">\n\t\t\t\t\t\t\t<div class=\"mh-custom-posts-large-inner clearfix\">\n\t\t\t\t\t\t\t\t\t\t\t\t\t\t\t\t\t<figure class=\"mh-custom-posts-thumb-xl\">\n\t\t\t\t\t\t\t\t\t\t<a class=\"mh-thumb-icon mh-thumb-icon-small-mobile\" href=\"https:\/\/marianistestg.org\/?p=3596&#038;lang=en\" title=\"Sixty Years of Marianist Presence in Togo\"><img width=\"264\" height=\"245\" src=\"https:\/\/marianistestg.org\/wp-content\/uploads\/2019\/01\/60ans-264x245.jpg\" class=\"attachment-mh-magazine-medium size-mh-magazine-medium wp-post-image\" alt=\"\" loading=\"lazy\" \/>\t\t\t\t\t\t\t\t\t\t<\/a>\n\t\t\t\t\t\t\t\t\t\t\t\t\t\t\t\t\t\t\t<\/figure>\n\t\t\t\t\t\t\t\t\t\t\t\t\t\t\t\t<div class=\"mh-custom-posts-content\">\n\t\t\t\t\t\t\t\t\t<div class=\"mh-custom-posts-header\">\n\t\t\t\t\t\t\t\t\t\t<h3 class=\"mh-custom-posts-xl-title\">\n\t\t\t\t\t\t\t\t\t\t\t<a href=\"https:\/\/marianistestg.org\/?p=3596&#038;lang=en\" title=\"Sixty Years of Marianist Presence in Togo\">\n\t\t\t\t\t\t\t\t\t\t\t\tSixty Years of Marianist Presence in Togo\t\t\t\t\t\t\t\t\t\t\t<\/a>\n\t\t\t\t\t\t\t\t\t\t<\/h3>\n\t\t\t\t\t\t\t\t\t\t\t\t\t\t\t\t\t\t\t<\/div>\n\t\t\t\t\t\t\t\t\t<div class=\"mh-excerpt\">The solemn opening of the celebration of 60 <a class=\"mh-excerpt-more\" href=\"https:\/\/marianistestg.org\/?p=3596&#038;lang=en\" title=\"Sixty Years of Marianist Presence in Togo\">[...]<\/a><\/div>\t\t\t\t\t\t\t\t<\/div>\n\t\t\t\t\t\t\t<\/div>\n\t\t\t\t\t\t<\/li>\t\t\t<\/ul>\t\t<\/div>\n\t\t\t\t<\/div>\n\t\t\t\t\t<\/div>\n\t\t<\/div>\n\t\t\t\t<div class=\"elementor-column elementor-col-33 elementor-top-column elementor-element elementor-element-814416b\" data-id=\"814416b\" data-element_type=\"column\">\n\t\t\t<div class=\"elementor-widget-wrap elementor-element-populated\">\n\t\t\t\t\t\t\t\t\t<\/div>\n\t\t<\/div>\n\t\t\t\t\t\t\t<\/div>\n\t\t<\/section>\n\t\t\t\t<section class=\"elementor-section elementor-top-section elementor-element elementor-element-2104a5c elementor-section-height-min-height elementor-section-boxed elementor-section-height-default elementor-section-items-middle\" data-id=\"2104a5c\" data-element_type=\"section\">\n\t\t\t\t\t\t<div class=\"elementor-container elementor-column-gap-default\">\n\t\t\t\t\t<div class=\"elementor-column elementor-col-100 elementor-top-column elementor-element elementor-element-1d2c654\" data-id=\"1d2c654\" data-element_type=\"column\">\n\t\t\t<div class=\"elementor-widget-wrap elementor-element-populated\">\n\t\t\t\t\t\t\t\t<div class=\"elementor-element elementor-element-5c4f944 elementor-widget elementor-widget-wp-widget-media_video\" data-id=\"5c4f944\" data-element_type=\"widget\" data-widget_type=\"wp-widget-media_video.default\">\n\t\t\t\t<div class=\"elementor-widget-container\">\n\t\t\t<h5>News Flash Diamond Jubilee<\/h5><div style=\"width:100%;\" class=\"wp-video\"><!--[if lt IE 9]><script>document.createElement('video');<\/script><![endif]-->\n<video class=\"wp-video-shortcode\" id=\"video-3596-1\" preload=\"metadata\" controls=\"controls\"><source type=\"video\/mp4\" src=\"https:\/\/marianistestg.org\/wp-content\/uploads\/2020\/06\/VID-20190107-WA0000.mp4?_=1\" \/><source type=\"video\/mp4\" src=\"http:\/\/localhost\/marianistestg\/wp-content\/uploads\/2020\/06\/VID-20190107-WA0000.mp4?_=1\" \/><a href=\"https:\/\/marianistestg.org\/wp-content\/uploads\/2020\/06\/VID-20190107-WA0000.mp4\">https:\/\/marianistestg.org\/wp-content\/uploads\/2020\/06\/VID-20190107-WA0000.mp4<\/a><\/video><\/div>\t\t<\/div>\n\t\t\t\t<\/div>\n\t\t\t\t\t<\/div>\n\t\t<\/div>\n\t\t\t\t\t\t\t<\/div>\n\t\t<\/section>\n\t\t\t\t\t\t\t<\/div>\n\t\t","protected":false},"excerpt":{"rendered":"<div class=\"mh-excerpt\"><\/div>","protected":false},"author":1,"featured_media":0,"parent":0,"menu_order":0,"comment_status":"closed","ping_status":"closed","template":"template-homepage.php","meta":[],"categories":[],"tags":[],"_links":{"self":[{"href":"https:\/\/marianistestg.org\/index.php?rest_route=\/wp\/v2\/pages\/3289"}],"collection":[{"href":"https:\/\/marianistestg.org\/index.php?rest_route=\/wp\/v2\/pages"}],"about":[{"href":"https:\/\/marianistestg.org\/index.php?rest_route=\/wp\/v2\/types\/page"}],"author":[{"embeddable":true,"href":"https:\/\/marianistestg.org\/index.php?rest_route=\/wp\/v2\/users\/1"}],"replies":[{"embeddable":true,"href":"https:\/\/marianistestg.org\/index.php?rest_route=%2Fwp%2Fv2%2Fcomments&post=3289"}],"version-history":[{"count":39,"href":"https:\/\/marianistestg.org\/index.php?rest_route=\/wp\/v2\/pages\/3289\/revisions"}],"predecessor-version":[{"id":4098,"href":"https:\/\/marianistestg.org\/index.php?rest_route=\/wp\/v2\/pages\/3289\/revisions\/4098"}],"wp:attachment":[{"href":"https:\/\/marianistestg.org\/index.php?rest_route=%2Fwp%2Fv2%2Fmedia&parent=3289"}],"wp:term":[{"taxonomy":"category","embeddable":true,"href":"https:\/\/marianistestg.org\/index.php?rest_route=%2Fwp%2Fv2%2Fcategories&post=3289"},{"taxonomy":"post_tag","embeddable":true,"href":"https:\/\/marianistestg.org\/index.php?rest_route=%2Fwp%2Fv2%2Ftags&post=3289"}],"curies":[{"name":"wp","href":"https:\/\/api.w.org\/{rel}","templated":true}]}}