{"id":2594,"date":"2019-05-20T19:28:27","date_gmt":"2019-05-20T19:28:27","guid":{"rendered":"https:\/\/marianistestg.org\/?page_id=2594"},"modified":"2020-09-30T19:53:25","modified_gmt":"2020-10-01T00:53:25","slug":"eclectiques","status":"publish","type":"page","link":"https:\/\/marianistestg.org\/?page_id=2594","title":{"rendered":"Eclectiques"},"content":{"rendered":"\t\t<div data-elementor-type=\"wp-post\" data-elementor-id=\"2594\" class=\"elementor elementor-2594\">\n\t\t\t\t\t\t\t\t\t<section class=\"elementor-section elementor-top-section elementor-element elementor-element-aa06d5e elementor-section-boxed elementor-section-height-default elementor-section-height-default\" data-id=\"aa06d5e\" data-element_type=\"section\">\n\t\t\t\t\t\t<div class=\"elementor-container elementor-column-gap-default\">\n\t\t\t\t\t<div class=\"elementor-column elementor-col-100 elementor-top-column elementor-element elementor-element-a707a32\" data-id=\"a707a32\" data-element_type=\"column\">\n\t\t\t<div class=\"elementor-widget-wrap elementor-element-populated\">\n\t\t\t\t\t\t\t\t<section class=\"elementor-section elementor-inner-section elementor-element elementor-element-0178179 elementor-section-boxed elementor-section-height-default elementor-section-height-default\" data-id=\"0178179\" data-element_type=\"section\">\n\t\t\t\t\t\t<div class=\"elementor-container elementor-column-gap-default\">\n\t\t\t\t\t<div class=\"elementor-column elementor-col-50 elementor-inner-column elementor-element elementor-element-c8adf81\" data-id=\"c8adf81\" data-element_type=\"column\">\n\t\t\t<div class=\"elementor-widget-wrap elementor-element-populated\">\n\t\t\t\t\t\t\t\t<div class=\"elementor-element elementor-element-c2fd53e elementor-position-top elementor-widget elementor-widget-image-box\" data-id=\"c2fd53e\" data-element_type=\"widget\" data-widget_type=\"image-box.default\">\n\t\t\t\t<div class=\"elementor-widget-container\">\n\t\t\t<div class=\"elementor-image-box-wrapper\"><figure class=\"elementor-image-box-img\"><a href=\"https:\/\/marianistestg.org\/?p=4018\" tabindex=\"-1\"><img width=\"597\" height=\"332\" src=\"https:\/\/marianistestg.org\/wp-content\/uploads\/2020\/09\/mattle.jpg\" class=\"attachment-full size-full wp-image-4012\" alt=\"\" loading=\"lazy\" srcset=\"https:\/\/marianistestg.org\/wp-content\/uploads\/2020\/09\/mattle.jpg 597w, https:\/\/marianistestg.org\/wp-content\/uploads\/2020\/09\/mattle-300x167.jpg 300w\" sizes=\"(max-width: 597px) 100vw, 597px\" \/><\/a><\/figure><div class=\"elementor-image-box-content\"><h3 class=\"elementor-image-box-title\"><a href=\"https:\/\/marianistestg.org\/?p=4018\">A la d\u00e9couverte du Lyc\u00e9e Marianiste Robert Mattl\u00e9<\/a><\/h3><p class=\"elementor-image-box-description\">.<\/p><\/div><\/div>\t\t<\/div>\n\t\t\t\t<\/div>\n\t\t\t\t\t<\/div>\n\t\t<\/div>\n\t\t\t\t<div class=\"elementor-column elementor-col-50 elementor-inner-column elementor-element elementor-element-70a1e31\" data-id=\"70a1e31\" data-element_type=\"column\">\n\t\t\t<div class=\"elementor-widget-wrap elementor-element-populated\">\n\t\t\t\t\t\t\t\t<div class=\"elementor-element elementor-element-2d333db elementor-position-top elementor-widget elementor-widget-image-box\" data-id=\"2d333db\" data-element_type=\"widget\" data-widget_type=\"image-box.default\">\n\t\t\t\t<div class=\"elementor-widget-container\">\n\t\t\t<div class=\"elementor-image-box-wrapper\"><figure class=\"elementor-image-box-img\"><a href=\"https:\/\/marianistestg.org\/\/?p=2622\" tabindex=\"-1\"><img width=\"1024\" height=\"683\" src=\"https:\/\/marianistestg.org\/wp-content\/uploads\/2019\/05\/pic1.jpg\" class=\"attachment-full size-full wp-image-2624\" alt=\"\" loading=\"lazy\" srcset=\"https:\/\/marianistestg.org\/wp-content\/uploads\/2019\/05\/pic1.jpg 1024w, https:\/\/marianistestg.org\/wp-content\/uploads\/2019\/05\/pic1-300x200.jpg 300w, https:\/\/marianistestg.org\/wp-content\/uploads\/2019\/05\/pic1-768x512.jpg 768w\" sizes=\"(max-width: 1024px) 100vw, 1024px\" \/><\/a><\/figure><div class=\"elementor-image-box-content\"><h3 class=\"elementor-image-box-title\"><a href=\"https:\/\/marianistestg.org\/\/?p=2622\">A la d\u00e9couverte du Coll\u00e8ge Ad\u00e8le de Kara (Togo)<\/a><\/h3><\/div><\/div>\t\t<\/div>\n\t\t\t\t<\/div>\n\t\t\t\t\t<\/div>\n\t\t<\/div>\n\t\t\t\t\t\t\t<\/div>\n\t\t<\/section>\n\t\t\t\t\t<\/div>\n\t\t<\/div>\n\t\t\t\t\t\t\t<\/div>\n\t\t<\/section>\n\t\t\t\t<section class=\"elementor-section elementor-top-section elementor-element elementor-element-d6dee01 elementor-section-boxed elementor-section-height-default elementor-section-height-default\" data-id=\"d6dee01\" data-element_type=\"section\">\n\t\t\t\t\t\t<div class=\"elementor-container elementor-column-gap-default\">\n\t\t\t\t\t<div class=\"elementor-column elementor-col-100 elementor-top-column elementor-element elementor-element-0d70a48\" data-id=\"0d70a48\" data-element_type=\"column\">\n\t\t\t<div class=\"elementor-widget-wrap\">\n\t\t\t\t\t\t\t\t\t<\/div>\n\t\t<\/div>\n\t\t\t\t\t\t\t<\/div>\n\t\t<\/section>\n\t\t\t\t\t\t\t<\/div>\n\t\t","protected":false},"excerpt":{"rendered":"<div class=\"mh-excerpt\"><p>A la d\u00e9couverte du Lyc\u00e9e Marianiste Robert Mattl\u00e9 . A la d\u00e9couverte du Coll\u00e8ge Ad\u00e8le de Kara (Togo)<\/p>\n<\/div>","protected":false},"author":1,"featured_media":0,"parent":0,"menu_order":0,"comment_status":"closed","ping_status":"closed","template":"","meta":[],"categories":[47],"tags":[],"_links":{"self":[{"href":"https:\/\/marianistestg.org\/index.php?rest_route=\/wp\/v2\/pages\/2594"}],"collection":[{"href":"https:\/\/marianistestg.org\/index.php?rest_route=\/wp\/v2\/pages"}],"about":[{"href":"https:\/\/marianistestg.org\/index.php?rest_route=\/wp\/v2\/types\/page"}],"author":[{"embeddable":true,"href":"https:\/\/marianistestg.org\/index.php?rest_route=\/wp\/v2\/users\/1"}],"replies":[{"embeddable":true,"href":"https:\/\/marianistestg.org\/index.php?rest_route=%2Fwp%2Fv2%2Fcomments&post=2594"}],"version-history":[{"count":8,"href":"https:\/\/marianistestg.org\/index.php?rest_route=\/wp\/v2\/pages\/2594\/revisions"}],"predecessor-version":[{"id":4029,"href":"https:\/\/marianistestg.org\/index.php?rest_route=\/wp\/v2\/pages\/2594\/revisions\/4029"}],"wp:attachment":[{"href":"https:\/\/marianistestg.org\/index.php?rest_route=%2Fwp%2Fv2%2Fmedia&parent=2594"}],"wp:term":[{"taxonomy":"category","embeddable":true,"href":"https:\/\/marianistestg.org\/index.php?rest_route=%2Fwp%2Fv2%2Fcategories&post=2594"},{"taxonomy":"post_tag","embeddable":true,"href":"https:\/\/marianistestg.org\/index.php?rest_route=%2Fwp%2Fv2%2Ftags&post=2594"}],"curies":[{"name":"wp","href":"https:\/\/api.w.org\/{rel}","templated":true}]}}