{"id":1967,"date":"2019-01-06T18:59:03","date_gmt":"2019-01-06T18:59:03","guid":{"rendered":"http:\/\/marianistestg.org\/?page_id=1967"},"modified":"2020-12-08T10:32:51","modified_gmt":"2020-12-08T15:32:51","slug":"contact-vocation","status":"publish","type":"page","link":"https:\/\/marianistestg.org\/?page_id=1967","title":{"rendered":"Contact Vocation"},"content":{"rendered":"\t\t<div data-elementor-type=\"wp-post\" data-elementor-id=\"1967\" class=\"elementor elementor-1967\">\n\t\t\t\t\t\t\t\t\t<section class=\"elementor-section elementor-top-section elementor-element elementor-element-f0e93c8 elementor-section-boxed elementor-section-height-default elementor-section-height-default\" data-id=\"f0e93c8\" data-element_type=\"section\">\n\t\t\t\t\t\t<div class=\"elementor-container elementor-column-gap-default\">\n\t\t\t\t\t<div class=\"elementor-column elementor-col-100 elementor-top-column elementor-element elementor-element-3916804\" data-id=\"3916804\" data-element_type=\"column\">\n\t\t\t<div class=\"elementor-widget-wrap elementor-element-populated\">\n\t\t\t\t\t\t\t\t<div class=\"elementor-element elementor-element-93fdbe6 elementor-widget elementor-widget-text-editor\" data-id=\"93fdbe6\" data-element_type=\"widget\" data-widget_type=\"text-editor.default\">\n\t\t\t\t<div class=\"elementor-widget-container\">\n\t\t\t\t\t\t\t<h3>Te sens-tu appel\u00e9 \u00e0 la vie religieuse marianiste? Nous sommes dispos\u00e9s \u00e0 t&#8217;accompagner dans ton discernement.<\/h3>\t\t\t\t\t\t<\/div>\n\t\t\t\t<\/div>\n\t\t\t\t\t<\/div>\n\t\t<\/div>\n\t\t\t\t\t\t\t<\/div>\n\t\t<\/section>\n\t\t\t\t<section class=\"elementor-section elementor-top-section elementor-element elementor-element-c78f3f1 elementor-section-boxed elementor-section-height-default elementor-section-height-default\" data-id=\"c78f3f1\" data-element_type=\"section\">\n\t\t\t\t\t\t<div class=\"elementor-container elementor-column-gap-default\">\n\t\t\t\t\t<div class=\"elementor-column elementor-col-100 elementor-top-column elementor-element elementor-element-ea8014b\" data-id=\"ea8014b\" data-element_type=\"column\">\n\t\t\t<div class=\"elementor-widget-wrap elementor-element-populated\">\n\t\t\t\t\t\t\t\t<div class=\"elementor-element elementor-element-b11bce8 elementor-widget elementor-widget-text-editor\" data-id=\"b11bce8\" data-element_type=\"widget\" data-widget_type=\"text-editor.default\">\n\t\t\t\t<div class=\"elementor-widget-container\">\n\t\t\t\t\t\t\t<h3>Responsable Vocations<\/h3><p>Fr. Stanislas Limdeyou<\/p><p>BP 23<\/p><p>Kara, TOGO<\/p><p><a href=\"mailto:Limdeyous@yahoo.fr\">Limdeyous@yahoo.fr<\/a><\/p>\t\t\t\t\t\t<\/div>\n\t\t\t\t<\/div>\n\t\t\t\t\t<\/div>\n\t\t<\/div>\n\t\t\t\t\t\t\t<\/div>\n\t\t<\/section>\n\t\t\t\t<section class=\"elementor-section elementor-top-section elementor-element elementor-element-65180b0 elementor-section-boxed elementor-section-height-default elementor-section-height-default\" data-id=\"65180b0\" data-element_type=\"section\">\n\t\t\t\t\t\t<div class=\"elementor-container elementor-column-gap-default\">\n\t\t\t\t\t<div class=\"elementor-column elementor-col-100 elementor-top-column elementor-element elementor-element-afc55a5\" data-id=\"afc55a5\" data-element_type=\"column\">\n\t\t\t<div class=\"elementor-widget-wrap elementor-element-populated\">\n\t\t\t\t\t\t\t\t<div class=\"elementor-element elementor-element-f0f73a1 elementor-widget elementor-widget-text-editor\" data-id=\"f0f73a1\" data-element_type=\"widget\" data-widget_type=\"text-editor.default\">\n\t\t\t\t<div class=\"elementor-widget-container\">\n\t\t\t\t\t\t\t<h3>Conseiller Vie Religieuse<\/h3><p>P. Matthieu Balana<\/p><p>BP 23<\/p><p>Kara, TOGO<\/p><p><a href=\"mailto:office2zele.reto@gmail.com\">office2zele.reto@gmail.com<\/a><\/p>\t\t\t\t\t\t<\/div>\n\t\t\t\t<\/div>\n\t\t\t\t\t<\/div>\n\t\t<\/div>\n\t\t\t\t\t\t\t<\/div>\n\t\t<\/section>\n\t\t\t\t\t\t\t<\/div>\n\t\t","protected":false},"excerpt":{"rendered":"<div class=\"mh-excerpt\"><p>Te sens-tu appel\u00e9 \u00e0 la vie religieuse marianiste? Nous sommes dispos\u00e9s \u00e0 t&#8217;accompagner dans ton discernement. Responsable Vocations Fr. Stanislas Limdeyou BP 23 Kara, TOGO <a class=\"mh-excerpt-more\" href=\"https:\/\/marianistestg.org\/?page_id=1967\" title=\"Contact Vocation\">[&#8230;]<\/a><\/p>\n<\/div>","protected":false},"author":1,"featured_media":0,"parent":0,"menu_order":0,"comment_status":"closed","ping_status":"closed","template":"","meta":[],"categories":[],"tags":[],"_links":{"self":[{"href":"https:\/\/marianistestg.org\/index.php?rest_route=\/wp\/v2\/pages\/1967"}],"collection":[{"href":"https:\/\/marianistestg.org\/index.php?rest_route=\/wp\/v2\/pages"}],"about":[{"href":"https:\/\/marianistestg.org\/index.php?rest_route=\/wp\/v2\/types\/page"}],"author":[{"embeddable":true,"href":"https:\/\/marianistestg.org\/index.php?rest_route=\/wp\/v2\/users\/1"}],"replies":[{"embeddable":true,"href":"https:\/\/marianistestg.org\/index.php?rest_route=%2Fwp%2Fv2%2Fcomments&post=1967"}],"version-history":[{"count":9,"href":"https:\/\/marianistestg.org\/index.php?rest_route=\/wp\/v2\/pages\/1967\/revisions"}],"predecessor-version":[{"id":4512,"href":"https:\/\/marianistestg.org\/index.php?rest_route=\/wp\/v2\/pages\/1967\/revisions\/4512"}],"wp:attachment":[{"href":"https:\/\/marianistestg.org\/index.php?rest_route=%2Fwp%2Fv2%2Fmedia&parent=1967"}],"wp:term":[{"taxonomy":"category","embeddable":true,"href":"https:\/\/marianistestg.org\/index.php?rest_route=%2Fwp%2Fv2%2Fcategories&post=1967"},{"taxonomy":"post_tag","embeddable":true,"href":"https:\/\/marianistestg.org\/index.php?rest_route=%2Fwp%2Fv2%2Ftags&post=1967"}],"curies":[{"name":"wp","href":"https:\/\/api.w.org\/{rel}","templated":true}]}}