{"id":1845,"date":"2019-01-04T19:54:25","date_gmt":"2019-01-04T19:54:25","guid":{"rendered":"http:\/\/marianistestg.org\/?page_id=1845"},"modified":"2020-09-02T20:45:07","modified_gmt":"2020-09-03T01:45:07","slug":"devenir-partenaire","status":"publish","type":"page","link":"https:\/\/marianistestg.org\/?page_id=1845","title":{"rendered":"Apporter Votre Contribution"},"content":{"rendered":"\t\t<div data-elementor-type=\"wp-post\" data-elementor-id=\"1845\" class=\"elementor elementor-1845\">\n\t\t\t\t\t\t\t\t\t<section class=\"elementor-section elementor-top-section elementor-element elementor-element-ec1a444 elementor-section-boxed elementor-section-height-default elementor-section-height-default\" data-id=\"ec1a444\" data-element_type=\"section\">\n\t\t\t\t\t\t<div class=\"elementor-container elementor-column-gap-default\">\n\t\t\t\t\t<div class=\"elementor-column elementor-col-100 elementor-top-column elementor-element elementor-element-c9035ea\" data-id=\"c9035ea\" data-element_type=\"column\">\n\t\t\t<div class=\"elementor-widget-wrap elementor-element-populated\">\n\t\t\t\t\t\t\t\t<div class=\"elementor-element elementor-element-46b6a12 elementor-widget elementor-widget-text-editor\" data-id=\"46b6a12\" data-element_type=\"widget\" data-widget_type=\"text-editor.default\">\n\t\t\t\t<div class=\"elementor-widget-container\">\n\t\t\t\t\t\t\t<p><img loading=\"lazy\" class=\"size-medium wp-image-1858 aligncenter\" src=\"http:\/\/marianistestg.org\/wp-content\/uploads\/2019\/01\/heart-300x300.png\" alt=\"\" width=\"300\" height=\"300\" srcset=\"https:\/\/marianistestg.org\/wp-content\/uploads\/2019\/01\/heart-300x300.png 300w, https:\/\/marianistestg.org\/wp-content\/uploads\/2019\/01\/heart-150x150.png 150w, https:\/\/marianistestg.org\/wp-content\/uploads\/2019\/01\/heart.png 512w\" sizes=\"(max-width: 300px) 100vw, 300px\" \/>Les Marianistes, \u00e0 travers leurs oeuvres et projets, ont apport\u00e9 assistance \u00e0 des centaines d&#8217;enfants, jeunes et adultes sur toute l&#8217;\u00e9tendue du territoire togolais et au-del\u00e0. Mais les besoins se font toujours grandissants, et les ressources disponibles insuffisantes. Les projets sont financ\u00e9s par des g\u00e9n\u00e9rosit\u00e9s personnelles de personnes qui ont un coeur \u00e0 partager.<\/p>\n<p><img loading=\"lazy\" class=\"aligncenter wp-image-1849 size-full\" src=\"http:\/\/marianistestg.org\/wp-content\/uploads\/2019\/01\/help.jpg\" alt=\"\" width=\"521\" height=\"391\" srcset=\"https:\/\/marianistestg.org\/wp-content\/uploads\/2019\/01\/help.jpg 521w, https:\/\/marianistestg.org\/wp-content\/uploads\/2019\/01\/help-300x225.jpg 300w, https:\/\/marianistestg.org\/wp-content\/uploads\/2019\/01\/help-326x245.jpg 326w, https:\/\/marianistestg.org\/wp-content\/uploads\/2019\/01\/help-80x60.jpg 80w\" sizes=\"(max-width: 521px) 100vw, 521px\" \/><\/p>\n<p>Si vous souhaitez contribuer de votre <strong>temps<\/strong>, <strong>talents<\/strong> ou <strong>ressources<\/strong> de quel que genre, veuillez-nous contacter \u00e0 l&#8217;adresse ci-dessous ou utiliser notre formulaire&nbsp; de contact. Entre autres possibilit\u00e9s, vous pourrez:<\/p>\n<ul>\n<li>Apporter un appui \u00e0 l&#8217;un des projets<\/li>\n<li>Sponsoriser un \u00e9l\u00e8ve dans l&#8217;une des \u00e9coles<\/li>\n<li>Partager de votre expertise avec le personnel\/\u00e9l\u00e8ves des \u00e9coles\/oeuvres<\/li>\n<li>Entreprendre un projet de renforcement \u00e0 l&#8217;\u00e9gard des \u00e9coles\/projets<\/li>\n<li>Etc&#8230;<\/li>\n<\/ul>\n<p>Nous contacter vous permettra d&#8217;avoir plus d&#8217;informations sur les projets et les besoins. Vous pourez aussi sp\u00e9cifier la destination de votre apport, de m\u00eame que les modalit\u00e9s de la contribution. Vous suivrez la progression de votre&nbsp; apport. Merci de votre g\u00e9n\u00e9rosit\u00e9.<\/p>\t\t\t\t\t\t<\/div>\n\t\t\t\t<\/div>\n\t\t\t\t\t<\/div>\n\t\t<\/div>\n\t\t\t\t\t\t\t<\/div>\n\t\t<\/section>\n\t\t\t\t<section class=\"elementor-section elementor-top-section elementor-element elementor-element-c9b838b elementor-section-boxed elementor-section-height-default elementor-section-height-default\" data-id=\"c9b838b\" data-element_type=\"section\">\n\t\t\t\t\t\t<div class=\"elementor-container elementor-column-gap-default\">\n\t\t\t\t\t<div class=\"elementor-column elementor-col-100 elementor-top-column elementor-element elementor-element-32b16ee\" data-id=\"32b16ee\" data-element_type=\"column\">\n\t\t\t<div class=\"elementor-widget-wrap elementor-element-populated\">\n\t\t\t\t\t\t\t\t<div class=\"elementor-element elementor-element-6cf55f1 elementor-widget elementor-widget-image\" data-id=\"6cf55f1\" data-element_type=\"widget\" data-widget_type=\"image.default\">\n\t\t\t\t<div class=\"elementor-widget-container\">\n\t\t\t\t\t\t\t\t\t\t\t\t\t\t\t<img width=\"300\" height=\"225\" src=\"https:\/\/marianistestg.org\/wp-content\/uploads\/2019\/01\/Odd-Squad-Charity-300x225.png\" class=\"attachment-medium size-medium wp-image-1851\" alt=\"\" loading=\"lazy\" srcset=\"https:\/\/marianistestg.org\/wp-content\/uploads\/2019\/01\/Odd-Squad-Charity-300x225.png 300w, https:\/\/marianistestg.org\/wp-content\/uploads\/2019\/01\/Odd-Squad-Charity-326x245.png 326w, https:\/\/marianistestg.org\/wp-content\/uploads\/2019\/01\/Odd-Squad-Charity-80x60.png 80w, https:\/\/marianistestg.org\/wp-content\/uploads\/2019\/01\/Odd-Squad-Charity.png 500w\" sizes=\"(max-width: 300px) 100vw, 300px\" \/>\t\t\t\t\t\t\t\t\t\t\t\t\t\t\t<\/div>\n\t\t\t\t<\/div>\n\t\t\t\t\t<\/div>\n\t\t<\/div>\n\t\t\t\t\t\t\t<\/div>\n\t\t<\/section>\n\t\t\t\t<section class=\"elementor-section elementor-top-section elementor-element elementor-element-6b06eef elementor-section-boxed elementor-section-height-default elementor-section-height-default\" data-id=\"6b06eef\" data-element_type=\"section\">\n\t\t\t\t\t\t<div class=\"elementor-container elementor-column-gap-default\">\n\t\t\t\t\t<div class=\"elementor-column elementor-col-100 elementor-top-column elementor-element elementor-element-de31d7b\" data-id=\"de31d7b\" data-element_type=\"column\">\n\t\t\t<div class=\"elementor-widget-wrap elementor-element-populated\">\n\t\t\t\t\t\t\t\t<div class=\"elementor-element elementor-element-f8080fc elementor-widget-divider--view-line elementor-widget elementor-widget-divider\" data-id=\"f8080fc\" data-element_type=\"widget\" data-widget_type=\"divider.default\">\n\t\t\t\t<div class=\"elementor-widget-container\">\n\t\t\t\t\t<div class=\"elementor-divider\">\n\t\t\t<span class=\"elementor-divider-separator\">\n\t\t\t\t\t\t<\/span>\n\t\t<\/div>\n\t\t\t\t<\/div>\n\t\t\t\t<\/div>\n\t\t\t\t\t<\/div>\n\t\t<\/div>\n\t\t\t\t\t\t\t<\/div>\n\t\t<\/section>\n\t\t\t\t<section class=\"elementor-section elementor-top-section elementor-element elementor-element-1f61da2 elementor-section-boxed elementor-section-height-default elementor-section-height-default\" data-id=\"1f61da2\" data-element_type=\"section\">\n\t\t\t\t\t\t<div class=\"elementor-container elementor-column-gap-default\">\n\t\t\t\t\t<div class=\"elementor-column elementor-col-100 elementor-top-column elementor-element elementor-element-66f70c2\" data-id=\"66f70c2\" data-element_type=\"column\">\n\t\t\t<div class=\"elementor-widget-wrap elementor-element-populated\">\n\t\t\t\t\t\t\t\t<div class=\"elementor-element elementor-element-5f599fe elementor-widget elementor-widget-heading\" data-id=\"5f599fe\" data-element_type=\"widget\" data-widget_type=\"heading.default\">\n\t\t\t\t<div class=\"elementor-widget-container\">\n\t\t\t<h2 class=\"elementor-heading-title elementor-size-default\">Adresse<\/h2>\t\t<\/div>\n\t\t\t\t<\/div>\n\t\t\t\t\t<\/div>\n\t\t<\/div>\n\t\t\t\t\t\t\t<\/div>\n\t\t<\/section>\n\t\t\t\t<section class=\"elementor-section elementor-top-section elementor-element elementor-element-364801b elementor-section-boxed elementor-section-height-default elementor-section-height-default\" data-id=\"364801b\" data-element_type=\"section\">\n\t\t\t\t\t\t<div class=\"elementor-container elementor-column-gap-default\">\n\t\t\t\t\t<div class=\"elementor-column elementor-col-100 elementor-top-column elementor-element elementor-element-b2ef042\" data-id=\"b2ef042\" data-element_type=\"column\">\n\t\t\t<div class=\"elementor-widget-wrap elementor-element-populated\">\n\t\t\t\t\t\t\t\t<div class=\"elementor-element elementor-element-fd0b7d1 elementor-widget elementor-widget-text-editor\" data-id=\"fd0b7d1\" data-element_type=\"widget\" data-widget_type=\"text-editor.default\">\n\t\t\t\t<div class=\"elementor-widget-container\">\n\t\t\t\t\t\t\t<p>Administration R\u00e9gionale<\/p><p>BP 23<\/p><p>Kara, TOGO<\/p><p><a href=\"mailto:secretariat.reto@gmail.com\">secretariat.reto@gmail.com<\/a><\/p><p><a href=\"marianistes@marianistestg.org\"><br \/><\/a>Phone: (+228) 26 60 01 56<\/p>\t\t\t\t\t\t<\/div>\n\t\t\t\t<\/div>\n\t\t\t\t\t<\/div>\n\t\t<\/div>\n\t\t\t\t\t\t\t<\/div>\n\t\t<\/section>\n\t\t\t\t<section class=\"elementor-section elementor-top-section elementor-element elementor-element-3b18e78 elementor-section-boxed elementor-section-height-default elementor-section-height-default\" data-id=\"3b18e78\" data-element_type=\"section\">\n\t\t\t\t\t\t<div class=\"elementor-container elementor-column-gap-default\">\n\t\t\t\t\t<div class=\"elementor-column elementor-col-100 elementor-top-column elementor-element elementor-element-bae4430\" data-id=\"bae4430\" data-element_type=\"column\">\n\t\t\t<div class=\"elementor-widget-wrap elementor-element-populated\">\n\t\t\t\t\t\t\t\t<div class=\"elementor-element elementor-element-24c2536 elementor-widget-divider--view-line elementor-widget elementor-widget-divider\" data-id=\"24c2536\" data-element_type=\"widget\" data-widget_type=\"divider.default\">\n\t\t\t\t<div class=\"elementor-widget-container\">\n\t\t\t\t\t<div class=\"elementor-divider\">\n\t\t\t<span class=\"elementor-divider-separator\">\n\t\t\t\t\t\t<\/span>\n\t\t<\/div>\n\t\t\t\t<\/div>\n\t\t\t\t<\/div>\n\t\t\t\t\t<\/div>\n\t\t<\/div>\n\t\t\t\t\t\t\t<\/div>\n\t\t<\/section>\n\t\t\t\t<section class=\"elementor-section elementor-top-section elementor-element elementor-element-b8ee5ee elementor-section-boxed elementor-section-height-default elementor-section-height-default\" data-id=\"b8ee5ee\" data-element_type=\"section\">\n\t\t\t\t\t\t<div class=\"elementor-container elementor-column-gap-default\">\n\t\t\t\t\t<div class=\"elementor-column elementor-col-100 elementor-top-column elementor-element elementor-element-3e80468\" data-id=\"3e80468\" data-element_type=\"column\">\n\t\t\t<div class=\"elementor-widget-wrap elementor-element-populated\">\n\t\t\t\t\t\t\t\t<div class=\"elementor-element elementor-element-aa35665 elementor-widget elementor-widget-heading\" data-id=\"aa35665\" data-element_type=\"widget\" data-widget_type=\"heading.default\">\n\t\t\t\t<div class=\"elementor-widget-container\">\n\t\t\t<h2 class=\"elementor-heading-title elementor-size-default\">Formulaire de Contact<\/h2>\t\t<\/div>\n\t\t\t\t<\/div>\n\t\t\t\t\t<\/div>\n\t\t<\/div>\n\t\t\t\t\t\t\t<\/div>\n\t\t<\/section>\n\t\t\t\t<section class=\"elementor-section elementor-top-section elementor-element elementor-element-aab3b2d elementor-section-boxed elementor-section-height-default elementor-section-height-default\" data-id=\"aab3b2d\" data-element_type=\"section\">\n\t\t\t\t\t\t<div class=\"elementor-container elementor-column-gap-default\">\n\t\t\t\t\t<div class=\"elementor-column elementor-col-100 elementor-top-column elementor-element elementor-element-8ef7094\" data-id=\"8ef7094\" data-element_type=\"column\">\n\t\t\t<div class=\"elementor-widget-wrap elementor-element-populated\">\n\t\t\t\t\t\t\t\t<div class=\"elementor-element elementor-element-0bddfe5 elementor-widget elementor-widget-shortcode\" data-id=\"0bddfe5\" data-element_type=\"widget\" data-widget_type=\"shortcode.default\">\n\t\t\t\t<div class=\"elementor-widget-container\">\n\t\t\t\t\t<div class=\"elementor-shortcode\"><div class=\"wpcf7 no-js\" id=\"wpcf7-f2301-o1\" lang=\"fr-FR\" dir=\"ltr\">\n<div class=\"screen-reader-response\"><p role=\"status\" aria-live=\"polite\" aria-atomic=\"true\"><\/p> <ul><\/ul><\/div>\n<form action=\"\/index.php?rest_route=%2Fwp%2Fv2%2Fpages%2F1845#wpcf7-f2301-o1\" method=\"post\" class=\"wpcf7-form init\" aria-label=\"Formulaire de contact\" novalidate=\"novalidate\" data-status=\"init\">\n<div style=\"display: none;\">\n<input type=\"hidden\" name=\"_wpcf7\" value=\"2301\" \/>\n<input type=\"hidden\" name=\"_wpcf7_version\" value=\"5.7.2\" \/>\n<input type=\"hidden\" name=\"_wpcf7_locale\" value=\"fr_FR\" \/>\n<input type=\"hidden\" name=\"_wpcf7_unit_tag\" value=\"wpcf7-f2301-o1\" \/>\n<input type=\"hidden\" name=\"_wpcf7_container_post\" value=\"0\" \/>\n<input type=\"hidden\" name=\"_wpcf7_posted_data_hash\" value=\"\" \/>\n<\/div>\n<p><label> Votre nom (obligatoire)<br \/>\n<span class=\"wpcf7-form-control-wrap\" data-name=\"your-name\"><input size=\"40\" class=\"wpcf7-form-control wpcf7-text wpcf7-validates-as-required\" aria-required=\"true\" aria-invalid=\"false\" value=\"\" type=\"text\" name=\"your-name\" \/><\/span> <\/label>\n<\/p>\n<p><label> Votre adresse de messagerie (obligatoire)<br \/>\n<span class=\"wpcf7-form-control-wrap\" data-name=\"your-email\"><input size=\"40\" class=\"wpcf7-form-control wpcf7-text wpcf7-email wpcf7-validates-as-required wpcf7-validates-as-email\" aria-required=\"true\" aria-invalid=\"false\" value=\"\" type=\"email\" name=\"your-email\" \/><\/span> <\/label>\n<\/p>\n<p><label> Objet<br \/>\n<span class=\"wpcf7-form-control-wrap\" data-name=\"your-subject\"><input size=\"40\" class=\"wpcf7-form-control wpcf7-text\" aria-invalid=\"false\" value=\"\" type=\"text\" name=\"your-subject\" \/><\/span> <\/label>\n<\/p>\n<p><label> Votre message<br \/>\n<span class=\"wpcf7-form-control-wrap\" data-name=\"your-message\"><textarea cols=\"40\" rows=\"10\" class=\"wpcf7-form-control wpcf7-textarea\" aria-invalid=\"false\" name=\"your-message\"><\/textarea><\/span> <\/label>\n<\/p>\n<p><input class=\"wpcf7-form-control has-spinner wpcf7-submit\" type=\"submit\" value=\"Envoyer\" \/>\n<\/p><div class=\"wpcf7-response-output\" aria-hidden=\"true\"><\/div><\/form><\/div><\/div>\n\t\t\t\t<\/div>\n\t\t\t\t<\/div>\n\t\t\t\t\t<\/div>\n\t\t<\/div>\n\t\t\t\t\t\t\t<\/div>\n\t\t<\/section>\n\t\t\t\t\t\t\t<\/div>\n\t\t","protected":false},"excerpt":{"rendered":"<div class=\"mh-excerpt\"><p>Les Marianistes, \u00e0 travers leurs oeuvres et projets, ont apport\u00e9 assistance \u00e0 des centaines d&#8217;enfants, jeunes et adultes sur toute l&#8217;\u00e9tendue du territoire togolais et <a class=\"mh-excerpt-more\" href=\"https:\/\/marianistestg.org\/?page_id=1845\" title=\"Apporter Votre Contribution\">[&#8230;]<\/a><\/p>\n<\/div>","protected":false},"author":1,"featured_media":1858,"parent":0,"menu_order":0,"comment_status":"closed","ping_status":"closed","template":"","meta":[],"categories":[7],"tags":[],"_links":{"self":[{"href":"https:\/\/marianistestg.org\/index.php?rest_route=\/wp\/v2\/pages\/1845"}],"collection":[{"href":"https:\/\/marianistestg.org\/index.php?rest_route=\/wp\/v2\/pages"}],"about":[{"href":"https:\/\/marianistestg.org\/index.php?rest_route=\/wp\/v2\/types\/page"}],"author":[{"embeddable":true,"href":"https:\/\/marianistestg.org\/index.php?rest_route=\/wp\/v2\/users\/1"}],"replies":[{"embeddable":true,"href":"https:\/\/marianistestg.org\/index.php?rest_route=%2Fwp%2Fv2%2Fcomments&post=1845"}],"version-history":[{"count":23,"href":"https:\/\/marianistestg.org\/index.php?rest_route=\/wp\/v2\/pages\/1845\/revisions"}],"predecessor-version":[{"id":3892,"href":"https:\/\/marianistestg.org\/index.php?rest_route=\/wp\/v2\/pages\/1845\/revisions\/3892"}],"wp:featuredmedia":[{"embeddable":true,"href":"https:\/\/marianistestg.org\/index.php?rest_route=\/wp\/v2\/media\/1858"}],"wp:attachment":[{"href":"https:\/\/marianistestg.org\/index.php?rest_route=%2Fwp%2Fv2%2Fmedia&parent=1845"}],"wp:term":[{"taxonomy":"category","embeddable":true,"href":"https:\/\/marianistestg.org\/index.php?rest_route=%2Fwp%2Fv2%2Fcategories&post=1845"},{"taxonomy":"post_tag","embeddable":true,"href":"https:\/\/marianistestg.org\/index.php?rest_route=%2Fwp%2Fv2%2Ftags&post=1845"}],"curies":[{"name":"wp","href":"https:\/\/api.w.org\/{rel}","templated":true}]}}