{"id":1621,"date":"2019-01-02T13:20:17","date_gmt":"2019-01-02T13:20:17","guid":{"rendered":"http:\/\/marianistestg.org\/?page_id=1621"},"modified":"2020-06-12T22:15:36","modified_gmt":"2020-06-13T03:15:36","slug":"manos-unidas","status":"publish","type":"page","link":"https:\/\/marianistestg.org\/?page_id=1621","title":{"rendered":"Manos Unidas"},"content":{"rendered":"\t\t<div data-elementor-type=\"wp-post\" data-elementor-id=\"1621\" class=\"elementor elementor-1621 elementor-bc-flex-widget\">\n\t\t\t\t\t\t\t\t\t<section class=\"elementor-section elementor-top-section elementor-element elementor-element-f409457 elementor-section-boxed elementor-section-height-default elementor-section-height-default\" data-id=\"f409457\" data-element_type=\"section\">\n\t\t\t\t\t\t<div class=\"elementor-container elementor-column-gap-default\">\n\t\t\t\t\t<div class=\"elementor-column elementor-col-100 elementor-top-column elementor-element elementor-element-b8d92dd\" data-id=\"b8d92dd\" data-element_type=\"column\">\n\t\t\t<div class=\"elementor-widget-wrap elementor-element-populated\">\n\t\t\t\t\t\t\t\t<div class=\"elementor-element elementor-element-81b29fc elementor-widget elementor-widget-text-editor\" data-id=\"81b29fc\" data-element_type=\"widget\" data-widget_type=\"text-editor.default\">\n\t\t\t\t<div class=\"elementor-widget-container\">\n\t\t\t\t\t\t\t<div class=\"main-container container\"><div class=\"row\"><section class=\"col-sm-12\"><p><span class=\"notranslate\"><img loading=\"lazy\" class=\"aligncenter wp-image-1996\" src=\"http:\/\/marianistestg.org\/wp-content\/uploads\/2019\/01\/ManosUnidas_Logo.png\" alt=\"\" width=\"334\" height=\"239\" \/>Manos Unidas, est une ONG de d\u00e9veloppement de l&#8217;\u00c9glise catholique et b\u00e9n\u00e9voles, travaillant pour soutenir les peuples du Sud dans leur d\u00e9veloppement.<\/span><\/p><p><img loading=\"lazy\" class=\"size-full wp-image-1997 aligncenter\" src=\"http:\/\/marianistestg.org\/wp-content\/uploads\/2019\/01\/Nati.jpg\" alt=\"\" width=\"275\" height=\"183\" \/><\/p><p><span class=\"notranslate\">Elle est a pour mission la lutte contre la faim, le sous-d\u00e9veloppement et le manque d&#8217;\u00e9ducation et travaille \u00e0 l&#8217;\u00e9limination des causes structurelles qui les produisent: injustice, r\u00e9partition in\u00e9gale des biens et opportunit\u00e9s entre les peuples, ignorance, pr\u00e9jug\u00e9s, manque de solidarit\u00e9, indiff\u00e9rence et crise des valeurs humaines et chr\u00e9tiennes.<\/span><\/p><div class=\"region region-content\"><section id=\"block-system-main\" class=\"block block-system clearfix\"><div class=\"ds-1col node node-landing with-banner organizacion view-mode-full clearfix\"><div class=\"subhome2\"><div class=\"region region-subhome2\">\u00a0<\/div><\/div><\/div><\/section><\/div><\/section><\/div><\/div>\t\t\t\t\t\t<\/div>\n\t\t\t\t<\/div>\n\t\t\t\t\t<\/div>\n\t\t<\/div>\n\t\t\t\t\t\t\t<\/div>\n\t\t<\/section>\n\t\t\t\t\t\t\t<\/div>\n\t\t","protected":false},"excerpt":{"rendered":"<div class=\"mh-excerpt\"><p>Manos Unidas, est une ONG de d\u00e9veloppement de l&#8217;\u00c9glise catholique et b\u00e9n\u00e9voles, travaillant pour soutenir les peuples du Sud dans leur d\u00e9veloppement. Elle est a <a class=\"mh-excerpt-more\" href=\"https:\/\/marianistestg.org\/?page_id=1621\" title=\"Manos Unidas\">[&#8230;]<\/a><\/p>\n<\/div>","protected":false},"author":2,"featured_media":0,"parent":0,"menu_order":0,"comment_status":"closed","ping_status":"closed","template":"","meta":[],"categories":[16],"tags":[],"_links":{"self":[{"href":"https:\/\/marianistestg.org\/index.php?rest_route=\/wp\/v2\/pages\/1621"}],"collection":[{"href":"https:\/\/marianistestg.org\/index.php?rest_route=\/wp\/v2\/pages"}],"about":[{"href":"https:\/\/marianistestg.org\/index.php?rest_route=\/wp\/v2\/types\/page"}],"author":[{"embeddable":true,"href":"https:\/\/marianistestg.org\/index.php?rest_route=\/wp\/v2\/users\/2"}],"replies":[{"embeddable":true,"href":"https:\/\/marianistestg.org\/index.php?rest_route=%2Fwp%2Fv2%2Fcomments&post=1621"}],"version-history":[{"count":6,"href":"https:\/\/marianistestg.org\/index.php?rest_route=\/wp\/v2\/pages\/1621\/revisions"}],"predecessor-version":[{"id":2281,"href":"https:\/\/marianistestg.org\/index.php?rest_route=\/wp\/v2\/pages\/1621\/revisions\/2281"}],"wp:attachment":[{"href":"https:\/\/marianistestg.org\/index.php?rest_route=%2Fwp%2Fv2%2Fmedia&parent=1621"}],"wp:term":[{"taxonomy":"category","embeddable":true,"href":"https:\/\/marianistestg.org\/index.php?rest_route=%2Fwp%2Fv2%2Fcategories&post=1621"},{"taxonomy":"post_tag","embeddable":true,"href":"https:\/\/marianistestg.org\/index.php?rest_route=%2Fwp%2Fv2%2Ftags&post=1621"}],"curies":[{"name":"wp","href":"https:\/\/api.w.org\/{rel}","templated":true}]}}