{"id":1617,"date":"2019-01-02T13:18:05","date_gmt":"2019-01-02T13:18:05","guid":{"rendered":"http:\/\/marianistestg.org\/?page_id=1617"},"modified":"2020-06-12T22:16:15","modified_gmt":"2020-06-13T03:16:15","slug":"universite-de-dayton","status":"publish","type":"page","link":"https:\/\/marianistestg.org\/?page_id=1617","title":{"rendered":"Universit\u00e9 de Dayton (USA)"},"content":{"rendered":"\t\t<div data-elementor-type=\"wp-post\" data-elementor-id=\"1617\" class=\"elementor elementor-1617\">\n\t\t\t\t\t\t\t\t\t<section class=\"elementor-section elementor-top-section elementor-element elementor-element-acd0301 elementor-section-boxed elementor-section-height-default elementor-section-height-default\" data-id=\"acd0301\" data-element_type=\"section\">\n\t\t\t\t\t\t<div class=\"elementor-container elementor-column-gap-default\">\n\t\t\t\t\t<div class=\"elementor-column elementor-col-100 elementor-top-column elementor-element elementor-element-b88c410\" data-id=\"b88c410\" data-element_type=\"column\">\n\t\t\t<div class=\"elementor-widget-wrap elementor-element-populated\">\n\t\t\t\t\t\t\t\t<section class=\"elementor-section elementor-inner-section elementor-element elementor-element-f8a1a5d elementor-section-boxed elementor-section-height-default elementor-section-height-default\" data-id=\"f8a1a5d\" data-element_type=\"section\">\n\t\t\t\t\t\t<div class=\"elementor-container elementor-column-gap-default\">\n\t\t\t\t\t<div class=\"elementor-column elementor-col-50 elementor-inner-column elementor-element elementor-element-4aef1b0\" data-id=\"4aef1b0\" data-element_type=\"column\">\n\t\t\t<div class=\"elementor-widget-wrap elementor-element-populated\">\n\t\t\t\t\t\t\t\t<div class=\"elementor-element elementor-element-d53a57f elementor-widget elementor-widget-image\" data-id=\"d53a57f\" data-element_type=\"widget\" data-widget_type=\"image.default\">\n\t\t\t\t<div class=\"elementor-widget-container\">\n\t\t\t\t\t\t\t\t\t\t\t\t\t\t\t<img width=\"300\" height=\"300\" src=\"https:\/\/marianistestg.org\/wp-content\/uploads\/2019\/05\/ud_logo-300x300.png\" class=\"attachment-medium size-medium wp-image-2530\" alt=\"\" loading=\"lazy\" srcset=\"https:\/\/marianistestg.org\/wp-content\/uploads\/2019\/05\/ud_logo-300x300.png 300w, https:\/\/marianistestg.org\/wp-content\/uploads\/2019\/05\/ud_logo-150x150.png 150w, https:\/\/marianistestg.org\/wp-content\/uploads\/2019\/05\/ud_logo-768x768.png 768w, https:\/\/marianistestg.org\/wp-content\/uploads\/2019\/05\/ud_logo-1024x1024.png 1024w, https:\/\/marianistestg.org\/wp-content\/uploads\/2019\/05\/ud_logo.png 1863w\" sizes=\"(max-width: 300px) 100vw, 300px\" \/>\t\t\t\t\t\t\t\t\t\t\t\t\t\t\t<\/div>\n\t\t\t\t<\/div>\n\t\t\t\t\t<\/div>\n\t\t<\/div>\n\t\t\t\t<div class=\"elementor-column elementor-col-50 elementor-inner-column elementor-element elementor-element-01a0132\" data-id=\"01a0132\" data-element_type=\"column\">\n\t\t\t<div class=\"elementor-widget-wrap elementor-element-populated\">\n\t\t\t\t\t\t\t\t<div class=\"elementor-element elementor-element-5ae1c92 elementor-widget elementor-widget-image\" data-id=\"5ae1c92\" data-element_type=\"widget\" data-widget_type=\"image.default\">\n\t\t\t\t<div class=\"elementor-widget-container\">\n\t\t\t\t\t\t\t\t\t\t\t\t\t\t\t<img width=\"545\" height=\"545\" src=\"https:\/\/marianistestg.org\/wp-content\/uploads\/2019\/01\/UD-2-e1547911683958.jpg\" class=\"attachment-large size-large wp-image-2036\" alt=\"\" loading=\"lazy\" srcset=\"https:\/\/marianistestg.org\/wp-content\/uploads\/2019\/01\/UD-2-e1547911683958.jpg 545w, https:\/\/marianistestg.org\/wp-content\/uploads\/2019\/01\/UD-2-e1547911683958-150x150.jpg 150w, https:\/\/marianistestg.org\/wp-content\/uploads\/2019\/01\/UD-2-e1547911683958-300x300.jpg 300w\" sizes=\"(max-width: 545px) 100vw, 545px\" \/>\t\t\t\t\t\t\t\t\t\t\t\t\t\t\t<\/div>\n\t\t\t\t<\/div>\n\t\t\t\t\t<\/div>\n\t\t<\/div>\n\t\t\t\t\t\t\t<\/div>\n\t\t<\/section>\n\t\t\t\t\t<\/div>\n\t\t<\/div>\n\t\t\t\t\t\t\t<\/div>\n\t\t<\/section>\n\t\t\t\t<section class=\"elementor-section elementor-top-section elementor-element elementor-element-a5886ae elementor-section-boxed elementor-section-height-default elementor-section-height-default\" data-id=\"a5886ae\" data-element_type=\"section\">\n\t\t\t\t\t\t<div class=\"elementor-container elementor-column-gap-default\">\n\t\t\t\t\t<div class=\"elementor-column elementor-col-100 elementor-top-column elementor-element elementor-element-b444c5b\" data-id=\"b444c5b\" data-element_type=\"column\">\n\t\t\t<div class=\"elementor-widget-wrap elementor-element-populated\">\n\t\t\t\t\t\t\t\t<div class=\"elementor-element elementor-element-967059b elementor-widget elementor-widget-text-editor\" data-id=\"967059b\" data-element_type=\"widget\" data-widget_type=\"text-editor.default\">\n\t\t\t\t<div class=\"elementor-widget-container\">\n\t\t\t\t\t\t\t<p>L&#8217;Universit\u00e9 de Dayton, avec son Ecole Ing\u00e9nieure, \u00e0 travers le programme ETHOS, soutient une politique de collaboration avec plusieurs pays en d\u00e9veloppement \u00e0 travers le monde, dont le Togo. Elle y envoie des \u00e9tudiants venant de plusieurs disciplines diff\u00e9rentes pour initier ou renforcer des projets en vue d&#8217;am\u00e9liorer les conditions de vie des populations locales.<\/p>\t\t\t\t\t\t<\/div>\n\t\t\t\t<\/div>\n\t\t\t\t\t<\/div>\n\t\t<\/div>\n\t\t\t\t\t\t\t<\/div>\n\t\t<\/section>\n\t\t\t\t<section class=\"elementor-section elementor-top-section elementor-element elementor-element-bf1ff01 elementor-section-boxed elementor-section-height-default elementor-section-height-default\" data-id=\"bf1ff01\" data-element_type=\"section\">\n\t\t\t\t\t\t<div class=\"elementor-container elementor-column-gap-default\">\n\t\t\t\t\t<div class=\"elementor-column elementor-col-100 elementor-top-column elementor-element elementor-element-a4a9df5\" data-id=\"a4a9df5\" data-element_type=\"column\">\n\t\t\t<div class=\"elementor-widget-wrap elementor-element-populated\">\n\t\t\t\t\t\t\t\t<div class=\"elementor-element elementor-element-240cce4 elementor-widget elementor-widget-image\" data-id=\"240cce4\" data-element_type=\"widget\" data-widget_type=\"image.default\">\n\t\t\t\t<div class=\"elementor-widget-container\">\n\t\t\t\t\t\t\t\t\t\t\t\t\t\t\t<img width=\"1024\" height=\"643\" src=\"https:\/\/marianistestg.org\/wp-content\/uploads\/2019\/01\/ethos-e1548278053933-1024x643.jpg\" class=\"attachment-large size-large wp-image-2041\" alt=\"\" loading=\"lazy\" srcset=\"https:\/\/marianistestg.org\/wp-content\/uploads\/2019\/01\/ethos-e1548278053933-1024x643.jpg 1024w, https:\/\/marianistestg.org\/wp-content\/uploads\/2019\/01\/ethos-e1548278053933-300x188.jpg 300w, https:\/\/marianistestg.org\/wp-content\/uploads\/2019\/01\/ethos-e1548278053933-768x482.jpg 768w, https:\/\/marianistestg.org\/wp-content\/uploads\/2019\/01\/ethos-e1548278053933.jpg 1147w\" sizes=\"(max-width: 1024px) 100vw, 1024px\" \/>\t\t\t\t\t\t\t\t\t\t\t\t\t\t\t<\/div>\n\t\t\t\t<\/div>\n\t\t\t\t\t<\/div>\n\t\t<\/div>\n\t\t\t\t\t\t\t<\/div>\n\t\t<\/section>\n\t\t\t\t\t\t\t<\/div>\n\t\t","protected":false},"excerpt":{"rendered":"<div class=\"mh-excerpt\"><p>L&#8217;Universit\u00e9 de Dayton, avec son Ecole Ing\u00e9nieure, \u00e0 travers le programme ETHOS, soutient une politique de collaboration avec plusieurs pays en d\u00e9veloppement \u00e0 travers le <a class=\"mh-excerpt-more\" href=\"https:\/\/marianistestg.org\/?page_id=1617\" title=\"Universit\u00e9 de Dayton (USA)\">[&#8230;]<\/a><\/p>\n<\/div>","protected":false},"author":2,"featured_media":0,"parent":0,"menu_order":0,"comment_status":"closed","ping_status":"closed","template":"","meta":[],"categories":[16],"tags":[],"_links":{"self":[{"href":"https:\/\/marianistestg.org\/index.php?rest_route=\/wp\/v2\/pages\/1617"}],"collection":[{"href":"https:\/\/marianistestg.org\/index.php?rest_route=\/wp\/v2\/pages"}],"about":[{"href":"https:\/\/marianistestg.org\/index.php?rest_route=\/wp\/v2\/types\/page"}],"author":[{"embeddable":true,"href":"https:\/\/marianistestg.org\/index.php?rest_route=\/wp\/v2\/users\/2"}],"replies":[{"embeddable":true,"href":"https:\/\/marianistestg.org\/index.php?rest_route=%2Fwp%2Fv2%2Fcomments&post=1617"}],"version-history":[{"count":11,"href":"https:\/\/marianistestg.org\/index.php?rest_route=\/wp\/v2\/pages\/1617\/revisions"}],"predecessor-version":[{"id":2713,"href":"https:\/\/marianistestg.org\/index.php?rest_route=\/wp\/v2\/pages\/1617\/revisions\/2713"}],"wp:attachment":[{"href":"https:\/\/marianistestg.org\/index.php?rest_route=%2Fwp%2Fv2%2Fmedia&parent=1617"}],"wp:term":[{"taxonomy":"category","embeddable":true,"href":"https:\/\/marianistestg.org\/index.php?rest_route=%2Fwp%2Fv2%2Fcategories&post=1617"},{"taxonomy":"post_tag","embeddable":true,"href":"https:\/\/marianistestg.org\/index.php?rest_route=%2Fwp%2Fv2%2Ftags&post=1617"}],"curies":[{"name":"wp","href":"https:\/\/api.w.org\/{rel}","templated":true}]}}