{"id":1607,"date":"2019-01-02T13:07:07","date_gmt":"2019-01-02T18:07:07","guid":{"rendered":"http:\/\/marianistestg.org\/?page_id=1607"},"modified":"2020-06-12T22:15:35","modified_gmt":"2020-06-13T03:15:35","slug":"devenir-marianiste","status":"publish","type":"page","link":"https:\/\/marianistestg.org\/?page_id=1607","title":{"rendered":"Devenir Marianiste"},"content":{"rendered":"\t\t<div data-elementor-type=\"wp-post\" data-elementor-id=\"1607\" class=\"elementor elementor-1607\">\n\t\t\t\t\t\t\t\t\t<section class=\"elementor-section elementor-top-section elementor-element elementor-element-77b5b4c elementor-section-boxed elementor-section-height-default elementor-section-height-default\" data-id=\"77b5b4c\" data-element_type=\"section\">\n\t\t\t\t\t\t<div class=\"elementor-container elementor-column-gap-default\">\n\t\t\t\t\t<div class=\"elementor-column elementor-col-100 elementor-top-column elementor-element elementor-element-6a7374f\" data-id=\"6a7374f\" data-element_type=\"column\">\n\t\t\t<div class=\"elementor-widget-wrap elementor-element-populated\">\n\t\t\t\t\t\t\t\t<div class=\"elementor-element elementor-element-d6f6e7c elementor-widget elementor-widget-text-editor\" data-id=\"d6f6e7c\" data-element_type=\"widget\" data-widget_type=\"text-editor.default\">\n\t\t\t\t<div class=\"elementor-widget-container\">\n\t\t\t\t\t\t\t<h3><img loading=\"lazy\" class=\"wp-image-1934 size-thumbnail alignleft\" src=\"http:\/\/marianistestg.org\/wp-content\/uploads\/2019\/01\/1step2-150x150.jpg\" alt=\"\" width=\"150\" height=\"150\" \/><strong>Aspirantat<\/strong><\/h3><p>L&#8217;aspirantat constitue la premi\u00e8re \u00e9tape dans le cheminement vocationnel, p\u00e9riode o\u00f9 l&#8217;on se sent appel\u00e9 \u00e0 la vie religieuse tout en cherchant \u00e0 discerner l&#8217;appel. Cette phase est pass\u00e9e en ayant un contact r\u00e9gulier avec un religieux marianiste comme directeur spirituel qui nous aide \u00e0 \u00e9claircir la volont\u00e9 de Dieu sur notre vie.<\/p>\t\t\t\t\t\t<\/div>\n\t\t\t\t<\/div>\n\t\t\t\t\t<\/div>\n\t\t<\/div>\n\t\t\t\t\t\t\t<\/div>\n\t\t<\/section>\n\t\t\t\t<section class=\"elementor-section elementor-top-section elementor-element elementor-element-196ce7d elementor-section-boxed elementor-section-height-default elementor-section-height-default\" data-id=\"196ce7d\" data-element_type=\"section\">\n\t\t\t\t\t\t<div class=\"elementor-container elementor-column-gap-default\">\n\t\t\t\t\t<div class=\"elementor-column elementor-col-100 elementor-top-column elementor-element elementor-element-1562c23\" data-id=\"1562c23\" data-element_type=\"column\">\n\t\t\t<div class=\"elementor-widget-wrap elementor-element-populated\">\n\t\t\t\t\t\t\t\t<div class=\"elementor-element elementor-element-43d06d0 elementor-widget elementor-widget-text-editor\" data-id=\"43d06d0\" data-element_type=\"widget\" data-widget_type=\"text-editor.default\">\n\t\t\t\t<div class=\"elementor-widget-container\">\n\t\t\t\t\t\t\t<h3><img loading=\"lazy\" class=\"alignleft wp-image-1935 size-thumbnail\" src=\"http:\/\/marianistestg.org\/wp-content\/uploads\/2019\/01\/2steps2-150x150.jpg\" alt=\"\" width=\"150\" height=\"150\" \/>Camp Vocation<\/h3><p>Le parcours comme aspirant comporte en son sein la participation \u00e0 au moins un camp vocation. Les aspirants y sont invit\u00e9s pour une p\u00e9riode de quelques jours \u00e0 passer un temps ensemble et \u00e0 proximit\u00e9 des Fr\u00e8res pour un \u00e9change sur la vie religieuse.<\/p>\t\t\t\t\t\t<\/div>\n\t\t\t\t<\/div>\n\t\t\t\t\t<\/div>\n\t\t<\/div>\n\t\t\t\t\t\t\t<\/div>\n\t\t<\/section>\n\t\t\t\t<section class=\"elementor-section elementor-top-section elementor-element elementor-element-ae37849 elementor-section-boxed elementor-section-height-default elementor-section-height-default\" data-id=\"ae37849\" data-element_type=\"section\">\n\t\t\t\t\t\t<div class=\"elementor-container elementor-column-gap-default\">\n\t\t\t\t\t<div class=\"elementor-column elementor-col-100 elementor-top-column elementor-element elementor-element-3f0ba33\" data-id=\"3f0ba33\" data-element_type=\"column\">\n\t\t\t<div class=\"elementor-widget-wrap elementor-element-populated\">\n\t\t\t\t\t\t\t\t<div class=\"elementor-element elementor-element-45bf327 elementor-widget elementor-widget-text-editor\" data-id=\"45bf327\" data-element_type=\"widget\" data-widget_type=\"text-editor.default\">\n\t\t\t\t<div class=\"elementor-widget-container\">\n\t\t\t\t\t\t\t<h3><img loading=\"lazy\" class=\"alignleft wp-image-1936 size-thumbnail\" src=\"http:\/\/marianistestg.org\/wp-content\/uploads\/2019\/01\/3steps2-150x150.jpg\" alt=\"\" width=\"150\" height=\"150\" \/>Postulat<\/h3><p>L&#8217;aspirant d\u00e9sireux de mieux d\u00e9couvrir la vie religieuse pourra vivre une exp\u00e9rience en communaut\u00e9 d&#8217;au moins 9 mois. Cette \u00e9tape permet d&#8217;approfondir son discernement en touchant du doigt le v\u00e9cu quotidien du religieux.<\/p>\t\t\t\t\t\t<\/div>\n\t\t\t\t<\/div>\n\t\t\t\t\t<\/div>\n\t\t<\/div>\n\t\t\t\t\t\t\t<\/div>\n\t\t<\/section>\n\t\t\t\t<section class=\"elementor-section elementor-top-section elementor-element elementor-element-5eebd88 elementor-section-boxed elementor-section-height-default elementor-section-height-default\" data-id=\"5eebd88\" data-element_type=\"section\">\n\t\t\t\t\t\t<div class=\"elementor-container elementor-column-gap-default\">\n\t\t\t\t\t<div class=\"elementor-column elementor-col-100 elementor-top-column elementor-element elementor-element-0ba2166\" data-id=\"0ba2166\" data-element_type=\"column\">\n\t\t\t<div class=\"elementor-widget-wrap elementor-element-populated\">\n\t\t\t\t\t\t\t\t<div class=\"elementor-element elementor-element-74a34f2 elementor-widget elementor-widget-text-editor\" data-id=\"74a34f2\" data-element_type=\"widget\" data-widget_type=\"text-editor.default\">\n\t\t\t\t<div class=\"elementor-widget-container\">\n\t\t\t\t\t\t\t<h3><img loading=\"lazy\" class=\"alignleft wp-image-1937 size-thumbnail\" src=\"http:\/\/marianistestg.org\/wp-content\/uploads\/2019\/01\/4steps2-150x150.jpg\" alt=\"\" width=\"150\" height=\"150\" \/>Noviciat<\/h3><p>Le noviciat est la premi\u00e8re \u00e9tape de la formation initiale et formelle \u00e0 la vie religieuse. La vie consacr\u00e9e marianiste y est \u00e9tudi\u00e9e sous tous ses aspects, allant de l&#8217;histoire \u00e0 la R\u00e8gle de Vie, en passant par la liturgie et le v\u00e9cu des voeux. Le noviciat permet d&#8217;avoir une connaissance holistique du sens et de l&#8217;implication de son engagement.<\/p>\t\t\t\t\t\t<\/div>\n\t\t\t\t<\/div>\n\t\t\t\t\t<\/div>\n\t\t<\/div>\n\t\t\t\t\t\t\t<\/div>\n\t\t<\/section>\n\t\t\t\t<section class=\"elementor-section elementor-top-section elementor-element elementor-element-b12c767 elementor-section-boxed elementor-section-height-default elementor-section-height-default\" data-id=\"b12c767\" data-element_type=\"section\">\n\t\t\t\t\t\t<div class=\"elementor-container elementor-column-gap-default\">\n\t\t\t\t\t<div class=\"elementor-column elementor-col-100 elementor-top-column elementor-element elementor-element-8217ca5\" data-id=\"8217ca5\" data-element_type=\"column\">\n\t\t\t<div class=\"elementor-widget-wrap elementor-element-populated\">\n\t\t\t\t\t\t\t\t<div class=\"elementor-element elementor-element-919ee08 elementor-widget elementor-widget-text-editor\" data-id=\"919ee08\" data-element_type=\"widget\" data-widget_type=\"text-editor.default\">\n\t\t\t\t<div class=\"elementor-widget-container\">\n\t\t\t\t\t\t\t<h3><img loading=\"lazy\" class=\"alignleft wp-image-1938 size-thumbnail\" src=\"http:\/\/marianistestg.org\/wp-content\/uploads\/2019\/01\/5steps2-150x150.jpg\" alt=\"\" width=\"150\" height=\"150\" \/>Premi\u00e8re Profession<\/h3><p>La fin du noviciat est couronn\u00e9e par la premi\u00e8re profession religieuse, qui marque l&#8217;appartenance formelle \u00e0 la famille religieuse marianiste.<\/p>\t\t\t\t\t\t<\/div>\n\t\t\t\t<\/div>\n\t\t\t\t\t<\/div>\n\t\t<\/div>\n\t\t\t\t\t\t\t<\/div>\n\t\t<\/section>\n\t\t\t\t\t\t\t<\/div>\n\t\t","protected":false},"excerpt":{"rendered":"<div class=\"mh-excerpt\"><p>Aspirantat L&#8217;aspirantat constitue la premi\u00e8re \u00e9tape dans le cheminement vocationnel, p\u00e9riode o\u00f9 l&#8217;on se sent appel\u00e9 \u00e0 la vie religieuse tout en cherchant \u00e0 discerner <a class=\"mh-excerpt-more\" href=\"https:\/\/marianistestg.org\/?page_id=1607\" title=\"Devenir Marianiste\">[&#8230;]<\/a><\/p>\n<\/div>","protected":false},"author":1,"featured_media":0,"parent":0,"menu_order":0,"comment_status":"closed","ping_status":"closed","template":"","meta":[],"categories":[11],"tags":[],"_links":{"self":[{"href":"https:\/\/marianistestg.org\/index.php?rest_route=\/wp\/v2\/pages\/1607"}],"collection":[{"href":"https:\/\/marianistestg.org\/index.php?rest_route=\/wp\/v2\/pages"}],"about":[{"href":"https:\/\/marianistestg.org\/index.php?rest_route=\/wp\/v2\/types\/page"}],"author":[{"embeddable":true,"href":"https:\/\/marianistestg.org\/index.php?rest_route=\/wp\/v2\/users\/1"}],"replies":[{"embeddable":true,"href":"https:\/\/marianistestg.org\/index.php?rest_route=%2Fwp%2Fv2%2Fcomments&post=1607"}],"version-history":[{"count":22,"href":"https:\/\/marianistestg.org\/index.php?rest_route=\/wp\/v2\/pages\/1607\/revisions"}],"predecessor-version":[{"id":3159,"href":"https:\/\/marianistestg.org\/index.php?rest_route=\/wp\/v2\/pages\/1607\/revisions\/3159"}],"wp:attachment":[{"href":"https:\/\/marianistestg.org\/index.php?rest_route=%2Fwp%2Fv2%2Fmedia&parent=1607"}],"wp:term":[{"taxonomy":"category","embeddable":true,"href":"https:\/\/marianistestg.org\/index.php?rest_route=%2Fwp%2Fv2%2Fcategories&post=1607"},{"taxonomy":"post_tag","embeddable":true,"href":"https:\/\/marianistestg.org\/index.php?rest_route=%2Fwp%2Fv2%2Ftags&post=1607"}],"curies":[{"name":"wp","href":"https:\/\/api.w.org\/{rel}","templated":true}]}}