{"id":1404,"date":"2018-12-31T19:51:54","date_gmt":"2018-12-31T19:51:54","guid":{"rendered":"http:\/\/marianistestg.org\/?page_id=1404"},"modified":"2020-09-30T20:11:08","modified_gmt":"2020-10-01T01:11:08","slug":"famille-marianiste","status":"publish","type":"page","link":"https:\/\/marianistestg.org\/?page_id=1404","title":{"rendered":"Famille Marianiste"},"content":{"rendered":"\t\t<div data-elementor-type=\"wp-post\" data-elementor-id=\"1404\" class=\"elementor elementor-1404\">\n\t\t\t\t\t\t\t\t\t<section class=\"elementor-section elementor-top-section elementor-element elementor-element-cdc0f69 elementor-section-boxed elementor-section-height-default elementor-section-height-default\" data-id=\"cdc0f69\" data-element_type=\"section\">\n\t\t\t\t\t\t<div class=\"elementor-container elementor-column-gap-default\">\n\t\t\t\t\t<div class=\"elementor-column elementor-col-100 elementor-top-column elementor-element elementor-element-3b5248b\" data-id=\"3b5248b\" data-element_type=\"column\">\n\t\t\t<div class=\"elementor-widget-wrap elementor-element-populated\">\n\t\t\t\t\t\t\t\t<div class=\"elementor-element elementor-element-b179748 elementor-widget elementor-widget-image\" data-id=\"b179748\" data-element_type=\"widget\" data-widget_type=\"image.default\">\n\t\t\t\t<div class=\"elementor-widget-container\">\n\t\t\t\t\t\t\t\t\t\t\t\t\t\t\t<img width=\"1024\" height=\"576\" src=\"https:\/\/marianistestg.org\/wp-content\/uploads\/2018\/12\/20180420_195835-e1548277870482-1024x576.jpg\" class=\"attachment-large size-large wp-image-1302\" alt=\"\" loading=\"lazy\" srcset=\"https:\/\/marianistestg.org\/wp-content\/uploads\/2018\/12\/20180420_195835-e1548277870482-1024x576.jpg 1024w, https:\/\/marianistestg.org\/wp-content\/uploads\/2018\/12\/20180420_195835-e1548277870482-300x169.jpg 300w, https:\/\/marianistestg.org\/wp-content\/uploads\/2018\/12\/20180420_195835-e1548277870482-768x432.jpg 768w, https:\/\/marianistestg.org\/wp-content\/uploads\/2018\/12\/20180420_195835-e1548277870482-678x381.jpg 678w, https:\/\/marianistestg.org\/wp-content\/uploads\/2018\/12\/20180420_195835-e1548277870482.jpg 1280w\" sizes=\"(max-width: 1024px) 100vw, 1024px\" \/>\t\t\t\t\t\t\t\t\t\t\t\t\t\t\t<\/div>\n\t\t\t\t<\/div>\n\t\t\t\t\t<\/div>\n\t\t<\/div>\n\t\t\t\t\t\t\t<\/div>\n\t\t<\/section>\n\t\t\t\t<section class=\"elementor-section elementor-top-section elementor-element elementor-element-7c5acbd elementor-section-boxed elementor-section-height-default elementor-section-height-default\" data-id=\"7c5acbd\" data-element_type=\"section\">\n\t\t\t\t\t\t<div class=\"elementor-container elementor-column-gap-default\">\n\t\t\t\t\t<div class=\"elementor-column elementor-col-100 elementor-top-column elementor-element elementor-element-03b35be\" data-id=\"03b35be\" data-element_type=\"column\">\n\t\t\t<div class=\"elementor-widget-wrap elementor-element-populated\">\n\t\t\t\t\t\t\t\t<div class=\"elementor-element elementor-element-952b040 elementor-widget elementor-widget-image-carousel\" data-id=\"952b040\" data-element_type=\"widget\" data-settings=\"{&quot;navigation&quot;:&quot;none&quot;,&quot;autoplay_speed&quot;:4000,&quot;pause_on_hover&quot;:&quot;no&quot;,&quot;slides_to_scroll&quot;:&quot;1&quot;,&quot;pause_on_interaction&quot;:&quot;no&quot;,&quot;autoplay&quot;:&quot;yes&quot;,&quot;infinite&quot;:&quot;yes&quot;,&quot;speed&quot;:500}\" data-widget_type=\"image-carousel.default\">\n\t\t\t\t<div class=\"elementor-widget-container\">\n\t\t\t\t\t<div class=\"elementor-image-carousel-wrapper swiper-container\" dir=\"ltr\">\n\t\t\t<div class=\"elementor-image-carousel swiper-wrapper swiper-image-stretch\" aria-live=\"off\">\n\t\t\t\t\t\t\t\t<div class=\"swiper-slide\" role=\"group\" aria-roledescription=\"slide\" aria-label=\"1 sur 4\"><figure class=\"swiper-slide-inner\"><img class=\"swiper-slide-image\" src=\"https:\/\/marianistestg.org\/wp-content\/uploads\/2019\/01\/AM.jpg\" alt=\"\" \/><\/figure><\/div><div class=\"swiper-slide\" role=\"group\" aria-roledescription=\"slide\" aria-label=\"2 sur 4\"><figure class=\"swiper-slide-inner\"><img class=\"swiper-slide-image\" src=\"https:\/\/marianistestg.org\/wp-content\/uploads\/2019\/01\/SM.jpg\" alt=\"\" \/><\/figure><\/div><div class=\"swiper-slide\" role=\"group\" aria-roledescription=\"slide\" aria-label=\"3 sur 4\"><figure class=\"swiper-slide-inner\"><img class=\"swiper-slide-image\" src=\"https:\/\/marianistestg.org\/wp-content\/uploads\/2019\/01\/fmi3.jpg\" alt=\"\" \/><\/figure><\/div><div class=\"swiper-slide\" role=\"group\" aria-roledescription=\"slide\" aria-label=\"4 sur 4\"><figure class=\"swiper-slide-inner\"><img class=\"swiper-slide-image\" src=\"https:\/\/marianistestg.org\/wp-content\/uploads\/2019\/01\/clm3.jpg\" alt=\"\" \/><\/figure><\/div>\t\t\t<\/div>\n\t\t\t\t\t\t\t\n\t\t\t\t\t\t\t\t\t<\/div>\n\t\t\t\t<\/div>\n\t\t\t\t<\/div>\n\t\t\t\t\t<\/div>\n\t\t<\/div>\n\t\t\t\t\t\t\t<\/div>\n\t\t<\/section>\n\t\t\t\t<section class=\"elementor-section elementor-top-section elementor-element elementor-element-1fe34e9 elementor-section-boxed elementor-section-height-default elementor-section-height-default\" data-id=\"1fe34e9\" data-element_type=\"section\">\n\t\t\t\t\t\t<div class=\"elementor-container elementor-column-gap-default\">\n\t\t\t\t\t<div class=\"elementor-column elementor-col-100 elementor-top-column elementor-element elementor-element-1a34e2d\" data-id=\"1a34e2d\" data-element_type=\"column\">\n\t\t\t<div class=\"elementor-widget-wrap elementor-element-populated\">\n\t\t\t\t\t\t\t\t<div class=\"elementor-element elementor-element-bb1ad0d elementor-widget elementor-widget-text-editor\" data-id=\"bb1ad0d\" data-element_type=\"widget\" data-widget_type=\"text-editor.default\">\n\t\t\t\t<div class=\"elementor-widget-container\">\n\t\t\t\t\t\t\t<p>Les Fr\u00e8res Marianistes constituent une branche des quatre composantes de la Famille Marianiste:<\/p><ul><li><strong>Soci\u00e9t\u00e9 de Marie<\/strong> (Fr\u00e8res Marianistes)<\/li><li><strong>Filles de Marie Immacul\u00e9e<\/strong> (Soeurs Marianistes)<\/li><li><strong>Communaut\u00e9s La\u00efques Marianistes<\/strong> (Jeunes et adultes partageant le charisme du P. Chaminade)<\/li><li><strong>Alliance Mariale<\/strong> (Femmes vivant des voeux de cons\u00e9cration personnels)<\/li><\/ul>\t\t\t\t\t\t<\/div>\n\t\t\t\t<\/div>\n\t\t\t\t\t<\/div>\n\t\t<\/div>\n\t\t\t\t\t\t\t<\/div>\n\t\t<\/section>\n\t\t\t\t<section class=\"elementor-section elementor-top-section elementor-element elementor-element-30f1f5a elementor-section-boxed elementor-section-height-default elementor-section-height-default\" data-id=\"30f1f5a\" data-element_type=\"section\">\n\t\t\t\t\t\t<div class=\"elementor-container elementor-column-gap-default\">\n\t\t\t\t\t<div class=\"elementor-column elementor-col-100 elementor-top-column elementor-element elementor-element-c5806ce\" data-id=\"c5806ce\" data-element_type=\"column\">\n\t\t\t<div class=\"elementor-widget-wrap elementor-element-populated\">\n\t\t\t\t\t\t\t\t<div class=\"elementor-element elementor-element-f7d8440 elementor-widget elementor-widget-image\" data-id=\"f7d8440\" data-element_type=\"widget\" data-widget_type=\"image.default\">\n\t\t\t\t<div class=\"elementor-widget-container\">\n\t\t\t\t\t\t\t\t\t\t\t\t\t\t\t\t<a href=\"http:\/\/marianistestg.org\/\/wp-content\/uploads\/2019\/01\/map1080-e1548274083928.jpg\" data-elementor-open-lightbox=\"yes\" data-e-action-hash=\"#elementor-action%3Aaction%3Dlightbox%26settings%3DeyJpZCI6MTUyNSwidXJsIjpmYWxzZX0%3D\">\n\t\t\t\t\t\t\t<img src=\"http:\/\/marianistestg.org\/\/wp-content\/uploads\/2019\/01\/map1080-e1548274083928.jpg\" title=\"\" alt=\"\" loading=\"lazy\" \/>\t\t\t\t\t\t\t\t<\/a>\n\t\t\t\t\t\t\t\t\t\t\t\t\t\t\t<\/div>\n\t\t\t\t<\/div>\n\t\t\t\t\t<\/div>\n\t\t<\/div>\n\t\t\t\t\t\t\t<\/div>\n\t\t<\/section>\n\t\t\t\t<section class=\"elementor-section elementor-top-section elementor-element elementor-element-c6b31d3 elementor-section-boxed elementor-section-height-default elementor-section-height-default\" data-id=\"c6b31d3\" data-element_type=\"section\">\n\t\t\t\t\t\t<div class=\"elementor-container elementor-column-gap-default\">\n\t\t\t\t\t<div class=\"elementor-column elementor-col-100 elementor-top-column elementor-element elementor-element-467806f\" data-id=\"467806f\" data-element_type=\"column\">\n\t\t\t<div class=\"elementor-widget-wrap elementor-element-populated\">\n\t\t\t\t\t\t\t\t<div class=\"elementor-element elementor-element-e5e98d7 elementor-widget elementor-widget-image\" data-id=\"e5e98d7\" data-element_type=\"widget\" data-widget_type=\"image.default\">\n\t\t\t\t<div class=\"elementor-widget-container\">\n\t\t\t\t\t\t\t\t\t\t\t\t\t\t\t\t<a href=\"http:\/\/marianistestg.org\/\/wp-content\/uploads\/2019\/01\/Marianist-Map-Full-e1548295665483.jpg\" data-elementor-open-lightbox=\"yes\" data-e-action-hash=\"#elementor-action%3Aaction%3Dlightbox%26settings%3DeyJpZCI6MjEzMCwidXJsIjoiaHR0cHM6XC9cL21hcmlhbmlzdGVzdGcub3JnXC93cC1jb250ZW50XC91cGxvYWRzXC8yMDE5XC8wMVwvTWFyaWFuaXN0LU1hcC1GdWxsLWUxNTQ4Mjk1NjY1NDgzLmpwZyJ9\">\n\t\t\t\t\t\t\t<img width=\"1024\" height=\"638\" src=\"https:\/\/marianistestg.org\/wp-content\/uploads\/2019\/01\/Marianist-Map-Full-e1548295665483-1024x638.jpg\" class=\"elementor-animation-grow attachment-large size-large wp-image-2130\" alt=\"\" loading=\"lazy\" srcset=\"https:\/\/marianistestg.org\/wp-content\/uploads\/2019\/01\/Marianist-Map-Full-e1548295665483-1024x638.jpg 1024w, https:\/\/marianistestg.org\/wp-content\/uploads\/2019\/01\/Marianist-Map-Full-e1548295665483-300x187.jpg 300w, https:\/\/marianistestg.org\/wp-content\/uploads\/2019\/01\/Marianist-Map-Full-e1548295665483-768x479.jpg 768w, https:\/\/marianistestg.org\/wp-content\/uploads\/2019\/01\/Marianist-Map-Full-e1548295665483.jpg 1155w\" sizes=\"(max-width: 1024px) 100vw, 1024px\" \/>\t\t\t\t\t\t\t\t<\/a>\n\t\t\t\t\t\t\t\t\t\t\t\t\t\t\t<\/div>\n\t\t\t\t<\/div>\n\t\t\t\t\t<\/div>\n\t\t<\/div>\n\t\t\t\t\t\t\t<\/div>\n\t\t<\/section>\n\t\t\t\t<section class=\"elementor-section elementor-top-section elementor-element elementor-element-185f6fa elementor-section-boxed elementor-section-height-default elementor-section-height-default\" data-id=\"185f6fa\" data-element_type=\"section\">\n\t\t\t\t\t\t<div class=\"elementor-container elementor-column-gap-default\">\n\t\t\t\t\t<div class=\"elementor-column elementor-col-100 elementor-top-column elementor-element elementor-element-c40daa1\" data-id=\"c40daa1\" data-element_type=\"column\">\n\t\t\t<div class=\"elementor-widget-wrap elementor-element-populated\">\n\t\t\t\t\t\t\t\t<div class=\"elementor-element elementor-element-c3d9dd4 elementor-widget elementor-widget-image\" data-id=\"c3d9dd4\" data-element_type=\"widget\" data-widget_type=\"image.default\">\n\t\t\t\t<div class=\"elementor-widget-container\">\n\t\t\t\t\t\t\t\t\t\t\t\t\t\t\t<img width=\"577\" height=\"326\" src=\"https:\/\/marianistestg.org\/wp-content\/uploads\/2019\/01\/FM.jpg\" class=\"attachment-large size-large wp-image-2057\" alt=\"\" loading=\"lazy\" srcset=\"https:\/\/marianistestg.org\/wp-content\/uploads\/2019\/01\/FM.jpg 577w, https:\/\/marianistestg.org\/wp-content\/uploads\/2019\/01\/FM-300x169.jpg 300w\" sizes=\"(max-width: 577px) 100vw, 577px\" \/>\t\t\t\t\t\t\t\t\t\t\t\t\t\t\t<\/div>\n\t\t\t\t<\/div>\n\t\t\t\t\t<\/div>\n\t\t<\/div>\n\t\t\t\t\t\t\t<\/div>\n\t\t<\/section>\n\t\t\t\t\t\t\t<\/div>\n\t\t","protected":false},"excerpt":{"rendered":"<div class=\"mh-excerpt\"><p>Les Fr\u00e8res Marianistes constituent une branche des quatre composantes de la Famille Marianiste: Soci\u00e9t\u00e9 de Marie (Fr\u00e8res Marianistes) Filles de Marie Immacul\u00e9e (Soeurs Marianistes) Communaut\u00e9s <a class=\"mh-excerpt-more\" href=\"https:\/\/marianistestg.org\/?page_id=1404\" title=\"Famille Marianiste\">[&#8230;]<\/a><\/p>\n<\/div>","protected":false},"author":1,"featured_media":0,"parent":0,"menu_order":0,"comment_status":"closed","ping_status":"closed","template":"","meta":[],"categories":[4],"tags":[],"_links":{"self":[{"href":"https:\/\/marianistestg.org\/index.php?rest_route=\/wp\/v2\/pages\/1404"}],"collection":[{"href":"https:\/\/marianistestg.org\/index.php?rest_route=\/wp\/v2\/pages"}],"about":[{"href":"https:\/\/marianistestg.org\/index.php?rest_route=\/wp\/v2\/types\/page"}],"author":[{"embeddable":true,"href":"https:\/\/marianistestg.org\/index.php?rest_route=\/wp\/v2\/users\/1"}],"replies":[{"embeddable":true,"href":"https:\/\/marianistestg.org\/index.php?rest_route=%2Fwp%2Fv2%2Fcomments&post=1404"}],"version-history":[{"count":22,"href":"https:\/\/marianistestg.org\/index.php?rest_route=\/wp\/v2\/pages\/1404\/revisions"}],"predecessor-version":[{"id":4030,"href":"https:\/\/marianistestg.org\/index.php?rest_route=\/wp\/v2\/pages\/1404\/revisions\/4030"}],"wp:attachment":[{"href":"https:\/\/marianistestg.org\/index.php?rest_route=%2Fwp%2Fv2%2Fmedia&parent=1404"}],"wp:term":[{"taxonomy":"category","embeddable":true,"href":"https:\/\/marianistestg.org\/index.php?rest_route=%2Fwp%2Fv2%2Fcategories&post=1404"},{"taxonomy":"post_tag","embeddable":true,"href":"https:\/\/marianistestg.org\/index.php?rest_route=%2Fwp%2Fv2%2Ftags&post=1404"}],"curies":[{"name":"wp","href":"https:\/\/api.w.org\/{rel}","templated":true}]}}