{"id":1400,"date":"2018-12-31T19:50:56","date_gmt":"2018-12-31T19:50:56","guid":{"rendered":"http:\/\/marianistestg.org\/?page_id=1400"},"modified":"2020-06-12T22:15:35","modified_gmt":"2020-06-13T03:15:35","slug":"ferme-agricole","status":"publish","type":"page","link":"https:\/\/marianistestg.org\/?page_id=1400","title":{"rendered":"Ferme Agricole"},"content":{"rendered":"\t\t<div data-elementor-type=\"wp-post\" data-elementor-id=\"1400\" class=\"elementor elementor-1400\">\n\t\t\t\t\t\t\t\t\t<section class=\"elementor-section elementor-top-section elementor-element elementor-element-98942cc elementor-section-boxed elementor-section-height-default elementor-section-height-default\" data-id=\"98942cc\" data-element_type=\"section\">\n\t\t\t\t\t\t<div class=\"elementor-container elementor-column-gap-default\">\n\t\t\t\t\t<div class=\"elementor-column elementor-col-100 elementor-top-column elementor-element elementor-element-1a5d7e1\" data-id=\"1a5d7e1\" data-element_type=\"column\">\n\t\t\t<div class=\"elementor-widget-wrap elementor-element-populated\">\n\t\t\t\t\t\t\t\t<div class=\"elementor-element elementor-element-45207f8 elementor-widget elementor-widget-text-editor\" data-id=\"45207f8\" data-element_type=\"widget\" data-widget_type=\"text-editor.default\">\n\t\t\t\t<div class=\"elementor-widget-container\">\n\t\t\t\t\t\t\t<p>La ferme agricole de Sotouboua a \u00e9t\u00e9 instaur\u00e9e vers la fin des ann\u00e9es 90 dans le but de rendre accessible, en terme de prix et de proximit\u00e9, des c\u00e9r\u00e9ales, fruits, l\u00e9gumes et prot\u00e9ines animales pour une bonne croissance, sant\u00e9 et hygi\u00e8ne corporelle. Les populations locales en ont b\u00e9n\u00e9fici\u00e9 depuis lors.<\/p>\t\t\t\t\t\t<\/div>\n\t\t\t\t<\/div>\n\t\t\t\t\t<\/div>\n\t\t<\/div>\n\t\t\t\t\t\t\t<\/div>\n\t\t<\/section>\n\t\t\t\t<section class=\"elementor-section elementor-top-section elementor-element elementor-element-83e3783 elementor-section-boxed elementor-section-height-default elementor-section-height-default\" data-id=\"83e3783\" data-element_type=\"section\">\n\t\t\t\t\t\t<div class=\"elementor-container elementor-column-gap-default\">\n\t\t\t\t\t<div class=\"elementor-column elementor-col-100 elementor-top-column elementor-element elementor-element-4c7764a\" data-id=\"4c7764a\" data-element_type=\"column\">\n\t\t\t<div class=\"elementor-widget-wrap elementor-element-populated\">\n\t\t\t\t\t\t\t\t<div class=\"elementor-element elementor-element-e59d760 elementor-widget elementor-widget-image\" data-id=\"e59d760\" data-element_type=\"widget\" data-widget_type=\"image.default\">\n\t\t\t\t<div class=\"elementor-widget-container\">\n\t\t\t\t\t\t\t\t\t\t\t\t\t\t\t<img width=\"311\" height=\"233\" src=\"https:\/\/marianistestg.org\/wp-content\/uploads\/2019\/01\/ferme3.jpg\" class=\"attachment-large size-large wp-image-2077\" alt=\"\" loading=\"lazy\" srcset=\"https:\/\/marianistestg.org\/wp-content\/uploads\/2019\/01\/ferme3.jpg 311w, https:\/\/marianistestg.org\/wp-content\/uploads\/2019\/01\/ferme3-300x225.jpg 300w, https:\/\/marianistestg.org\/wp-content\/uploads\/2019\/01\/ferme3-80x60.jpg 80w\" sizes=\"(max-width: 311px) 100vw, 311px\" \/>\t\t\t\t\t\t\t\t\t\t\t\t\t\t\t<\/div>\n\t\t\t\t<\/div>\n\t\t\t\t\t<\/div>\n\t\t<\/div>\n\t\t\t\t\t\t\t<\/div>\n\t\t<\/section>\n\t\t\t\t<section class=\"elementor-section elementor-top-section elementor-element elementor-element-e6fc6a4 elementor-section-boxed elementor-section-height-default elementor-section-height-default\" data-id=\"e6fc6a4\" data-element_type=\"section\">\n\t\t\t\t\t\t<div class=\"elementor-container elementor-column-gap-default\">\n\t\t\t\t\t<div class=\"elementor-column elementor-col-100 elementor-top-column elementor-element elementor-element-91362ba\" data-id=\"91362ba\" data-element_type=\"column\">\n\t\t\t<div class=\"elementor-widget-wrap elementor-element-populated\">\n\t\t\t\t\t\t\t\t<div class=\"elementor-element elementor-element-442d958 elementor-widget elementor-widget-image\" data-id=\"442d958\" data-element_type=\"widget\" data-widget_type=\"image.default\">\n\t\t\t\t<div class=\"elementor-widget-container\">\n\t\t\t\t\t\t\t\t\t\t\t\t\t\t\t<img width=\"301\" height=\"238\" src=\"https:\/\/marianistestg.org\/wp-content\/uploads\/2019\/01\/Ferme1.jpg\" class=\"attachment-large size-large wp-image-2075\" alt=\"\" loading=\"lazy\" srcset=\"https:\/\/marianistestg.org\/wp-content\/uploads\/2019\/01\/Ferme1.jpg 301w, https:\/\/marianistestg.org\/wp-content\/uploads\/2019\/01\/Ferme1-300x237.jpg 300w\" sizes=\"(max-width: 301px) 100vw, 301px\" \/>\t\t\t\t\t\t\t\t\t\t\t\t\t\t\t<\/div>\n\t\t\t\t<\/div>\n\t\t\t\t\t<\/div>\n\t\t<\/div>\n\t\t\t\t\t\t\t<\/div>\n\t\t<\/section>\n\t\t\t\t<section class=\"elementor-section elementor-top-section elementor-element elementor-element-5322f3a elementor-section-boxed elementor-section-height-default elementor-section-height-default\" data-id=\"5322f3a\" data-element_type=\"section\">\n\t\t\t\t\t\t<div class=\"elementor-container elementor-column-gap-default\">\n\t\t\t\t\t<div class=\"elementor-column elementor-col-100 elementor-top-column elementor-element elementor-element-b6bd8b7\" data-id=\"b6bd8b7\" data-element_type=\"column\">\n\t\t\t<div class=\"elementor-widget-wrap elementor-element-populated\">\n\t\t\t\t\t\t\t\t<div class=\"elementor-element elementor-element-0fafcdd elementor-widget elementor-widget-image\" data-id=\"0fafcdd\" data-element_type=\"widget\" data-widget_type=\"image.default\">\n\t\t\t\t<div class=\"elementor-widget-container\">\n\t\t\t\t\t\t\t\t\t\t\t\t\t\t\t<img width=\"339\" height=\"254\" src=\"https:\/\/marianistestg.org\/wp-content\/uploads\/2019\/01\/ferme2.jpg\" class=\"attachment-large size-large wp-image-2076\" alt=\"\" loading=\"lazy\" srcset=\"https:\/\/marianistestg.org\/wp-content\/uploads\/2019\/01\/ferme2.jpg 339w, https:\/\/marianistestg.org\/wp-content\/uploads\/2019\/01\/ferme2-300x225.jpg 300w, https:\/\/marianistestg.org\/wp-content\/uploads\/2019\/01\/ferme2-326x245.jpg 326w, https:\/\/marianistestg.org\/wp-content\/uploads\/2019\/01\/ferme2-80x60.jpg 80w\" sizes=\"(max-width: 339px) 100vw, 339px\" \/>\t\t\t\t\t\t\t\t\t\t\t\t\t\t\t<\/div>\n\t\t\t\t<\/div>\n\t\t\t\t\t<\/div>\n\t\t<\/div>\n\t\t\t\t\t\t\t<\/div>\n\t\t<\/section>\n\t\t\t\t\t\t\t<\/div>\n\t\t","protected":false},"excerpt":{"rendered":"<div class=\"mh-excerpt\"><p>La ferme agricole de Sotouboua a \u00e9t\u00e9 instaur\u00e9e vers la fin des ann\u00e9es 90 dans le but de rendre accessible, en terme de prix et <a class=\"mh-excerpt-more\" href=\"https:\/\/marianistestg.org\/?page_id=1400\" title=\"Ferme Agricole\">[&#8230;]<\/a><\/p>\n<\/div>","protected":false},"author":1,"featured_media":0,"parent":0,"menu_order":0,"comment_status":"closed","ping_status":"closed","template":"","meta":[],"categories":[5],"tags":[],"_links":{"self":[{"href":"https:\/\/marianistestg.org\/index.php?rest_route=\/wp\/v2\/pages\/1400"}],"collection":[{"href":"https:\/\/marianistestg.org\/index.php?rest_route=\/wp\/v2\/pages"}],"about":[{"href":"https:\/\/marianistestg.org\/index.php?rest_route=\/wp\/v2\/types\/page"}],"author":[{"embeddable":true,"href":"https:\/\/marianistestg.org\/index.php?rest_route=\/wp\/v2\/users\/1"}],"replies":[{"embeddable":true,"href":"https:\/\/marianistestg.org\/index.php?rest_route=%2Fwp%2Fv2%2Fcomments&post=1400"}],"version-history":[{"count":10,"href":"https:\/\/marianistestg.org\/index.php?rest_route=\/wp\/v2\/pages\/1400\/revisions"}],"predecessor-version":[{"id":3261,"href":"https:\/\/marianistestg.org\/index.php?rest_route=\/wp\/v2\/pages\/1400\/revisions\/3261"}],"wp:attachment":[{"href":"https:\/\/marianistestg.org\/index.php?rest_route=%2Fwp%2Fv2%2Fmedia&parent=1400"}],"wp:term":[{"taxonomy":"category","embeddable":true,"href":"https:\/\/marianistestg.org\/index.php?rest_route=%2Fwp%2Fv2%2Fcategories&post=1400"},{"taxonomy":"post_tag","embeddable":true,"href":"https:\/\/marianistestg.org\/index.php?rest_route=%2Fwp%2Fv2%2Ftags&post=1400"}],"curies":[{"name":"wp","href":"https:\/\/api.w.org\/{rel}","templated":true}]}}