{"id":1394,"date":"2018-12-31T19:49:26","date_gmt":"2018-12-31T19:49:26","guid":{"rendered":"http:\/\/marianistestg.org\/?page_id=1394"},"modified":"2020-12-08T10:31:58","modified_gmt":"2020-12-08T15:31:58","slug":"conseil-de-gouvernement","status":"publish","type":"page","link":"https:\/\/marianistestg.org\/?page_id=1394","title":{"rendered":"Leadership"},"content":{"rendered":"\t\t<div data-elementor-type=\"wp-post\" data-elementor-id=\"1394\" class=\"elementor elementor-1394\">\n\t\t\t\t\t\t\t\t\t<section class=\"elementor-section elementor-top-section elementor-element elementor-element-0bb4dba elementor-section-boxed elementor-section-height-default elementor-section-height-default\" data-id=\"0bb4dba\" data-element_type=\"section\">\n\t\t\t\t\t\t<div class=\"elementor-container elementor-column-gap-default\">\n\t\t\t\t\t<div class=\"elementor-column elementor-col-100 elementor-top-column elementor-element elementor-element-87d05c7\" data-id=\"87d05c7\" data-element_type=\"column\">\n\t\t\t<div class=\"elementor-widget-wrap elementor-element-populated\">\n\t\t\t\t\t\t\t\t<div class=\"elementor-element elementor-element-9b84344 elementor-widget elementor-widget-heading\" data-id=\"9b84344\" data-element_type=\"widget\" data-widget_type=\"heading.default\">\n\t\t\t\t<div class=\"elementor-widget-container\">\n\t\t\t<h2 class=\"elementor-heading-title elementor-size-medium\">Le R\u00e9gional<\/h2>\t\t<\/div>\n\t\t\t\t<\/div>\n\t\t\t\t\t<\/div>\n\t\t<\/div>\n\t\t\t\t\t\t\t<\/div>\n\t\t<\/section>\n\t\t\t\t<section class=\"elementor-section elementor-top-section elementor-element elementor-element-c53d1b2 elementor-section-boxed elementor-section-height-default elementor-section-height-default\" data-id=\"c53d1b2\" data-element_type=\"section\">\n\t\t\t\t\t\t<div class=\"elementor-container elementor-column-gap-default\">\n\t\t\t\t\t<div class=\"elementor-column elementor-col-100 elementor-top-column elementor-element elementor-element-a88355f\" data-id=\"a88355f\" data-element_type=\"column\">\n\t\t\t<div class=\"elementor-widget-wrap elementor-element-populated\">\n\t\t\t\t\t\t\t\t<div class=\"elementor-element elementor-element-7b83ebb elementor-position-top elementor-widget elementor-widget-image-box\" data-id=\"7b83ebb\" data-element_type=\"widget\" data-widget_type=\"image-box.default\">\n\t\t\t\t<div class=\"elementor-widget-container\">\n\t\t\t<div class=\"elementor-image-box-wrapper\"><figure class=\"elementor-image-box-img\"><img width=\"1080\" height=\"1053\" src=\"https:\/\/marianistestg.org\/wp-content\/uploads\/2020\/12\/Reg.jpeg\" class=\"attachment-full size-full wp-image-4347\" alt=\"\" loading=\"lazy\" srcset=\"https:\/\/marianistestg.org\/wp-content\/uploads\/2020\/12\/Reg.jpeg 1080w, https:\/\/marianistestg.org\/wp-content\/uploads\/2020\/12\/Reg-300x293.jpeg 300w, https:\/\/marianistestg.org\/wp-content\/uploads\/2020\/12\/Reg-1024x998.jpeg 1024w, https:\/\/marianistestg.org\/wp-content\/uploads\/2020\/12\/Reg-768x749.jpeg 768w\" sizes=\"(max-width: 1080px) 100vw, 1080px\" \/><\/figure><div class=\"elementor-image-box-content\"><h3 class=\"elementor-image-box-title\">P. Jonas Kpatcha<\/h3><p class=\"elementor-image-box-description\">R\u00e9gional<\/p><\/div><\/div>\t\t<\/div>\n\t\t\t\t<\/div>\n\t\t\t\t\t<\/div>\n\t\t<\/div>\n\t\t\t\t\t\t\t<\/div>\n\t\t<\/section>\n\t\t\t\t<section class=\"elementor-section elementor-top-section elementor-element elementor-element-68318e4 elementor-section-boxed elementor-section-height-default elementor-section-height-default\" data-id=\"68318e4\" data-element_type=\"section\">\n\t\t\t\t\t\t<div class=\"elementor-container elementor-column-gap-default\">\n\t\t\t\t\t<div class=\"elementor-column elementor-col-100 elementor-top-column elementor-element elementor-element-68c4b25\" data-id=\"68c4b25\" data-element_type=\"column\">\n\t\t\t<div class=\"elementor-widget-wrap elementor-element-populated\">\n\t\t\t\t\t\t\t\t<div class=\"elementor-element elementor-element-a7673ea elementor-widget-divider--view-line elementor-widget elementor-widget-divider\" data-id=\"a7673ea\" data-element_type=\"widget\" data-widget_type=\"divider.default\">\n\t\t\t\t<div class=\"elementor-widget-container\">\n\t\t\t\t\t<div class=\"elementor-divider\">\n\t\t\t<span class=\"elementor-divider-separator\">\n\t\t\t\t\t\t<\/span>\n\t\t<\/div>\n\t\t\t\t<\/div>\n\t\t\t\t<\/div>\n\t\t\t\t<div class=\"elementor-element elementor-element-96a9f78 elementor-widget elementor-widget-heading\" data-id=\"96a9f78\" data-element_type=\"widget\" data-widget_type=\"heading.default\">\n\t\t\t\t<div class=\"elementor-widget-container\">\n\t\t\t<h2 class=\"elementor-heading-title elementor-size-medium\">Le Conseil<\/h2>\t\t<\/div>\n\t\t\t\t<\/div>\n\t\t\t\t\t<\/div>\n\t\t<\/div>\n\t\t\t\t\t\t\t<\/div>\n\t\t<\/section>\n\t\t\t\t<section class=\"elementor-section elementor-top-section elementor-element elementor-element-8364e9e elementor-section-boxed elementor-section-height-default elementor-section-height-default\" data-id=\"8364e9e\" data-element_type=\"section\">\n\t\t\t\t\t\t<div class=\"elementor-container elementor-column-gap-default\">\n\t\t\t\t\t<div class=\"elementor-column elementor-col-100 elementor-top-column elementor-element elementor-element-e534b03\" data-id=\"e534b03\" data-element_type=\"column\">\n\t\t\t<div class=\"elementor-widget-wrap elementor-element-populated\">\n\t\t\t\t\t\t\t\t<section class=\"elementor-section elementor-inner-section elementor-element elementor-element-a7a3e89 elementor-section-boxed elementor-section-height-default elementor-section-height-default\" data-id=\"a7a3e89\" data-element_type=\"section\">\n\t\t\t\t\t\t<div class=\"elementor-container elementor-column-gap-default\">\n\t\t\t\t\t<div class=\"elementor-column elementor-col-50 elementor-inner-column elementor-element elementor-element-12369a4\" data-id=\"12369a4\" data-element_type=\"column\">\n\t\t\t<div class=\"elementor-widget-wrap elementor-element-populated\">\n\t\t\t\t\t\t\t\t<div class=\"elementor-element elementor-element-b1a033e elementor-position-top elementor-widget elementor-widget-image-box\" data-id=\"b1a033e\" data-element_type=\"widget\" data-widget_type=\"image-box.default\">\n\t\t\t\t<div class=\"elementor-widget-container\">\n\t\t\t<div class=\"elementor-image-box-wrapper\"><figure class=\"elementor-image-box-img\"><img width=\"352\" height=\"455\" src=\"https:\/\/marianistestg.org\/wp-content\/uploads\/2020\/09\/Mat.jpg\" class=\"attachment-full size-full wp-image-4006\" alt=\"\" loading=\"lazy\" srcset=\"https:\/\/marianistestg.org\/wp-content\/uploads\/2020\/09\/Mat.jpg 352w, https:\/\/marianistestg.org\/wp-content\/uploads\/2020\/09\/Mat-232x300.jpg 232w\" sizes=\"(max-width: 352px) 100vw, 352px\" \/><\/figure><div class=\"elementor-image-box-content\"><h3 class=\"elementor-image-box-title\">P. Matthieu Balana<\/h3><p class=\"elementor-image-box-description\">Office de Z\u00e8le<\/p><\/div><\/div>\t\t<\/div>\n\t\t\t\t<\/div>\n\t\t\t\t\t<\/div>\n\t\t<\/div>\n\t\t\t\t<div class=\"elementor-column elementor-col-50 elementor-inner-column elementor-element elementor-element-3fafcc3\" data-id=\"3fafcc3\" data-element_type=\"column\">\n\t\t\t<div class=\"elementor-widget-wrap elementor-element-populated\">\n\t\t\t\t\t\t\t\t<div class=\"elementor-element elementor-element-ea11d54 elementor-position-top elementor-widget elementor-widget-image-box\" data-id=\"ea11d54\" data-element_type=\"widget\" data-widget_type=\"image-box.default\">\n\t\t\t\t<div class=\"elementor-widget-container\">\n\t\t\t<div class=\"elementor-image-box-wrapper\"><figure class=\"elementor-image-box-img\"><img width=\"511\" height=\"575\" src=\"https:\/\/marianistestg.org\/wp-content\/uploads\/2020\/09\/Ferdinand2.jpg\" class=\"attachment-full size-full wp-image-4002\" alt=\"\" loading=\"lazy\" srcset=\"https:\/\/marianistestg.org\/wp-content\/uploads\/2020\/09\/Ferdinand2.jpg 511w, https:\/\/marianistestg.org\/wp-content\/uploads\/2020\/09\/Ferdinand2-267x300.jpg 267w\" sizes=\"(max-width: 511px) 100vw, 511px\" \/><\/figure><div class=\"elementor-image-box-content\"><h3 class=\"elementor-image-box-title\">Fr. Ferdinand Farara<\/h3><p class=\"elementor-image-box-description\">Office d'Instruction<\/p><\/div><\/div>\t\t<\/div>\n\t\t\t\t<\/div>\n\t\t\t\t\t<\/div>\n\t\t<\/div>\n\t\t\t\t\t\t\t<\/div>\n\t\t<\/section>\n\t\t\t\t<div class=\"elementor-element elementor-element-84e9174 elementor-position-top elementor-widget elementor-widget-image-box\" data-id=\"84e9174\" data-element_type=\"widget\" data-widget_type=\"image-box.default\">\n\t\t\t\t<div class=\"elementor-widget-container\">\n\t\t\t<div class=\"elementor-image-box-wrapper\"><figure class=\"elementor-image-box-img\"><img width=\"223\" height=\"263\" src=\"https:\/\/marianistestg.org\/wp-content\/uploads\/2019\/01\/Travail.jpg\" class=\"attachment-full size-full wp-image-1687\" alt=\"\" loading=\"lazy\" \/><\/figure><div class=\"elementor-image-box-content\"><h3 class=\"elementor-image-box-title\">Fr. J\u00e9r\u00f4me Abora<\/h3><p class=\"elementor-image-box-description\">Office de Travail<\/p><\/div><\/div>\t\t<\/div>\n\t\t\t\t<\/div>\n\t\t\t\t\t<\/div>\n\t\t<\/div>\n\t\t\t\t\t\t\t<\/div>\n\t\t<\/section>\n\t\t\t\t<section class=\"elementor-section elementor-top-section elementor-element elementor-element-bc9dbca elementor-section-boxed elementor-section-height-default elementor-section-height-default\" data-id=\"bc9dbca\" data-element_type=\"section\">\n\t\t\t\t\t\t<div class=\"elementor-container elementor-column-gap-default\">\n\t\t\t\t\t<div class=\"elementor-column elementor-col-100 elementor-top-column elementor-element elementor-element-82c70ab\" data-id=\"82c70ab\" data-element_type=\"column\">\n\t\t\t<div class=\"elementor-widget-wrap elementor-element-populated\">\n\t\t\t\t\t\t\t\t<div class=\"elementor-element elementor-element-7ba7076 elementor-widget-divider--view-line elementor-widget elementor-widget-divider\" data-id=\"7ba7076\" data-element_type=\"widget\" data-widget_type=\"divider.default\">\n\t\t\t\t<div class=\"elementor-widget-container\">\n\t\t\t\t\t<div class=\"elementor-divider\">\n\t\t\t<span class=\"elementor-divider-separator\">\n\t\t\t\t\t\t<\/span>\n\t\t<\/div>\n\t\t\t\t<\/div>\n\t\t\t\t<\/div>\n\t\t\t\t<div class=\"elementor-element elementor-element-966a250 elementor-widget elementor-widget-heading\" data-id=\"966a250\" data-element_type=\"widget\" data-widget_type=\"heading.default\">\n\t\t\t\t<div class=\"elementor-widget-container\">\n\t\t\t<h2 class=\"elementor-heading-title elementor-size-medium\">Assistant d'Administration<\/h2>\t\t<\/div>\n\t\t\t\t<\/div>\n\t\t\t\t\t<\/div>\n\t\t<\/div>\n\t\t\t\t\t\t\t<\/div>\n\t\t<\/section>\n\t\t\t\t<section class=\"elementor-section elementor-top-section elementor-element elementor-element-40b13a3 elementor-section-boxed elementor-section-height-default elementor-section-height-default\" data-id=\"40b13a3\" data-element_type=\"section\">\n\t\t\t\t\t\t<div class=\"elementor-container elementor-column-gap-default\">\n\t\t\t\t\t<div class=\"elementor-column elementor-col-100 elementor-top-column elementor-element elementor-element-967c699\" data-id=\"967c699\" data-element_type=\"column\">\n\t\t\t<div class=\"elementor-widget-wrap elementor-element-populated\">\n\t\t\t\t\t\t\t\t<div class=\"elementor-element elementor-element-31338c7 elementor-position-top elementor-widget elementor-widget-image-box\" data-id=\"31338c7\" data-element_type=\"widget\" data-widget_type=\"image-box.default\">\n\t\t\t\t<div class=\"elementor-widget-container\">\n\t\t\t<div class=\"elementor-image-box-wrapper\"><figure class=\"elementor-image-box-img\"><img width=\"633\" height=\"666\" src=\"https:\/\/marianistestg.org\/wp-content\/uploads\/2020\/12\/jacob.jpg\" class=\"attachment-full size-full wp-image-4503\" alt=\"\" loading=\"lazy\" srcset=\"https:\/\/marianistestg.org\/wp-content\/uploads\/2020\/12\/jacob.jpg 633w, https:\/\/marianistestg.org\/wp-content\/uploads\/2020\/12\/jacob-285x300.jpg 285w\" sizes=\"(max-width: 633px) 100vw, 633px\" \/><\/figure><div class=\"elementor-image-box-content\"><h3 class=\"elementor-image-box-title\">Fr. Jacob Palou<\/h3><p class=\"elementor-image-box-description\">S\u00e9cr\u00e9tariat<\/p><\/div><\/div>\t\t<\/div>\n\t\t\t\t<\/div>\n\t\t\t\t\t<\/div>\n\t\t<\/div>\n\t\t\t\t\t\t\t<\/div>\n\t\t<\/section>\n\t\t\t\t\t\t\t<\/div>\n\t\t","protected":false},"excerpt":{"rendered":"<div class=\"mh-excerpt\"><p>Le R\u00e9gional P. Jonas Kpatcha R\u00e9gional Le Conseil P. Matthieu Balana Office de Z\u00e8le Fr. Ferdinand Farara Office d&#8217;Instruction Fr. J\u00e9r\u00f4me Abora Office de Travail <a class=\"mh-excerpt-more\" href=\"https:\/\/marianistestg.org\/?page_id=1394\" title=\"Leadership\">[&#8230;]<\/a><\/p>\n<\/div>","protected":false},"author":1,"featured_media":0,"parent":1373,"menu_order":0,"comment_status":"closed","ping_status":"closed","template":"","meta":[],"categories":[4],"tags":[],"_links":{"self":[{"href":"https:\/\/marianistestg.org\/index.php?rest_route=\/wp\/v2\/pages\/1394"}],"collection":[{"href":"https:\/\/marianistestg.org\/index.php?rest_route=\/wp\/v2\/pages"}],"about":[{"href":"https:\/\/marianistestg.org\/index.php?rest_route=\/wp\/v2\/types\/page"}],"author":[{"embeddable":true,"href":"https:\/\/marianistestg.org\/index.php?rest_route=\/wp\/v2\/users\/1"}],"replies":[{"embeddable":true,"href":"https:\/\/marianistestg.org\/index.php?rest_route=%2Fwp%2Fv2%2Fcomments&post=1394"}],"version-history":[{"count":18,"href":"https:\/\/marianistestg.org\/index.php?rest_route=\/wp\/v2\/pages\/1394\/revisions"}],"predecessor-version":[{"id":4509,"href":"https:\/\/marianistestg.org\/index.php?rest_route=\/wp\/v2\/pages\/1394\/revisions\/4509"}],"up":[{"embeddable":true,"href":"https:\/\/marianistestg.org\/index.php?rest_route=\/wp\/v2\/pages\/1373"}],"wp:attachment":[{"href":"https:\/\/marianistestg.org\/index.php?rest_route=%2Fwp%2Fv2%2Fmedia&parent=1394"}],"wp:term":[{"taxonomy":"category","embeddable":true,"href":"https:\/\/marianistestg.org\/index.php?rest_route=%2Fwp%2Fv2%2Fcategories&post=1394"},{"taxonomy":"post_tag","embeddable":true,"href":"https:\/\/marianistestg.org\/index.php?rest_route=%2Fwp%2Fv2%2Ftags&post=1394"}],"curies":[{"name":"wp","href":"https:\/\/api.w.org\/{rel}","templated":true}]}}