{"id":1392,"date":"2018-12-31T19:48:55","date_gmt":"2018-12-31T19:48:55","guid":{"rendered":"http:\/\/marianistestg.org\/?page_id=1392"},"modified":"2020-06-12T22:16:15","modified_gmt":"2020-06-13T03:16:15","slug":"spiritualite","status":"publish","type":"page","link":"https:\/\/marianistestg.org\/?page_id=1392","title":{"rendered":"Spiritualit\u00e9"},"content":{"rendered":"\t\t<div data-elementor-type=\"wp-post\" data-elementor-id=\"1392\" class=\"elementor elementor-1392\">\n\t\t\t\t\t\t\t\t\t<section class=\"elementor-section elementor-top-section elementor-element elementor-element-90cd68a elementor-section-boxed elementor-section-height-default elementor-section-height-default\" data-id=\"90cd68a\" data-element_type=\"section\">\n\t\t\t\t\t\t<div class=\"elementor-container elementor-column-gap-default\">\n\t\t\t\t\t<div class=\"elementor-column elementor-col-100 elementor-top-column elementor-element elementor-element-eed1344\" data-id=\"eed1344\" data-element_type=\"column\">\n\t\t\t<div class=\"elementor-widget-wrap elementor-element-populated\">\n\t\t\t\t\t\t\t\t<div class=\"elementor-element elementor-element-d267d0c elementor-widget elementor-widget-heading\" data-id=\"d267d0c\" data-element_type=\"widget\" data-widget_type=\"heading.default\">\n\t\t\t\t<div class=\"elementor-widget-container\">\n\t\t\t<h2 class=\"elementor-heading-title elementor-size-medium\">Centr\u00e9s en Christ<\/h2>\t\t<\/div>\n\t\t\t\t<\/div>\n\t\t\t\t\t<\/div>\n\t\t<\/div>\n\t\t\t\t\t\t\t<\/div>\n\t\t<\/section>\n\t\t\t\t<section class=\"elementor-section elementor-top-section elementor-element elementor-element-df3749f elementor-section-boxed elementor-section-height-default elementor-section-height-default\" data-id=\"df3749f\" data-element_type=\"section\">\n\t\t\t\t\t\t<div class=\"elementor-container elementor-column-gap-default\">\n\t\t\t\t\t<div class=\"elementor-column elementor-col-100 elementor-top-column elementor-element elementor-element-e78faac\" data-id=\"e78faac\" data-element_type=\"column\">\n\t\t\t<div class=\"elementor-widget-wrap elementor-element-populated\">\n\t\t\t\t\t\t\t\t<div class=\"elementor-element elementor-element-1f96aec elementor-widget elementor-widget-text-editor\" data-id=\"1f96aec\" data-element_type=\"widget\" data-widget_type=\"text-editor.default\">\n\t\t\t\t<div class=\"elementor-widget-container\">\n\t\t\t\t\t\t\t<p><img loading=\"lazy\" class=\"size-medium wp-image-1699 alignleft\" src=\"http:\/\/marianistestg.org\/wp-content\/uploads\/2019\/01\/christ-300x263.jpg\" alt=\"\" width=\"300\" height=\"263\" srcset=\"https:\/\/marianistestg.org\/wp-content\/uploads\/2019\/01\/christ-300x263.jpg 300w, https:\/\/marianistestg.org\/wp-content\/uploads\/2019\/01\/christ.jpg 612w\" sizes=\"(max-width: 300px) 100vw, 300px\" \/>La vie du Religieux Marianiste est centr\u00e9e en <strong>Christ<\/strong> dont nous portons l&#8217;\u00e9tandard. A la suite des Disciples, nous perp\u00e9tuons la premi\u00e8re communaut\u00e9 de J\u00e9rusalem o\u00f9 tous n&#8217;avaient qu&#8217;un coeur et qu&#8217;une \u00e2me. Nous int\u00e9grons plusieurs pratiques dans notre vie quotidienne pour nous porter davantage vers la conformit\u00e9 au Christ.<\/p>\t\t\t\t\t\t<\/div>\n\t\t\t\t<\/div>\n\t\t\t\t\t<\/div>\n\t\t<\/div>\n\t\t\t\t\t\t\t<\/div>\n\t\t<\/section>\n\t\t\t\t<section class=\"elementor-section elementor-top-section elementor-element elementor-element-97eb3e1 elementor-section-boxed elementor-section-height-default elementor-section-height-default\" data-id=\"97eb3e1\" data-element_type=\"section\">\n\t\t\t\t\t\t<div class=\"elementor-container elementor-column-gap-default\">\n\t\t\t\t\t<div class=\"elementor-column elementor-col-100 elementor-top-column elementor-element elementor-element-dab2e45\" data-id=\"dab2e45\" data-element_type=\"column\">\n\t\t\t<div class=\"elementor-widget-wrap elementor-element-populated\">\n\t\t\t\t\t\t\t\t<div class=\"elementor-element elementor-element-70cd807 elementor-widget elementor-widget-heading\" data-id=\"70cd807\" data-element_type=\"widget\" data-widget_type=\"heading.default\">\n\t\t\t\t<div class=\"elementor-widget-container\">\n\t\t\t<h2 class=\"elementor-heading-title elementor-size-medium\">Foi et Oraison<\/h2>\t\t<\/div>\n\t\t\t\t<\/div>\n\t\t\t\t\t<\/div>\n\t\t<\/div>\n\t\t\t\t\t\t\t<\/div>\n\t\t<\/section>\n\t\t\t\t<section class=\"elementor-section elementor-top-section elementor-element elementor-element-44f37d2 elementor-section-boxed elementor-section-height-default elementor-section-height-default\" data-id=\"44f37d2\" data-element_type=\"section\">\n\t\t\t\t\t\t<div class=\"elementor-container elementor-column-gap-default\">\n\t\t\t\t\t<div class=\"elementor-column elementor-col-100 elementor-top-column elementor-element elementor-element-1715c76\" data-id=\"1715c76\" data-element_type=\"column\">\n\t\t\t<div class=\"elementor-widget-wrap elementor-element-populated\">\n\t\t\t\t\t\t\t\t<div class=\"elementor-element elementor-element-e395f3b elementor-widget elementor-widget-text-editor\" data-id=\"e395f3b\" data-element_type=\"widget\" data-widget_type=\"text-editor.default\">\n\t\t\t\t<div class=\"elementor-widget-container\">\n\t\t\t\t\t\t\t<p><img loading=\"lazy\" class=\"size-medium wp-image-1695 alignleft\" src=\"http:\/\/marianistestg.org\/wp-content\/uploads\/2019\/01\/christian-clipart-free-prayx1-300x237.gif\" alt=\"\" width=\"300\" height=\"237\" \/>La pri\u00e8re est une pratique centrale dans la vie du Religieux Marianiste, en particulier l&#8217;<strong>oraison<\/strong> ou <strong>pri\u00e8re silencieuse<\/strong>. Nous y m\u00e9ditons quotidiennement la vie du Christ afin de nous y fusionner. Par la pri\u00e8re, nous \u00e9coutons la voix du Seigneur qui nous appelle \u00e0 lui. L&#8217;oraison est le miroir par lequel nous jaugeons notre conformit\u00e9 au Christ.<\/p>\t\t\t\t\t\t<\/div>\n\t\t\t\t<\/div>\n\t\t\t\t\t<\/div>\n\t\t<\/div>\n\t\t\t\t\t\t\t<\/div>\n\t\t<\/section>\n\t\t\t\t<section class=\"elementor-section elementor-top-section elementor-element elementor-element-13df9b6 elementor-section-boxed elementor-section-height-default elementor-section-height-default\" data-id=\"13df9b6\" data-element_type=\"section\">\n\t\t\t\t\t\t<div class=\"elementor-container elementor-column-gap-default\">\n\t\t\t\t\t<div class=\"elementor-column elementor-col-100 elementor-top-column elementor-element elementor-element-1adfc16\" data-id=\"1adfc16\" data-element_type=\"column\">\n\t\t\t<div class=\"elementor-widget-wrap elementor-element-populated\">\n\t\t\t\t\t\t\t\t<div class=\"elementor-element elementor-element-44698c9 elementor-widget elementor-widget-heading\" data-id=\"44698c9\" data-element_type=\"widget\" data-widget_type=\"heading.default\">\n\t\t\t\t<div class=\"elementor-widget-container\">\n\t\t\t<h2 class=\"elementor-heading-title elementor-size-medium\">Education de la Foi<\/h2>\t\t<\/div>\n\t\t\t\t<\/div>\n\t\t\t\t\t<\/div>\n\t\t<\/div>\n\t\t\t\t\t\t\t<\/div>\n\t\t<\/section>\n\t\t\t\t<section class=\"elementor-section elementor-top-section elementor-element elementor-element-9f117e0 elementor-section-boxed elementor-section-height-default elementor-section-height-default\" data-id=\"9f117e0\" data-element_type=\"section\">\n\t\t\t\t\t\t<div class=\"elementor-container elementor-column-gap-default\">\n\t\t\t\t\t<div class=\"elementor-column elementor-col-100 elementor-top-column elementor-element elementor-element-919221b\" data-id=\"919221b\" data-element_type=\"column\">\n\t\t\t<div class=\"elementor-widget-wrap elementor-element-populated\">\n\t\t\t\t\t\t\t\t<div class=\"elementor-element elementor-element-537df69 elementor-widget elementor-widget-text-editor\" data-id=\"537df69\" data-element_type=\"widget\" data-widget_type=\"text-editor.default\">\n\t\t\t\t<div class=\"elementor-widget-container\">\n\t\t\t\t\t\t\t<p><img loading=\"lazy\" class=\"size-medium wp-image-1696 alignleft\" src=\"http:\/\/marianistestg.org\/wp-content\/uploads\/2019\/01\/faith-education-300x232.png\" alt=\"\" width=\"300\" height=\"232\" srcset=\"https:\/\/marianistestg.org\/wp-content\/uploads\/2019\/01\/faith-education-300x232.png 300w, https:\/\/marianistestg.org\/wp-content\/uploads\/2019\/01\/faith-education.png 500w\" sizes=\"(max-width: 300px) 100vw, 300px\" \/>Les Religieux Marianistes du Togo expriment leur foi et la propagent principalement \u00e0 travers l&#8217;<strong>\u00e9ducation int\u00e9grale de la personne<\/strong>. Nous formons les coeurs \u00e0 la crainte du Seigneur et \u00e0 l&#8217;amour du prochain, les corps\u00a0 \u00e0 une mat\u00fbrit\u00e9 optimale, et les esprits pour relever les d\u00e9fis de notre temps dans les domaines de la science et la culture, la justice sociale et les droits de l&#8217;homme, le patriotisme et civisme.\u00a0<\/p>\t\t\t\t\t\t<\/div>\n\t\t\t\t<\/div>\n\t\t\t\t\t<\/div>\n\t\t<\/div>\n\t\t\t\t\t\t\t<\/div>\n\t\t<\/section>\n\t\t\t\t<section class=\"elementor-section elementor-top-section elementor-element elementor-element-0a8f9d3 elementor-section-boxed elementor-section-height-default elementor-section-height-default\" data-id=\"0a8f9d3\" data-element_type=\"section\">\n\t\t\t\t\t\t<div class=\"elementor-container elementor-column-gap-default\">\n\t\t\t\t\t<div class=\"elementor-column elementor-col-100 elementor-top-column elementor-element elementor-element-454d6b1\" data-id=\"454d6b1\" data-element_type=\"column\">\n\t\t\t<div class=\"elementor-widget-wrap elementor-element-populated\">\n\t\t\t\t\t\t\t\t<div class=\"elementor-element elementor-element-b5cd189 elementor-widget elementor-widget-heading\" data-id=\"b5cd189\" data-element_type=\"widget\" data-widget_type=\"heading.default\">\n\t\t\t\t<div class=\"elementor-widget-container\">\n\t\t\t<h2 class=\"elementor-heading-title elementor-size-medium\">Vierge Marie<\/h2>\t\t<\/div>\n\t\t\t\t<\/div>\n\t\t\t\t\t<\/div>\n\t\t<\/div>\n\t\t\t\t\t\t\t<\/div>\n\t\t<\/section>\n\t\t\t\t<section class=\"elementor-section elementor-top-section elementor-element elementor-element-47b2ab2 elementor-section-boxed elementor-section-height-default elementor-section-height-default\" data-id=\"47b2ab2\" data-element_type=\"section\">\n\t\t\t\t\t\t<div class=\"elementor-container elementor-column-gap-default\">\n\t\t\t\t\t<div class=\"elementor-column elementor-col-100 elementor-top-column elementor-element elementor-element-4afcc59\" data-id=\"4afcc59\" data-element_type=\"column\">\n\t\t\t<div class=\"elementor-widget-wrap elementor-element-populated\">\n\t\t\t\t\t\t\t\t<div class=\"elementor-element elementor-element-7ba2aa8 elementor-widget elementor-widget-text-editor\" data-id=\"7ba2aa8\" data-element_type=\"widget\" data-widget_type=\"text-editor.default\">\n\t\t\t\t<div class=\"elementor-widget-container\">\n\t\t\t\t\t\t\t<p><img loading=\"lazy\" class=\"size-medium wp-image-1715 alignleft\" src=\"http:\/\/marianistestg.org\/wp-content\/uploads\/2019\/01\/mary-clipart-1-300x297.jpg\" alt=\"\" width=\"300\" height=\"297\" srcset=\"https:\/\/marianistestg.org\/wp-content\/uploads\/2019\/01\/mary-clipart-1-300x297.jpg 300w, https:\/\/marianistestg.org\/wp-content\/uploads\/2019\/01\/mary-clipart-1-150x150.jpg 150w, https:\/\/marianistestg.org\/wp-content\/uploads\/2019\/01\/mary-clipart-1.jpg 600w\" sizes=\"(max-width: 300px) 100vw, 300px\" \/>Le Religieux Marianiste adopte <strong>Marie<\/strong>, la bienheureuse m\u00e8re de notre Sauveur comme sa m\u00e8re et son mod\u00e8le. Elle nous prot\u00e8ge de son manteau virginal et nous assiste dans chacun des pas de notre vie. Nous la prenons comme mod\u00e8le de<strong> foi<\/strong>, de<strong> disponibilit\u00e9 \u00e0 Dieu<\/strong>, de <strong>pri\u00e8re<\/strong> et de <strong>vie de vertus<\/strong>. Nous lui accordons une d\u00e9votion particuli\u00e8re.<\/p>\t\t\t\t\t\t<\/div>\n\t\t\t\t<\/div>\n\t\t\t\t\t<\/div>\n\t\t<\/div>\n\t\t\t\t\t\t\t<\/div>\n\t\t<\/section>\n\t\t\t\t\t\t\t<\/div>\n\t\t","protected":false},"excerpt":{"rendered":"<div class=\"mh-excerpt\"><p>Centr\u00e9s en Christ La vie du Religieux Marianiste est centr\u00e9e en Christ dont nous portons l&#8217;\u00e9tandard. A la suite des Disciples, nous perp\u00e9tuons la premi\u00e8re <a class=\"mh-excerpt-more\" href=\"https:\/\/marianistestg.org\/?page_id=1392\" title=\"Spiritualit\u00e9\">[&#8230;]<\/a><\/p>\n<\/div>","protected":false},"author":1,"featured_media":0,"parent":0,"menu_order":0,"comment_status":"closed","ping_status":"closed","template":"","meta":[],"categories":[4],"tags":[],"_links":{"self":[{"href":"https:\/\/marianistestg.org\/index.php?rest_route=\/wp\/v2\/pages\/1392"}],"collection":[{"href":"https:\/\/marianistestg.org\/index.php?rest_route=\/wp\/v2\/pages"}],"about":[{"href":"https:\/\/marianistestg.org\/index.php?rest_route=\/wp\/v2\/types\/page"}],"author":[{"embeddable":true,"href":"https:\/\/marianistestg.org\/index.php?rest_route=\/wp\/v2\/users\/1"}],"replies":[{"embeddable":true,"href":"https:\/\/marianistestg.org\/index.php?rest_route=%2Fwp%2Fv2%2Fcomments&post=1392"}],"version-history":[{"count":17,"href":"https:\/\/marianistestg.org\/index.php?rest_route=\/wp\/v2\/pages\/1392\/revisions"}],"predecessor-version":[{"id":3160,"href":"https:\/\/marianistestg.org\/index.php?rest_route=\/wp\/v2\/pages\/1392\/revisions\/3160"}],"wp:attachment":[{"href":"https:\/\/marianistestg.org\/index.php?rest_route=%2Fwp%2Fv2%2Fmedia&parent=1392"}],"wp:term":[{"taxonomy":"category","embeddable":true,"href":"https:\/\/marianistestg.org\/index.php?rest_route=%2Fwp%2Fv2%2Fcategories&post=1392"},{"taxonomy":"post_tag","embeddable":true,"href":"https:\/\/marianistestg.org\/index.php?rest_route=%2Fwp%2Fv2%2Ftags&post=1392"}],"curies":[{"name":"wp","href":"https:\/\/api.w.org\/{rel}","templated":true}]}}