{"id":1373,"date":"2018-12-31T19:31:01","date_gmt":"2018-12-31T19:31:01","guid":{"rendered":"http:\/\/marianistestg.org\/?page_id=1373"},"modified":"2020-06-12T22:15:36","modified_gmt":"2020-06-13T03:15:36","slug":"identite","status":"publish","type":"page","link":"https:\/\/marianistestg.org\/?page_id=1373","title":{"rendered":"Identit\u00e9"},"content":{"rendered":"\t\t<div data-elementor-type=\"wp-post\" data-elementor-id=\"1373\" class=\"elementor elementor-1373\">\n\t\t\t\t\t\t\t\t\t<section class=\"elementor-section elementor-top-section elementor-element elementor-element-95d8c0c elementor-section-boxed elementor-section-height-default elementor-section-height-default\" data-id=\"95d8c0c\" data-element_type=\"section\">\n\t\t\t\t\t\t<div class=\"elementor-container elementor-column-gap-default\">\n\t\t\t\t\t<div class=\"elementor-column elementor-col-100 elementor-top-column elementor-element elementor-element-d08a363\" data-id=\"d08a363\" data-element_type=\"column\">\n\t\t\t<div class=\"elementor-widget-wrap elementor-element-populated\">\n\t\t\t\t\t\t\t\t<div class=\"elementor-element elementor-element-99ff3f0 elementor-widget elementor-widget-heading\" data-id=\"99ff3f0\" data-element_type=\"widget\" data-widget_type=\"heading.default\">\n\t\t\t\t<div class=\"elementor-widget-container\">\n\t\t\t<h2 class=\"elementor-heading-title elementor-size-default\">Tout \u00e0 Dieu, par Marie, avec Chaminade<\/h2>\t\t<\/div>\n\t\t\t\t<\/div>\n\t\t\t\t\t<\/div>\n\t\t<\/div>\n\t\t\t\t\t\t\t<\/div>\n\t\t<\/section>\n\t\t\t\t<section class=\"elementor-section elementor-top-section elementor-element elementor-element-55feb7f elementor-section-boxed elementor-section-height-default elementor-section-height-default\" data-id=\"55feb7f\" data-element_type=\"section\">\n\t\t\t\t\t\t<div class=\"elementor-container elementor-column-gap-default\">\n\t\t\t\t\t<div class=\"elementor-column elementor-col-100 elementor-top-column elementor-element elementor-element-540772e\" data-id=\"540772e\" data-element_type=\"column\">\n\t\t\t<div class=\"elementor-widget-wrap elementor-element-populated\">\n\t\t\t\t\t\t\t\t<div class=\"elementor-element elementor-element-0519778 elementor-widget elementor-widget-text-editor\" data-id=\"0519778\" data-element_type=\"widget\" data-widget_type=\"text-editor.default\">\n\t\t\t\t<div class=\"elementor-widget-container\">\n\t\t\t\t\t\t\t<p><img loading=\"lazy\" class=\"wp-image-1651 size-medium alignleft\" src=\"http:\/\/marianistestg.org\/wp-content\/uploads\/2019\/01\/Marianist-Cross-MonoChrome-Web-241x300.jpg\" alt=\"\" width=\"241\" height=\"300\" \/>Bienvenue sur la page des Fr\u00e8res Marianistes de la R\u00e9gion du Togo. Vous aurez l&#8217;occasion de d\u00e9couvrir plus de 200 ans d&#8217;histoire et d&#8217;h\u00e9ritage laiss\u00e9s par le Bienheureux P\u00e8re Chaminade au Monde et \u00e0 l&#8217;Eglise.<\/p><p>Aujourd&#8217;hui les Fr\u00e8res Marianistes sont pr\u00e9sents dans plus d&#8217;une trentaine de pays en Europe, aux Am\u00e9riques, en Afrique et en Asie, o\u00f9 ils participent \u00e0 l&#8217;\u00e9vang\u00e9lisation, \u00e0 l&#8217;\u00e9ducation et \u00e0 la proximit\u00e9 d&#8217;avec les plus d\u00e9favoris\u00e9s.<\/p><p>Au Togo, les Marianistes animent plusieurs oeuvres dont trois \u00e9coles, une ferme agricole et un centre d&#8217;accueil.<\/p>\t\t\t\t\t\t<\/div>\n\t\t\t\t<\/div>\n\t\t\t\t\t<\/div>\n\t\t<\/div>\n\t\t\t\t\t\t\t<\/div>\n\t\t<\/section>\n\t\t\t\t\t\t\t<\/div>\n\t\t","protected":false},"excerpt":{"rendered":"<div class=\"mh-excerpt\"><p>Tout \u00e0 Dieu, par Marie, avec Chaminade Bienvenue sur la page des Fr\u00e8res Marianistes de la R\u00e9gion du Togo. Vous aurez l&#8217;occasion de d\u00e9couvrir plus <a class=\"mh-excerpt-more\" href=\"https:\/\/marianistestg.org\/?page_id=1373\" title=\"Identit\u00e9\">[&#8230;]<\/a><\/p>\n<\/div>","protected":false},"author":1,"featured_media":0,"parent":0,"menu_order":0,"comment_status":"closed","ping_status":"closed","template":"","meta":[],"categories":[],"tags":[],"_links":{"self":[{"href":"https:\/\/marianistestg.org\/index.php?rest_route=\/wp\/v2\/pages\/1373"}],"collection":[{"href":"https:\/\/marianistestg.org\/index.php?rest_route=\/wp\/v2\/pages"}],"about":[{"href":"https:\/\/marianistestg.org\/index.php?rest_route=\/wp\/v2\/types\/page"}],"author":[{"embeddable":true,"href":"https:\/\/marianistestg.org\/index.php?rest_route=\/wp\/v2\/users\/1"}],"replies":[{"embeddable":true,"href":"https:\/\/marianistestg.org\/index.php?rest_route=%2Fwp%2Fv2%2Fcomments&post=1373"}],"version-history":[{"count":24,"href":"https:\/\/marianistestg.org\/index.php?rest_route=\/wp\/v2\/pages\/1373\/revisions"}],"predecessor-version":[{"id":2711,"href":"https:\/\/marianistestg.org\/index.php?rest_route=\/wp\/v2\/pages\/1373\/revisions\/2711"}],"wp:attachment":[{"href":"https:\/\/marianistestg.org\/index.php?rest_route=%2Fwp%2Fv2%2Fmedia&parent=1373"}],"wp:term":[{"taxonomy":"category","embeddable":true,"href":"https:\/\/marianistestg.org\/index.php?rest_route=%2Fwp%2Fv2%2Fcategories&post=1373"},{"taxonomy":"post_tag","embeddable":true,"href":"https:\/\/marianistestg.org\/index.php?rest_route=%2Fwp%2Fv2%2Ftags&post=1373"}],"curies":[{"name":"wp","href":"https:\/\/api.w.org\/{rel}","templated":true}]}}